{"id":413,"date":"2025-03-10T14:42:55","date_gmt":"2025-03-10T13:42:55","guid":{"rendered":"https:\/\/actionmall.act.at\/shop\/663\/?post_type=product&#038;p=413"},"modified":"2026-02-09T11:52:07","modified_gmt":"2026-02-09T10:52:07","slug":"fressnapf-keramik-weiss-20cm","status":"publish","type":"product","link":"https:\/\/actionmall.act.at\/shop\/663\/produkt\/fressnapf-keramik-weiss-20cm\/","title":{"rendered":"Fressnapf Keramik, wei\u00df 20cm"},"content":{"rendered":"<p>Ein klassischer Keramikfressnapf mit Hochglanzlasur von bester Qualit\u00e4t f\u00fcr alle Hunde. Und damit auch jeder Hund die richtige Portion bekommt, gibt es den Fressnapf auch in vier verschiedenen Gr\u00f6\u00dfen. Die Lasur ist garantiert sp\u00fclmaschinenfest, sowie geruchs- und geschmacksneutral. Der robuste Fressnapf ist f\u00fcr Trocken- und Nassfutter, sowie als Wasser ideal geeignet.<\/p>\n","protected":false},"excerpt":{"rendered":"<p>Ein klassischer Keramikfressnapf mit Hochglanzlasur von bester Qualit\u00e4t f\u00fcr alle Hunde. Und damit auch jeder Hund die richtige Portion bekommt, gibt es den Fressnapf auch in vier verschiedenen Gr\u00f6\u00dfen. Die Lasur ist garantiert sp\u00fclmaschinenfest, sowie geruchs- und geschmacksneutral. Der robuste Fressnapf ist f\u00fcr Trocken- und Nassfutter, sowie als Wasser ideal geeignet.<\/p>\n","protected":false},"featured_media":422,"template":"","meta":[],"product_cat":[],"product_tag":[],"class_list":{"0":"post-413","1":"product","2":"type-product","3":"status-publish","4":"has-post-thumbnail","7":"first","8":"instock","9":"taxable","10":"shipping-taxable","11":"purchasable","12":"product-type-simple"},"_links":{"self":[{"href":"https:\/\/actionmall.act.at\/shop\/663\/wp-json\/wp\/v2\/product\/413"}],"collection":[{"href":"https:\/\/actionmall.act.at\/shop\/663\/wp-json\/wp\/v2\/product"}],"about":[{"href":"https:\/\/actionmall.act.at\/shop\/663\/wp-json\/wp\/v2\/types\/product"}],"wp:featuredmedia":[{"embeddable":true,"href":"https:\/\/actionmall.act.at\/shop\/663\/wp-json\/wp\/v2\/media\/422"}],"wp:attachment":[{"href":"https:\/\/actionmall.act.at\/shop\/663\/wp-json\/wp\/v2\/media?parent=413"}],"wp:term":[{"taxonomy":"product_cat","embeddable":true,"href":"https:\/\/actionmall.act.at\/shop\/663\/wp-json\/wp\/v2\/product_cat?post=413"},{"taxonomy":"product_tag","embeddable":true,"href":"https:\/\/actionmall.act.at\/shop\/663\/wp-json\/wp\/v2\/product_tag?post=413"}],"curies":[{"name":"wp","href":"https:\/\/api.w.org\/{rel}","templated":true}]}}