{"id":414,"date":"2025-03-10T14:42:52","date_gmt":"2025-03-10T13:42:52","guid":{"rendered":"https:\/\/actionmall.act.at\/shop\/663\/?post_type=product&#038;p=414"},"modified":"2026-02-09T11:53:19","modified_gmt":"2026-02-09T10:53:19","slug":"fressnapf-keramik-weiss-12cm-2","status":"publish","type":"product","link":"https:\/\/actionmall.act.at\/shop\/663\/produkt\/fressnapf-keramik-weiss-12cm-2\/","title":{"rendered":"Fressnapf Keramik, wei\u00df, 12cm"},"content":{"rendered":"<p>Fressnapf aus Keramik mit Hochglanzlasur f\u00fcr Hunde aller Gr\u00f6\u00dfen<\/p>\n<p>Produktinformationen:<br \/>\nEin klassischer Keramikfressnapf mit Hochglanzlasur von bester Qualit\u00e4t f\u00fcr alle Hunde. Und damit auch jeder Hund die richtige Portion bekommt, gibt es den Fressnapf auch in vier verschiedenen Gr\u00f6\u00dfen. Die Lasur ist garantiert sp\u00fclmaschinenfest, sowie geruchs- und geschmacksneutral. Der robuste Fressnapf ist f\u00fcr Trocken- und Nassfutter, sowie als Wasser ideal geeignet.<\/p>\n<p>&#8212;&#8212;&#8212;&#8212;&#8212;&#8212;&#8212;&#8212;&#8212;&#8212;&#8212;&#8212;&#8212;&#8212;&#8212;&#8212;&#8212;&#8212;&#8212;&#8212;&#8212;&#8212;&#8212;&#8212;&#8212;&#8212;&#8212;&#8212;&#8212;&#8212;&#8212;&#8212;&#8212;&#8212;&#8212;&#8212;&#8212;&#8212;&#8212;&#8212;&#8212;&#8212;&#8212;&#8212;&#8212;&#8212;&#8212;&#8212;&#8212;&#8212;&#8212;&#8212;&#8212;&#8212;&#8212;&#8212;&#8212;&#8212;&#8212;&#8212;&#8212;&#8212;&#8212;&#8212;&#8212;&#8212;&#8212;&#8212;&#8212;&#8212;&#8212;&#8212;&#8212;&#8212;&#8212;&#8212;&#8212;&#8212;&#8212;&#8212;&#8212;&#8212;&#8212;&#8212;&#8212;&#8212;&#8212;&#8212;&#8212;&#8212;&#8212;&#8212;&#8211;<\/p>\n<p>Feeding bowl made of high gloss pottery (ceramics) for dogs of all sizes<\/p>\n<p>A classic feeding dish made of high gloss pottery of best quality for all dogs.<br \/>\nIn order that every dog gets its right portion there are feeding bowls in four different sizes.<br \/>\nThe glaze is dishwasher safe as well as odour free and tasteless. This robust feeding bowl is ideal for dry food as well as canned food and water.<\/p>\n","protected":false},"excerpt":{"rendered":"<p>Fressnapf aus Keramik mit Hochglanzlasur f\u00fcr Hunde aller Gr\u00f6\u00dfen Produktinformationen: Ein klassischer Keramikfressnapf mit Hochglanzlasur von bester Qualit\u00e4t f\u00fcr alle Hunde. Und damit auch jeder Hund die richtige Portion bekommt, gibt es den Fressnapf auch in vier verschiedenen Gr\u00f6\u00dfen. Die Lasur ist garantiert sp\u00fclmaschinenfest, sowie geruchs- und geschmacksneutral. Der robuste Fressnapf ist f\u00fcr Trocken- und [&hellip;]<\/p>\n","protected":false},"featured_media":424,"template":"","meta":[],"product_cat":[],"product_tag":[],"class_list":{"0":"post-414","1":"product","2":"type-product","3":"status-publish","4":"has-post-thumbnail","7":"first","8":"instock","9":"taxable","10":"shipping-taxable","11":"purchasable","12":"product-type-simple"},"_links":{"self":[{"href":"https:\/\/actionmall.act.at\/shop\/663\/wp-json\/wp\/v2\/product\/414"}],"collection":[{"href":"https:\/\/actionmall.act.at\/shop\/663\/wp-json\/wp\/v2\/product"}],"about":[{"href":"https:\/\/actionmall.act.at\/shop\/663\/wp-json\/wp\/v2\/types\/product"}],"wp:featuredmedia":[{"embeddable":true,"href":"https:\/\/actionmall.act.at\/shop\/663\/wp-json\/wp\/v2\/media\/424"}],"wp:attachment":[{"href":"https:\/\/actionmall.act.at\/shop\/663\/wp-json\/wp\/v2\/media?parent=414"}],"wp:term":[{"taxonomy":"product_cat","embeddable":true,"href":"https:\/\/actionmall.act.at\/shop\/663\/wp-json\/wp\/v2\/product_cat?post=414"},{"taxonomy":"product_tag","embeddable":true,"href":"https:\/\/actionmall.act.at\/shop\/663\/wp-json\/wp\/v2\/product_tag?post=414"}],"curies":[{"name":"wp","href":"https:\/\/api.w.org\/{rel}","templated":true}]}}