{"id":417,"date":"2025-03-10T14:42:53","date_gmt":"2025-03-10T13:42:53","guid":{"rendered":"https:\/\/actionmall.act.at\/shop\/663\/?post_type=product&#038;p=417"},"modified":"2026-03-16T10:58:57","modified_gmt":"2026-03-16T09:58:57","slug":"bio-kauknochen-350-g-2-stueck-a-20-cm","status":"publish","type":"product","link":"https:\/\/actionmall.act.at\/shop\/663\/produkt\/bio-kauknochen-350-g-2-stueck-a-20-cm\/","title":{"rendered":"BIO Kauknochen, 350 g, 2 St\u00fcck \u00e1 20 cm"},"content":{"rendered":"<p>Das Pansenmehl hat eine probiotische Wirkung auf den Hund, da das Mehl sich aus vielen positiven Bestandteilen wie Kalium, Natrium und Eisen zusammensetzt. Durch die Rinderhaut wird der t\u00e4gliche Proteinbedarf Ihres Vierbeiners abgedeckt, w\u00e4hrend die Pansen den Appetit anregen. Die Kauknochen erg\u00e4nzen den t\u00e4glichen Speiseplan Ihres Lieblings optimal: Durch die knackige Rinderhaut f\u00f6rdern die \u201eJohnnies Knochen\u201c den nat\u00fcrlichen Zahnabrieb und die St\u00e4rkung des Hundegebisses. Frei von Aroma-, Farb- und Konservierungsstoffen, ergibt der biologisch fundierte Leckerbissen ein durchwegs gesundheitsf\u00f6rderndes Produkt. Knabbern, kauen, nagen geh\u00f6ren zum Alltag eines jeden Hundes. Dadurch wird ein typischer Urinstinkt des Haustieres geweckt bzw. anhand eines nat\u00fcrlichen, wohlschmeckenden Kausnacks befriedigt.<\/p>\n<p>97 % Rinderhaut, 3 % Pansenmehl<\/p>\n","protected":false},"excerpt":{"rendered":"<p>Das Pansenmehl hat eine probiotische Wirkung auf den Hund, da das Mehl sich aus vielen positiven Bestandteilen wie Kalium, Natrium und Eisen zusammensetzt. Durch die Rinderhaut wird der t\u00e4gliche Proteinbedarf Ihres Vierbeiners abgedeckt, w\u00e4hrend die Pansen den Appetit anregen. Die Kauknochen erg\u00e4nzen den t\u00e4glichen Speiseplan Ihres Lieblings optimal: Durch die knackige Rinderhaut f\u00f6rdern die \u201eJohnnies [&hellip;]<\/p>\n","protected":false},"featured_media":425,"template":"","meta":[],"product_cat":[34],"product_tag":[],"class_list":{"0":"post-417","1":"product","2":"type-product","3":"status-publish","4":"has-post-thumbnail","6":"product_cat-autos-und-fahrzeuge","8":"first","9":"instock","10":"taxable","11":"shipping-taxable","12":"purchasable","13":"product-type-simple"},"_links":{"self":[{"href":"https:\/\/actionmall.act.at\/shop\/663\/wp-json\/wp\/v2\/product\/417"}],"collection":[{"href":"https:\/\/actionmall.act.at\/shop\/663\/wp-json\/wp\/v2\/product"}],"about":[{"href":"https:\/\/actionmall.act.at\/shop\/663\/wp-json\/wp\/v2\/types\/product"}],"wp:featuredmedia":[{"embeddable":true,"href":"https:\/\/actionmall.act.at\/shop\/663\/wp-json\/wp\/v2\/media\/425"}],"wp:attachment":[{"href":"https:\/\/actionmall.act.at\/shop\/663\/wp-json\/wp\/v2\/media?parent=417"}],"wp:term":[{"taxonomy":"product_cat","embeddable":true,"href":"https:\/\/actionmall.act.at\/shop\/663\/wp-json\/wp\/v2\/product_cat?post=417"},{"taxonomy":"product_tag","embeddable":true,"href":"https:\/\/actionmall.act.at\/shop\/663\/wp-json\/wp\/v2\/product_tag?post=417"}],"curies":[{"name":"wp","href":"https:\/\/api.w.org\/{rel}","templated":true}]}}