{"id":420,"date":"2025-03-10T14:42:56","date_gmt":"2025-03-10T13:42:56","guid":{"rendered":"https:\/\/actionmall.act.at\/shop\/663\/?post_type=product&#038;p=420"},"modified":"2026-03-16T11:00:23","modified_gmt":"2026-03-16T10:00:23","slug":"bio-trockenfutter-huhn-5000g","status":"publish","type":"product","link":"https:\/\/actionmall.act.at\/shop\/663\/produkt\/bio-trockenfutter-huhn-5000g\/","title":{"rendered":"BIO Trockenfutter Huhn, Beutel 5kg"},"content":{"rendered":"<p>Exquisites Trockenfutter mit hochwertigem Gefl\u00fcgel, frischem Obst aus der Region und ausgesuchten Kr\u00e4utern. Dieses biologisch basierte Alleinfuttermittel deckt den t\u00e4glichen Bedarf Ihres Hundes an essentiellen Vitaminen und N\u00e4hrstoffen und st\u00e4rkt das Immunsystem. 73% Huhn, 7% S\u00fc\u00dfkartoffel, 3,5% Spirulina, Leinsamen, Spinatpulver, Brokkoli, Karotten, Himbeeren, Rosmarin, L\u00f6wenzahn, Brennnessel, Koriander, Basilikum, hydrolysiertes Protein.<\/p>\n","protected":false},"excerpt":{"rendered":"<p>Exquisites Trockenfutter mit hochwertigem Gefl\u00fcgel, frischem Obst aus der Region und ausgesuchten Kr\u00e4utern. Dieses biologisch basierte Alleinfuttermittel deckt den t\u00e4glichen Bedarf Ihres Hundes an essentiellen Vitaminen und N\u00e4hrstoffen und st\u00e4rkt das Immunsystem. 73% Huhn, 7% S\u00fc\u00dfkartoffel, 3,5% Spirulina, Leinsamen, Spinatpulver, Brokkoli, Karotten, Himbeeren, Rosmarin, L\u00f6wenzahn, Brennnessel, Koriander, Basilikum, hydrolysiertes Protein.<\/p>\n","protected":false},"featured_media":421,"template":"","meta":[],"product_cat":[34],"product_tag":[],"class_list":{"0":"post-420","1":"product","2":"type-product","3":"status-publish","4":"has-post-thumbnail","6":"product_cat-autos-und-fahrzeuge","8":"first","9":"instock","10":"taxable","11":"shipping-taxable","12":"purchasable","13":"product-type-simple"},"_links":{"self":[{"href":"https:\/\/actionmall.act.at\/shop\/663\/wp-json\/wp\/v2\/product\/420"}],"collection":[{"href":"https:\/\/actionmall.act.at\/shop\/663\/wp-json\/wp\/v2\/product"}],"about":[{"href":"https:\/\/actionmall.act.at\/shop\/663\/wp-json\/wp\/v2\/types\/product"}],"wp:featuredmedia":[{"embeddable":true,"href":"https:\/\/actionmall.act.at\/shop\/663\/wp-json\/wp\/v2\/media\/421"}],"wp:attachment":[{"href":"https:\/\/actionmall.act.at\/shop\/663\/wp-json\/wp\/v2\/media?parent=420"}],"wp:term":[{"taxonomy":"product_cat","embeddable":true,"href":"https:\/\/actionmall.act.at\/shop\/663\/wp-json\/wp\/v2\/product_cat?post=420"},{"taxonomy":"product_tag","embeddable":true,"href":"https:\/\/actionmall.act.at\/shop\/663\/wp-json\/wp\/v2\/product_tag?post=420"}],"curies":[{"name":"wp","href":"https:\/\/api.w.org\/{rel}","templated":true}]}}