{"id":439,"date":"2025-03-10T14:42:52","date_gmt":"2025-03-10T13:42:52","guid":{"rendered":"https:\/\/actionmall.act.at\/shop\/663\/?post_type=product&#038;p=439"},"modified":"2026-03-16T10:50:58","modified_gmt":"2026-03-16T09:50:58","slug":"bio-vitapower-dentalsticks-175-g","status":"publish","type":"product","link":"https:\/\/actionmall.act.at\/shop\/663\/produkt\/bio-vitapower-dentalsticks-175-g\/","title":{"rendered":"BIO VitaPower Dentalsticks, 175 g"},"content":{"rendered":"<p>Die nachhaltig und biologisch produzierten Dentalsticks, ergeben einen gleichsam gesunden wie wohlschmeckenden Snack f\u00fcr Zwischendurch. Geeignet sind die mittelgro\u00dfen Sticks f\u00fcr ausgewachsene Hunde aller Rassen.<\/p>\n<p>3-in-1 VitaPower Dentalsticks sind sowohl frei von chemischen Zusatzstoffen, als auch von pflanzlichen sowie tierischen Nebenerzeugnissen. Das Produkt enth\u00e4lt keinen k\u00fcnstlichen Zuckerersatz bzw. keine Getreidebeimengungen.<\/p>\n<p>Die einzigartige Form der 3-in-1 VitaPower Dentalsticks, helfen den Zahnstein deutlich zu reduzieren. Bei t\u00e4glicher F\u00fctterung kann der Zahnstein bis zu 80 % vermindert werden.<\/p>\n<p>Aufgrund der flexiblen und z\u00e4hen Konsistenz der Sticks, wird eine langanhaltende Kaudauer gew\u00e4hrleistet. Diese regt den Speichelfluss des Hundes zur Kariesbek\u00e4mpfung an und st\u00e4rkt dar\u00fcber hinaus die Gebissmuskulatur Ihres Vierbeiners.<\/p>\n<p>80 % Huhn, 10 % Rind, Algen, Quinoa, getrocknete Datteln, Kokos\u00f6l, Oliven\u00f6l.<\/p>\n<p>|*\u00c4pfel (Rot) |*Bananen (Gelb) |*Spinat (Gr\u00fcn) |*Nektarinen (Rosa)|*Brombeeren (Blau)| |*Zwetschken (Lila) |*Ananas (Orange)|<\/p>\n","protected":false},"excerpt":{"rendered":"<p>Die nachhaltig und biologisch produzierten Dentalsticks, ergeben einen gleichsam gesunden wie wohlschmeckenden Snack f\u00fcr Zwischendurch. Geeignet sind die mittelgro\u00dfen Sticks f\u00fcr ausgewachsene Hunde aller Rassen. 3-in-1 VitaPower Dentalsticks sind sowohl frei von chemischen Zusatzstoffen, als auch von pflanzlichen sowie tierischen Nebenerzeugnissen. Das Produkt enth\u00e4lt keinen k\u00fcnstlichen Zuckerersatz bzw. keine Getreidebeimengungen. Die einzigartige Form der 3-in-1 [&hellip;]<\/p>\n","protected":false},"featured_media":444,"template":"","meta":[],"product_cat":[34],"product_tag":[],"class_list":{"0":"post-439","1":"product","2":"type-product","3":"status-publish","4":"has-post-thumbnail","6":"product_cat-autos-und-fahrzeuge","8":"first","9":"instock","10":"taxable","11":"shipping-taxable","12":"purchasable","13":"product-type-simple"},"_links":{"self":[{"href":"https:\/\/actionmall.act.at\/shop\/663\/wp-json\/wp\/v2\/product\/439"}],"collection":[{"href":"https:\/\/actionmall.act.at\/shop\/663\/wp-json\/wp\/v2\/product"}],"about":[{"href":"https:\/\/actionmall.act.at\/shop\/663\/wp-json\/wp\/v2\/types\/product"}],"wp:featuredmedia":[{"embeddable":true,"href":"https:\/\/actionmall.act.at\/shop\/663\/wp-json\/wp\/v2\/media\/444"}],"wp:attachment":[{"href":"https:\/\/actionmall.act.at\/shop\/663\/wp-json\/wp\/v2\/media?parent=439"}],"wp:term":[{"taxonomy":"product_cat","embeddable":true,"href":"https:\/\/actionmall.act.at\/shop\/663\/wp-json\/wp\/v2\/product_cat?post=439"},{"taxonomy":"product_tag","embeddable":true,"href":"https:\/\/actionmall.act.at\/shop\/663\/wp-json\/wp\/v2\/product_tag?post=439"}],"curies":[{"name":"wp","href":"https:\/\/api.w.org\/{rel}","templated":true}]}}