{"id":745,"date":"2025-03-10T14:42:50","date_gmt":"2025-03-10T13:42:50","guid":{"rendered":"https:\/\/actionmall.act.at\/shop\/663\/?post_type=product&#038;p=745"},"modified":"2026-03-16T11:02:44","modified_gmt":"2026-03-16T10:02:44","slug":"bio-lammohren-150g","status":"publish","type":"product","link":"https:\/\/actionmall.act.at\/shop\/663\/produkt\/bio-lammohren-150g\/","title":{"rendered":"BIO Lammohren, 150g"},"content":{"rendered":"<p>Luftgetrocknete Lammteile aus artgerechter Tierhaltung aus der Region<\/p>\n<p>Bio-Lamm 100% Ohren* (*aus biologischer Haltung)<\/p>\n<p>Produktinformation:<br \/>\nLeckerlis in BIO-Qualit\u00e4t als Erg\u00e4nzung f\u00fcr alle Hunde aller Gr\u00f6\u00dfen und Rassen mit hohem Fleischanteil und hochwertigen Zutaten aus artgerechter Tierhaltung. Garantiert getreidefrei! Die leckeren, vollwertigen und abwechslungsreichen Hundesnacks und Leckerlis sind ohne Zus\u00e4tze wie k\u00fcnstliche Vitamine, F\u00fcllstoffe, Bindemittel oder Tiermehle.<\/p>\n<p>Inhaltsstoffe: Rohprotein 80,0 %, Rohfett 7,9 %, Rohasche 4,6 %, Feuchte 9,8 %.<\/p>\n<p>&#8212;&#8212;&#8212;&#8212;&#8212;&#8212;&#8212;&#8212;&#8212;&#8212;&#8212;&#8212;&#8212;&#8212;&#8212;&#8212;&#8212;&#8212;&#8212;&#8212;&#8212;&#8212;&#8212;&#8212;&#8212;&#8212;&#8212;&#8212;&#8212;&#8212;&#8212;&#8212;&#8212;&#8212;&#8212;&#8212;&#8212;&#8212;&#8212;&#8212;&#8212;&#8212;&#8212;&#8212;&#8212;&#8212;&#8212;&#8212;<br \/>\nAir-dried lamb parts from species-appropriate animal husbandry in the region<\/p>\n<p>100% organic lamb Ears*.<\/p>\n<p>Product information:<br \/>\nOrganic quality treats as a supplement for all dogs of all sizes and breeds with a high meat content and high-quality ingredients from species-appropriate animal husbandry. Guaranteed grain-free! The delicious, wholesome and varied dog snacks and treats are free of additives such as artificial vitamins, fillers, binding agents or animal meal.<\/p>\n<p>Ingredients: crude protein 80.0%, crude fat 7.9%, crude ash 4.6%, moisture 9.8%.<\/p>\n","protected":false},"excerpt":{"rendered":"<p>Luftgetrocknete Lammteile aus artgerechter Tierhaltung aus der Region Bio-Lamm 100% Ohren* (*aus biologischer Haltung) Produktinformation: Leckerlis in BIO-Qualit\u00e4t als Erg\u00e4nzung f\u00fcr alle Hunde aller Gr\u00f6\u00dfen und Rassen mit hohem Fleischanteil und hochwertigen Zutaten aus artgerechter Tierhaltung. Garantiert getreidefrei! Die leckeren, vollwertigen und abwechslungsreichen Hundesnacks und Leckerlis sind ohne Zus\u00e4tze wie k\u00fcnstliche Vitamine, F\u00fcllstoffe, Bindemittel oder [&hellip;]<\/p>\n","protected":false},"featured_media":748,"template":"","meta":[],"product_cat":[34],"product_tag":[],"class_list":{"0":"post-745","1":"product","2":"type-product","3":"status-publish","4":"has-post-thumbnail","6":"product_cat-autos-und-fahrzeuge","8":"first","9":"instock","10":"taxable","11":"shipping-taxable","12":"purchasable","13":"product-type-simple"},"_links":{"self":[{"href":"https:\/\/actionmall.act.at\/shop\/663\/wp-json\/wp\/v2\/product\/745"}],"collection":[{"href":"https:\/\/actionmall.act.at\/shop\/663\/wp-json\/wp\/v2\/product"}],"about":[{"href":"https:\/\/actionmall.act.at\/shop\/663\/wp-json\/wp\/v2\/types\/product"}],"wp:featuredmedia":[{"embeddable":true,"href":"https:\/\/actionmall.act.at\/shop\/663\/wp-json\/wp\/v2\/media\/748"}],"wp:attachment":[{"href":"https:\/\/actionmall.act.at\/shop\/663\/wp-json\/wp\/v2\/media?parent=745"}],"wp:term":[{"taxonomy":"product_cat","embeddable":true,"href":"https:\/\/actionmall.act.at\/shop\/663\/wp-json\/wp\/v2\/product_cat?post=745"},{"taxonomy":"product_tag","embeddable":true,"href":"https:\/\/actionmall.act.at\/shop\/663\/wp-json\/wp\/v2\/product_tag?post=745"}],"curies":[{"name":"wp","href":"https:\/\/api.w.org\/{rel}","templated":true}]}}