{"id":752,"date":"2025-03-10T14:42:51","date_gmt":"2025-03-10T13:42:51","guid":{"rendered":"https:\/\/actionmall.act.at\/shop\/663\/?post_type=product&#038;p=752"},"modified":"2026-03-16T10:50:32","modified_gmt":"2026-03-16T09:50:32","slug":"hundespielzeug-regenbogen","status":"publish","type":"product","link":"https:\/\/actionmall.act.at\/shop\/663\/produkt\/hundespielzeug-regenbogen\/","title":{"rendered":"Hundespielzeug Regenbogen"},"content":{"rendered":"<p>Hundespielzeug &#8222;Regenbogen&#8220;<\/p>\n<p>Spieltau mit 3 Knoten, bestehend aus 60% Baumwolle u. 40% Hanffasern, waschbar<\/p>\n<p>Hunde lieben das Spiel mit ihren Kr\u00e4ften. Beim Ziehen an einem Spieltau k\u00f6nnen Sie sich mit Ihrem Hund messen. Der Hund wird diese gemeinsame Zeit genie\u00dfen, aber er sollte nicht immer als Sieger aus dem Spiel hervorgehen.<\/p>\n<p>Das robuste und dennoch leichte Spieltau reinigt au\u00dferdem beim Spiel die Z\u00e4hne und Zahnzwischenr\u00e4ume durch nat\u00fcrliche Baumwollfasern.<\/p>\n<p>&#8212;&#8212;&#8212;&#8212;&#8212;&#8212;&#8212;&#8212;&#8212;&#8212;&#8212;&#8212;&#8212;&#8212;&#8212;&#8212;&#8212;&#8212;&#8212;&#8211;<br \/>\nDog Toy &#8222;Rainbow&#8220;<\/p>\n<p>Play rope with 3 knots, consisting of 60% cotton &#038; 40% hemp fibers, washable<\/p>\n<p>Dogs love to play with their powers. Pulling a play rope allows you to compete with your dog. The dog will enjoy this time together, but he should not always emerge victorious from the game.<\/p>\n<p>The robust yet lightweight play rope also cleans the teeth and interdental spaces with natural cotton fibres while playing.<\/p>\n","protected":false},"excerpt":{"rendered":"<p>Hundespielzeug &#8222;Regenbogen&#8220; Spieltau mit 3 Knoten, bestehend aus 60% Baumwolle u. 40% Hanffasern, waschbar Hunde lieben das Spiel mit ihren Kr\u00e4ften. Beim Ziehen an einem Spieltau k\u00f6nnen Sie sich mit Ihrem Hund messen. Der Hund wird diese gemeinsame Zeit genie\u00dfen, aber er sollte nicht immer als Sieger aus dem Spiel hervorgehen. Das robuste und dennoch [&hellip;]<\/p>\n","protected":false},"featured_media":753,"template":"","meta":[],"product_cat":[34],"product_tag":[],"class_list":{"0":"post-752","1":"product","2":"type-product","3":"status-publish","4":"has-post-thumbnail","6":"product_cat-autos-und-fahrzeuge","8":"first","9":"instock","10":"taxable","11":"shipping-taxable","12":"purchasable","13":"product-type-simple"},"_links":{"self":[{"href":"https:\/\/actionmall.act.at\/shop\/663\/wp-json\/wp\/v2\/product\/752"}],"collection":[{"href":"https:\/\/actionmall.act.at\/shop\/663\/wp-json\/wp\/v2\/product"}],"about":[{"href":"https:\/\/actionmall.act.at\/shop\/663\/wp-json\/wp\/v2\/types\/product"}],"wp:featuredmedia":[{"embeddable":true,"href":"https:\/\/actionmall.act.at\/shop\/663\/wp-json\/wp\/v2\/media\/753"}],"wp:attachment":[{"href":"https:\/\/actionmall.act.at\/shop\/663\/wp-json\/wp\/v2\/media?parent=752"}],"wp:term":[{"taxonomy":"product_cat","embeddable":true,"href":"https:\/\/actionmall.act.at\/shop\/663\/wp-json\/wp\/v2\/product_cat?post=752"},{"taxonomy":"product_tag","embeddable":true,"href":"https:\/\/actionmall.act.at\/shop\/663\/wp-json\/wp\/v2\/product_tag?post=752"}],"curies":[{"name":"wp","href":"https:\/\/api.w.org\/{rel}","templated":true}]}}