{"id":759,"date":"2025-03-10T14:42:51","date_gmt":"2025-03-10T13:42:51","guid":{"rendered":"https:\/\/actionmall.act.at\/shop\/663\/?post_type=product&#038;p=759"},"modified":"2026-03-16T10:57:35","modified_gmt":"2026-03-16T09:57:35","slug":"bio-kauknochen-500-g-10-stueck","status":"publish","type":"product","link":"https:\/\/actionmall.act.at\/shop\/663\/produkt\/bio-kauknochen-500-g-10-stueck\/","title":{"rendered":"BIO Kauknochen, 500 g, 5 St\u00fcck \u00e1 15 cm"},"content":{"rendered":"<p>Johnnies Kauknochen f\u00fcr den gesunden Zeitvertreib Ihres Hundes. Der hausinterne \u201eWau-Effekt\u201c: Wiederholte Kaubewegungen und die damit zusammenh\u00e4ngende Reibung f\u00f6rdern die Zahnhygiene. Robuste Rinderhaut f\u00fcr die gr\u00fcndliche Reinigung des Zahnsteins und dadurch deutlich verminderter Zahnbelag. Die z\u00e4he Konsistenz aufgrund einer speziellen Zusammensetzung garantiert einen langanhaltenden Speichelfluss.<\/p>\n<p>Das Pansenmehl hat eine probiotische Wirkung auf den Hund, da das Mehl sich aus vielen positiven Bestandteilen wie Kalium, Natrium und Eisen zusammensetzt. Durch die Rinderhaut wird der t\u00e4gliche Proteinbedarf Ihres Vierbeiners abgedeckt, w\u00e4hrend die Pansen den Appetit anregen. Die Kauknochen erg\u00e4nzen den t\u00e4glichen Speiseplan Ihres Lieblings optimal: Durch die knackige Rinderhaut f\u00f6rdern die \u201eJohnnies Knochen\u201c den nat\u00fcrlichen Zahnabrieb und die St\u00e4rkung des Hundegebisses. Frei von Aroma-, Farb- und Konservierungsstoffen, ergibt der biologisch fundierte Leckerbissen ein durchwegs gesundheitsf\u00f6rderndes Produkt. Knabbern, kauen, nagen geh\u00f6ren zum Alltag eines jeden Hundes. Dadurch wird ein typischer Urinstinkt des Haustieres geweckt bzw. anhand eines nat\u00fcrlichen, wohlschmeckenden Kausnacks befriedigt.<\/p>\n<p>97 % Rinderhaut, 3 % Pansenmehl<\/p>\n<p>Johnnie&#8217;s chew bones for a healthy pastime for your dog. The in-house \u201cwoof effect\u201d: repeated chewing movements and the associated friction promote dental hygiene. Robust cowhide for thorough cleaning of tartar and thus significantly reduced dental plaque. The viscous consistency due to a special composition guarantees a long-lasting flow of saliva.<br \/>\nThe rumen meal has a probiotic effect on the dog, as the meal is made up of many beneficial components such as potassium, sodium and iron. The beef hide covers your four-legged friend&#8217;s daily protein requirement, while the rumen stimulates the appetite. The chewy bones are the perfect addition to your pet&#8217;s daily diet: thanks to the crunchy beef skin, \u201cJohnnies Bones\u201d promote natural tooth abrasion and strengthen the dog&#8217;s teeth. Free from flavorings, colorings and preservatives, the biologically based treat is a thoroughly health-promoting product. Nibbling, chewing and gnawing are part of every dog&#8217;s everyday life. This awakens a typical primal instinct in pets and satisfies it with a natural, tasty chew.<\/p>\n<p>97 % beef hide, 3 % rumen meal<\/p>\n","protected":false},"excerpt":{"rendered":"<p>Johnnies Kauknochen f\u00fcr den gesunden Zeitvertreib Ihres Hundes. Der hausinterne \u201eWau-Effekt\u201c: Wiederholte Kaubewegungen und die damit zusammenh\u00e4ngende Reibung f\u00f6rdern die Zahnhygiene. Robuste Rinderhaut f\u00fcr die gr\u00fcndliche Reinigung des Zahnsteins und dadurch deutlich verminderter Zahnbelag. Die z\u00e4he Konsistenz aufgrund einer speziellen Zusammensetzung garantiert einen langanhaltenden Speichelfluss. Das Pansenmehl hat eine probiotische Wirkung auf den Hund, da [&hellip;]<\/p>\n","protected":false},"featured_media":760,"template":"","meta":[],"product_cat":[34],"product_tag":[],"class_list":{"0":"post-759","1":"product","2":"type-product","3":"status-publish","4":"has-post-thumbnail","6":"product_cat-autos-und-fahrzeuge","8":"first","9":"instock","10":"taxable","11":"shipping-taxable","12":"purchasable","13":"product-type-simple"},"_links":{"self":[{"href":"https:\/\/actionmall.act.at\/shop\/663\/wp-json\/wp\/v2\/product\/759"}],"collection":[{"href":"https:\/\/actionmall.act.at\/shop\/663\/wp-json\/wp\/v2\/product"}],"about":[{"href":"https:\/\/actionmall.act.at\/shop\/663\/wp-json\/wp\/v2\/types\/product"}],"wp:featuredmedia":[{"embeddable":true,"href":"https:\/\/actionmall.act.at\/shop\/663\/wp-json\/wp\/v2\/media\/760"}],"wp:attachment":[{"href":"https:\/\/actionmall.act.at\/shop\/663\/wp-json\/wp\/v2\/media?parent=759"}],"wp:term":[{"taxonomy":"product_cat","embeddable":true,"href":"https:\/\/actionmall.act.at\/shop\/663\/wp-json\/wp\/v2\/product_cat?post=759"},{"taxonomy":"product_tag","embeddable":true,"href":"https:\/\/actionmall.act.at\/shop\/663\/wp-json\/wp\/v2\/product_tag?post=759"}],"curies":[{"name":"wp","href":"https:\/\/api.w.org\/{rel}","templated":true}]}}