{"id":300,"date":"2026-03-24T13:05:00","date_gmt":"2026-03-24T12:05:00","guid":{"rendered":"https:\/\/actionmall.act.at\/shop\/679\/?post_type=product&#038;p=300"},"modified":"2026-04-07T13:47:14","modified_gmt":"2026-04-07T11:47:14","slug":"zeitmanagement-coaching","status":"publish","type":"product","link":"https:\/\/actionmall.act.at\/shop\/679\/en\/produkt\/zeitmanagement-coaching\/","title":{"rendered":"Zeitmanagement Coaching"},"content":{"rendered":"<p><span role=\"text\"><strong data-start=\"74\" data-end=\"114\">Produktbeschreibung: ZeitmanageCoach<\/strong><\/span><\/p>\n<p data-start=\"116\" data-end=\"328\">Der <strong data-start=\"120\" data-end=\"139\">ZeitmanageCoach<\/strong> der Fit Impact GmbH ist ein individuelles <strong data-start=\"182\" data-end=\"230\">1:1 Online-Zeitmanagement-Coaching \u00fcber Zoom<\/strong>, das Menschen dabei unterst\u00fctzt, ihren Alltag besser zu strukturieren und Stress zu reduzieren.<\/p>\n<p data-start=\"330\" data-end=\"497\">Das Paket umfasst <strong data-start=\"348\" data-end=\"377\">10 Einheiten \u00e0 45 Minuten<\/strong>, in denen praxisnahe Methoden zu <strong data-start=\"411\" data-end=\"476\">Effizienzsteigerung, Priorit\u00e4tensetzung und Stressbew\u00e4ltigung<\/strong> vermittelt werden.<\/p>\n<p data-start=\"499\" data-end=\"649\">Durch die <strong data-start=\"509\" data-end=\"566\">pers\u00f6nliche Betreuung und flexible Terminvereinbarung<\/strong> wird das Coaching optimal an die Bed\u00fcrfnisse der Kundinnen und Kunden angepasst.<\/p>\n<p data-start=\"651\" data-end=\"735\">Der Preis betr\u00e4gt <strong data-start=\"669\" data-end=\"691\">\u20ac 59,- pro Einheit<\/strong>, insgesamt <strong data-start=\"703\" data-end=\"732\">\u20ac 590,- (inkl. 20 % USt.)<\/strong>.<\/p>\n<p data-start=\"737\" data-end=\"874\">Das Angebot \u00fcberzeugt durch seine <strong data-start=\"771\" data-end=\"871\">Praxisn\u00e4he, Individualit\u00e4t und sofort umsetzbare Strategien f\u00fcr mehr Struktur und Lebensqualit\u00e4t<\/strong>.<img loading=\"lazy\" decoding=\"async\" class=\"alignnone wp-image-325\" src=\"https:\/\/actionmall.act.at\/shop\/679\/wp-content\/uploads\/2026\/03\/Screenshot-2026-03-24-130726-216x300.png\" alt=\"\" width=\"216\" height=\"300\" \/><\/p>\n","protected":false},"excerpt":{"rendered":"<p>Produktbeschreibung: ZeitmanageCoach Der ZeitmanageCoach der Fit Impact GmbH ist ein individuelles 1:1 Online-Zeitmanagement-Coaching \u00fcber Zoom, das Menschen dabei unterst\u00fctzt, ihren Alltag besser zu strukturieren und Stress zu reduzieren. Das Paket umfasst 10 Einheiten \u00e0 45 Minuten, in denen praxisnahe Methoden zu Effizienzsteigerung, Priorit\u00e4tensetzung und Stressbew\u00e4ltigung vermittelt werden. Durch die pers\u00f6nliche Betreuung und flexible Terminvereinbarung wird [&hellip;]<\/p>\n","protected":false},"featured_media":327,"template":"","meta":[],"product_cat":[43,46,58,59],"product_tag":[],"class_list":{"0":"post-300","1":"product","2":"type-product","3":"status-publish","4":"has-post-thumbnail","6":"product_cat-unterhaltung-freizeit-und-kultur","7":"product_cat-gesundheit-und-wellness","8":"product_cat-it-und-elektronik","9":"product_cat-werbung-marketing-und-medien","11":"first","12":"instock","13":"taxable","14":"shipping-taxable","15":"purchasable","16":"product-type-simple"},"_links":{"self":[{"href":"https:\/\/actionmall.act.at\/shop\/679\/en\/wp-json\/wp\/v2\/product\/300"}],"collection":[{"href":"https:\/\/actionmall.act.at\/shop\/679\/en\/wp-json\/wp\/v2\/product"}],"about":[{"href":"https:\/\/actionmall.act.at\/shop\/679\/en\/wp-json\/wp\/v2\/types\/product"}],"wp:featuredmedia":[{"embeddable":true,"href":"https:\/\/actionmall.act.at\/shop\/679\/en\/wp-json\/wp\/v2\/media\/327"}],"wp:attachment":[{"href":"https:\/\/actionmall.act.at\/shop\/679\/en\/wp-json\/wp\/v2\/media?parent=300"}],"wp:term":[{"taxonomy":"product_cat","embeddable":true,"href":"https:\/\/actionmall.act.at\/shop\/679\/en\/wp-json\/wp\/v2\/product_cat?post=300"},{"taxonomy":"product_tag","embeddable":true,"href":"https:\/\/actionmall.act.at\/shop\/679\/en\/wp-json\/wp\/v2\/product_tag?post=300"}],"curies":[{"name":"wp","href":"https:\/\/api.w.org\/{rel}","templated":true}]}}