{"id":348,"date":"2026-04-07T12:00:45","date_gmt":"2026-04-07T10:00:45","guid":{"rendered":"https:\/\/actionmall.act.at\/shop\/679\/?post_type=product&#038;p=348"},"modified":"2026-04-07T12:03:40","modified_gmt":"2026-04-07T10:03:40","slug":"eishockey-online-coaching","status":"publish","type":"product","link":"https:\/\/actionmall.act.at\/shop\/679\/en\/produkt\/eishockey-online-coaching\/","title":{"rendered":"Eishockey- Online- Coaching"},"content":{"rendered":"<p data-start=\"0\" data-end=\"29\"><strong data-start=\"0\" data-end=\"29\">Eishockey Goalie Coaching<\/strong><\/p>\n<p data-start=\"31\" data-end=\"331\">Individuelles Goalie-Training f\u00fcr alle Alters- und Leistungsstufen. Im Fokus stehen Technik, Reaktionsf\u00e4higkeit, Stellungsspiel und Spielverst\u00e4ndnis. Das Coaching wird pers\u00f6nlich angepasst, um deine St\u00e4rken zu f\u00f6rdern und gezielt an Schw\u00e4chen zu arbeiten \u2013 f\u00fcr mehr Sicherheit und Performance am Eis.<\/p>\n<ul data-start=\"31\" data-end=\"381\">\n<li data-section-id=\"2j1i8s\" data-start=\"31\" data-end=\"91\">Individuelles Training f\u00fcr Anf\u00e4nger bis Fortgeschrittene<\/li>\n<li data-section-id=\"bvn8hy\" data-start=\"92\" data-end=\"149\">Fokus auf Technik (Butterfly, Stellungsspiel, Winkel)<\/li>\n<li data-section-id=\"qzeibl\" data-start=\"150\" data-end=\"212\">Verbesserung von Reaktion, Koordination &#038; Spielverst\u00e4ndnis<\/li>\n<li data-section-id=\"17l1rnj\" data-start=\"213\" data-end=\"272\">Mentales Training f\u00fcr mehr Ruhe und Sicherheit im Spiel<\/li>\n<li data-section-id=\"5bclqg\" data-start=\"273\" data-end=\"328\">Pers\u00f6nlich angepasst an dein Niveau und deine Ziele<\/li>\n<li data-section-id=\"1b7dup1\" data-start=\"329\" data-end=\"381\">Direktes Feedback und gezielte Weiterentwicklung<\/li>\n<\/ul>\n<p data-start=\"383\" data-end=\"409\" data-is-last-node=\"\" data-is-only-node=\"\"><strong data-start=\"383\" data-end=\"393\">Preis:<\/strong> 50 \u20ac pro Stunde<\/p>\n","protected":false},"excerpt":{"rendered":"<p>Eishockey Goalie Coaching Individuelles Goalie-Training f\u00fcr alle Alters- und Leistungsstufen. Im Fokus stehen Technik, Reaktionsf\u00e4higkeit, Stellungsspiel und Spielverst\u00e4ndnis. Das Coaching wird pers\u00f6nlich angepasst, um deine St\u00e4rken zu f\u00f6rdern und gezielt an Schw\u00e4chen zu arbeiten \u2013 f\u00fcr mehr Sicherheit und Performance am Eis. Individuelles Training f\u00fcr Anf\u00e4nger bis Fortgeschrittene Fokus auf Technik (Butterfly, Stellungsspiel, Winkel) Verbesserung [&hellip;]<\/p>\n","protected":false},"featured_media":350,"template":"","meta":[],"product_cat":[45,58,61],"product_tag":[],"class_list":{"0":"post-348","1":"product","2":"type-product","3":"status-publish","4":"has-post-thumbnail","6":"product_cat-sport-veranstaltungen-hobbies","7":"product_cat-it-und-elektronik","8":"product_cat-dienstleistungen-und-oeffentliche-versorgung","10":"first","11":"instock","12":"taxable","13":"shipping-taxable","14":"purchasable","15":"product-type-simple"},"_links":{"self":[{"href":"https:\/\/actionmall.act.at\/shop\/679\/en\/wp-json\/wp\/v2\/product\/348"}],"collection":[{"href":"https:\/\/actionmall.act.at\/shop\/679\/en\/wp-json\/wp\/v2\/product"}],"about":[{"href":"https:\/\/actionmall.act.at\/shop\/679\/en\/wp-json\/wp\/v2\/types\/product"}],"wp:featuredmedia":[{"embeddable":true,"href":"https:\/\/actionmall.act.at\/shop\/679\/en\/wp-json\/wp\/v2\/media\/350"}],"wp:attachment":[{"href":"https:\/\/actionmall.act.at\/shop\/679\/en\/wp-json\/wp\/v2\/media?parent=348"}],"wp:term":[{"taxonomy":"product_cat","embeddable":true,"href":"https:\/\/actionmall.act.at\/shop\/679\/en\/wp-json\/wp\/v2\/product_cat?post=348"},{"taxonomy":"product_tag","embeddable":true,"href":"https:\/\/actionmall.act.at\/shop\/679\/en\/wp-json\/wp\/v2\/product_tag?post=348"}],"curies":[{"name":"wp","href":"https:\/\/api.w.org\/{rel}","templated":true}]}}