{"id":446,"date":"2026-04-28T14:37:56","date_gmt":"2026-04-28T12:37:56","guid":{"rendered":"https:\/\/actionmall.act.at\/shop\/679\/?post_type=product&#038;p=446"},"modified":"2026-04-28T14:38:02","modified_gmt":"2026-04-28T12:38:02","slug":"taurus-power-cage-premium","status":"publish","type":"product","link":"https:\/\/actionmall.act.at\/shop\/679\/en\/produkt\/taurus-power-cage-premium\/","title":{"rendered":"Taurus Power Cage Premium"},"content":{"rendered":"<p>Der <strong data-start=\"4\" data-end=\"33\">Taurus Power Cage Premium<\/strong> ist ein hochwertiges und stabiles Trainingsger\u00e4t f\u00fcr effektives Krafttraining zuhause oder im Fitnessstudio. Dank robuster Stahlkonstruktion, vielseitigen \u00dcbungsm\u00f6glichkeiten und modernem Design eignet er sich ideal f\u00fcr Kniebeugen, Bankdr\u00fccken, Klimmz\u00fcge und viele weitere \u00dcbungen. Perfekt f\u00fcr alle, die sicher, professionell und zielgerichtet trainieren m\u00f6chten.<\/p>\n","protected":false},"excerpt":{"rendered":"<p>Der Taurus Power Cage Premium ist ein hochwertiges und stabiles Trainingsger\u00e4t f\u00fcr effektives Krafttraining zuhause oder im Fitnessstudio. Dank robuster Stahlkonstruktion, vielseitigen \u00dcbungsm\u00f6glichkeiten und modernem Design eignet er sich ideal f\u00fcr Kniebeugen, Bankdr\u00fccken, Klimmz\u00fcge und viele weitere \u00dcbungen. Perfekt f\u00fcr alle, die sicher, professionell und zielgerichtet trainieren m\u00f6chten.<\/p>\n","protected":false},"featured_media":448,"template":"","meta":[],"product_cat":[34],"product_tag":[],"class_list":{"0":"post-446","1":"product","2":"type-product","3":"status-publish","4":"has-post-thumbnail","6":"product_cat-autos-und-fahrzeuge","8":"first","9":"instock","10":"taxable","11":"shipping-taxable","12":"purchasable","13":"product-type-simple"},"_links":{"self":[{"href":"https:\/\/actionmall.act.at\/shop\/679\/en\/wp-json\/wp\/v2\/product\/446"}],"collection":[{"href":"https:\/\/actionmall.act.at\/shop\/679\/en\/wp-json\/wp\/v2\/product"}],"about":[{"href":"https:\/\/actionmall.act.at\/shop\/679\/en\/wp-json\/wp\/v2\/types\/product"}],"wp:featuredmedia":[{"embeddable":true,"href":"https:\/\/actionmall.act.at\/shop\/679\/en\/wp-json\/wp\/v2\/media\/448"}],"wp:attachment":[{"href":"https:\/\/actionmall.act.at\/shop\/679\/en\/wp-json\/wp\/v2\/media?parent=446"}],"wp:term":[{"taxonomy":"product_cat","embeddable":true,"href":"https:\/\/actionmall.act.at\/shop\/679\/en\/wp-json\/wp\/v2\/product_cat?post=446"},{"taxonomy":"product_tag","embeddable":true,"href":"https:\/\/actionmall.act.at\/shop\/679\/en\/wp-json\/wp\/v2\/product_tag?post=446"}],"curies":[{"name":"wp","href":"https:\/\/api.w.org\/{rel}","templated":true}]}}