{"id":452,"date":"2026-04-28T14:57:08","date_gmt":"2026-04-28T12:57:08","guid":{"rendered":"https:\/\/actionmall.act.at\/shop\/679\/?post_type=product&#038;p=452"},"modified":"2026-04-28T14:57:08","modified_gmt":"2026-04-28T12:57:08","slug":"darwin-rm40-rudergeraet","status":"publish","type":"product","link":"https:\/\/actionmall.act.at\/shop\/679\/en\/produkt\/darwin-rm40-rudergeraet\/","title":{"rendered":"DARWIN RM40 RUDERGER\u00c4T"},"content":{"rendered":"<p><strong>Row your Limits.<\/strong><\/p>\n<p>Hol dir das perfekte Ganzk\u00f6rper-Workout nach Hause. Das Darwin RM40 \u00fcberzeugt mit <strong>realistischem Ruderfeeling, smarter Technik und maximaler Performance<\/strong> \u2013 ideal f\u00fcr sportbegeisterte Jugendliche, die mehr erreichen wollen.<\/p>\n<p>Trainiere <strong>Ausdauer, Kraft und mentale St\u00e4rke<\/strong> effizient in einem Ger\u00e4t \u2013 wann und wo du willst.<\/p>\n<p>\u2714\ufe0f Ganzk\u00f6rpertraining<br \/>\n\u2714\ufe0f Modern &#038; platzsparend<br \/>\n\u2714\ufe0f Leistungssteigerung garantiert<\/p>\n<p><strong>Jetzt nur 1.624,48 \u20ac<\/strong><br \/>\n\ud83d\udd25 <strong>5% Einf\u00fchrungsrabatt bis Ende Mai<\/strong><br \/>\n\ud83d\ude9a <strong>Lieferung frei Haus<\/strong><\/p>\n","protected":false},"excerpt":{"rendered":"<p>Row your Limits. Hol dir das perfekte Ganzk\u00f6rper-Workout nach Hause. Das Darwin RM40 \u00fcberzeugt mit realistischem Ruderfeeling, smarter Technik und maximaler Performance \u2013 ideal f\u00fcr sportbegeisterte Jugendliche, die mehr erreichen wollen. Trainiere Ausdauer, Kraft und mentale St\u00e4rke effizient in einem Ger\u00e4t \u2013 wann und wo du willst. \u2714\ufe0f Ganzk\u00f6rpertraining \u2714\ufe0f Modern &#038; platzsparend \u2714\ufe0f Leistungssteigerung [&hellip;]<\/p>\n","protected":false},"featured_media":453,"template":"","meta":[],"product_cat":[34],"product_tag":[],"class_list":{"0":"post-452","1":"product","2":"type-product","3":"status-publish","4":"has-post-thumbnail","6":"product_cat-autos-und-fahrzeuge","8":"first","9":"instock","10":"taxable","11":"shipping-taxable","12":"purchasable","13":"product-type-simple"},"_links":{"self":[{"href":"https:\/\/actionmall.act.at\/shop\/679\/en\/wp-json\/wp\/v2\/product\/452"}],"collection":[{"href":"https:\/\/actionmall.act.at\/shop\/679\/en\/wp-json\/wp\/v2\/product"}],"about":[{"href":"https:\/\/actionmall.act.at\/shop\/679\/en\/wp-json\/wp\/v2\/types\/product"}],"wp:featuredmedia":[{"embeddable":true,"href":"https:\/\/actionmall.act.at\/shop\/679\/en\/wp-json\/wp\/v2\/media\/453"}],"wp:attachment":[{"href":"https:\/\/actionmall.act.at\/shop\/679\/en\/wp-json\/wp\/v2\/media?parent=452"}],"wp:term":[{"taxonomy":"product_cat","embeddable":true,"href":"https:\/\/actionmall.act.at\/shop\/679\/en\/wp-json\/wp\/v2\/product_cat?post=452"},{"taxonomy":"product_tag","embeddable":true,"href":"https:\/\/actionmall.act.at\/shop\/679\/en\/wp-json\/wp\/v2\/product_tag?post=452"}],"curies":[{"name":"wp","href":"https:\/\/api.w.org\/{rel}","templated":true}]}}