{"id":460,"date":"2026-05-12T12:11:21","date_gmt":"2026-05-12T10:11:21","guid":{"rendered":"https:\/\/actionmall.act.at\/shop\/679\/?post_type=product&#038;p=460"},"modified":"2026-05-12T12:11:21","modified_gmt":"2026-05-12T10:11:21","slug":"persoenlicher-wandercoach-fuer-pensionisten","status":"publish","type":"product","link":"https:\/\/actionmall.act.at\/shop\/679\/en\/produkt\/persoenlicher-wandercoach-fuer-pensionisten\/","title":{"rendered":"Pers\u00f6nlicher Wandercoach f\u00fcr Pensionisten"},"content":{"rendered":"<p data-start=\"236\" data-end=\"661\">Unser pers\u00f6nlicher Wandercoach-Angebot richtet sich speziell an Pensionistinnen und Pensionisten, die Freude an Bewegung in der Natur haben und dabei eine individuelle, sichere und angenehme Begleitung w\u00fcnschen. Mit unserem ma\u00dfgeschneiderten Tagesausflug auf die <span class=\"hover:entity-accent entity-underline inline cursor-pointer align-baseline\"><span class=\"whitespace-normal\">Gerlitzen<\/span><\/span> erleben Kundinnen und Kunden einen aktiven Tag in wundersch\u00f6ner Berglandschaft \u2013 begleitet von einem erfahrenen Wandercoach.<\/p>\n<p data-start=\"663\" data-end=\"1003\">Die Betreuung erfolgt pers\u00f6nlich vor Ort und umfasst bis zu 6 Stunden individuelle Begleitung. Dabei wird auf das pers\u00f6nliche Tempo, die Kondition sowie auf individuelle Bed\u00fcrfnisse R\u00fccksicht genommen. Der Wandercoach unterst\u00fctzt nicht nur bei der Wegf\u00fchrung, sondern sorgt auch f\u00fcr Sicherheit, Motivation und ein entspanntes Naturerlebnis.<\/p>\n<p data-start=\"1005\" data-end=\"1315\">Dieses Angebot eignet sich ideal f\u00fcr \u00e4ltere Menschen, die ihre Gesundheit f\u00f6rdern, aktiv bleiben und die Natur in angenehmer Gesellschaft genie\u00dfen m\u00f6chten. Wandern st\u00e4rkt Ausdauer, Beweglichkeit und Wohlbefinden \u2013 und mit pers\u00f6nlicher Begleitung wird jeder Ausflug zu einem sicheren und bereichernden Erlebnis.<\/p>\n<p data-start=\"1317\" data-end=\"1337\"><strong data-start=\"1317\" data-end=\"1337\">Leistungsumfang:<\/strong><\/p>\n<ul data-start=\"1338\" data-end=\"1618\">\n<li data-section-id=\"1xpouh4\" data-start=\"1338\" data-end=\"1399\">Pers\u00f6nliche Begleitung durch einen Wandercoach in Pr\u00e4senz<\/li>\n<li data-section-id=\"1ivwcft\" data-start=\"1400\" data-end=\"1434\">Tagesausflug auf die Gerlitzen<\/li>\n<li data-section-id=\"g56v8g\" data-start=\"1435\" data-end=\"1458\">6 Stunden Betreuung<\/li>\n<li data-section-id=\"1ml04dp\" data-start=\"1459\" data-end=\"1512\">Individuelle Anpassung an Tempo und Fitnessniveau<\/li>\n<li data-section-id=\"1kte1tj\" data-start=\"1513\" data-end=\"1573\">Unterst\u00fctzung bei Planung und Durchf\u00fchrung der Wanderung<\/li>\n<li data-section-id=\"o8pw3h\" data-start=\"1574\" data-end=\"1618\">Sicheres und motivierendes Naturerlebnis<\/li>\n<\/ul>\n<p data-start=\"1620\" data-end=\"1663\"><strong data-start=\"1620\" data-end=\"1630\">Preis:<\/strong><br data-start=\"1630\" data-end=\"1633\" \/>120,00 \u20ac inklusive 20 % USt<\/p>\n","protected":false},"excerpt":{"rendered":"<p>Unser pers\u00f6nlicher Wandercoach-Angebot richtet sich speziell an Pensionistinnen und Pensionisten, die Freude an Bewegung in der Natur haben und dabei eine individuelle, sichere und angenehme Begleitung w\u00fcnschen. Mit unserem ma\u00dfgeschneiderten Tagesausflug auf die Gerlitzen erleben Kundinnen und Kunden einen aktiven Tag in wundersch\u00f6ner Berglandschaft \u2013 begleitet von einem erfahrenen Wandercoach. Die Betreuung erfolgt pers\u00f6nlich vor [&hellip;]<\/p>\n","protected":false},"featured_media":461,"template":"","meta":[],"product_cat":[45,61],"product_tag":[],"class_list":{"0":"post-460","1":"product","2":"type-product","3":"status-publish","4":"has-post-thumbnail","6":"product_cat-sport-veranstaltungen-hobbies","7":"product_cat-dienstleistungen-und-oeffentliche-versorgung","9":"first","10":"instock","11":"sale","12":"taxable","13":"shipping-taxable","14":"purchasable","15":"product-type-simple"},"_links":{"self":[{"href":"https:\/\/actionmall.act.at\/shop\/679\/en\/wp-json\/wp\/v2\/product\/460"}],"collection":[{"href":"https:\/\/actionmall.act.at\/shop\/679\/en\/wp-json\/wp\/v2\/product"}],"about":[{"href":"https:\/\/actionmall.act.at\/shop\/679\/en\/wp-json\/wp\/v2\/types\/product"}],"wp:featuredmedia":[{"embeddable":true,"href":"https:\/\/actionmall.act.at\/shop\/679\/en\/wp-json\/wp\/v2\/media\/461"}],"wp:attachment":[{"href":"https:\/\/actionmall.act.at\/shop\/679\/en\/wp-json\/wp\/v2\/media?parent=460"}],"wp:term":[{"taxonomy":"product_cat","embeddable":true,"href":"https:\/\/actionmall.act.at\/shop\/679\/en\/wp-json\/wp\/v2\/product_cat?post=460"},{"taxonomy":"product_tag","embeddable":true,"href":"https:\/\/actionmall.act.at\/shop\/679\/en\/wp-json\/wp\/v2\/product_tag?post=460"}],"curies":[{"name":"wp","href":"https:\/\/api.w.org\/{rel}","templated":true}]}}