{"id":464,"date":"2026-05-12T12:30:34","date_gmt":"2026-05-12T10:30:34","guid":{"rendered":"https:\/\/actionmall.act.at\/shop\/679\/?post_type=product&#038;p=464"},"modified":"2026-05-12T12:30:34","modified_gmt":"2026-05-12T10:30:34","slug":"persoenlicher-wandercoach-fuer-familien-tanja-pejic","status":"publish","type":"product","link":"https:\/\/actionmall.act.at\/shop\/679\/en\/produkt\/persoenlicher-wandercoach-fuer-familien-tanja-pejic\/","title":{"rendered":"Pers\u00f6nlicher Wandercoach f\u00fcr Familien &#8211; Tanja Pejic"},"content":{"rendered":"<p>Tagesausflug auf die Gerlitze mit einem Wandercoach.<\/p>\n<p>Deine Vorteile:<\/p>\n<ul>\n<li>Quality-Time mit deiner Familie<\/li>\n<li>neue Impulse f\u00fcr mehr Bewegung<\/li>\n<li>St\u00e4rkung von K\u00f6rper, Geist und Zusammenhalt<\/li>\n<\/ul>\n<p>ANGEBOT G\u00dcLTIG BIS ENDE AUGUST 2026<br \/>\n> Einf\u00fchrungsrabatt von 10 % bei Anmeldungen bis Ende Mai 2026<\/p>\n","protected":false},"excerpt":{"rendered":"<p>Tagesausflug auf die Gerlitze mit einem Wandercoach. Deine Vorteile: Quality-Time mit deiner Familie neue Impulse f\u00fcr mehr Bewegung St\u00e4rkung von K\u00f6rper, Geist und Zusammenhalt ANGEBOT G\u00dcLTIG BIS ENDE AUGUST 2026 > Einf\u00fchrungsrabatt von 10 % bei Anmeldungen bis Ende Mai 2026<\/p>\n","protected":false},"featured_media":481,"template":"","meta":[],"product_cat":[45,46],"product_tag":[],"class_list":{"0":"post-464","1":"product","2":"type-product","3":"status-publish","4":"has-post-thumbnail","6":"product_cat-sport-veranstaltungen-hobbies","7":"product_cat-gesundheit-und-wellness","9":"first","10":"instock","11":"sale","12":"taxable","13":"shipping-taxable","14":"purchasable","15":"product-type-simple"},"_links":{"self":[{"href":"https:\/\/actionmall.act.at\/shop\/679\/en\/wp-json\/wp\/v2\/product\/464"}],"collection":[{"href":"https:\/\/actionmall.act.at\/shop\/679\/en\/wp-json\/wp\/v2\/product"}],"about":[{"href":"https:\/\/actionmall.act.at\/shop\/679\/en\/wp-json\/wp\/v2\/types\/product"}],"wp:featuredmedia":[{"embeddable":true,"href":"https:\/\/actionmall.act.at\/shop\/679\/en\/wp-json\/wp\/v2\/media\/481"}],"wp:attachment":[{"href":"https:\/\/actionmall.act.at\/shop\/679\/en\/wp-json\/wp\/v2\/media?parent=464"}],"wp:term":[{"taxonomy":"product_cat","embeddable":true,"href":"https:\/\/actionmall.act.at\/shop\/679\/en\/wp-json\/wp\/v2\/product_cat?post=464"},{"taxonomy":"product_tag","embeddable":true,"href":"https:\/\/actionmall.act.at\/shop\/679\/en\/wp-json\/wp\/v2\/product_tag?post=464"}],"curies":[{"name":"wp","href":"https:\/\/api.w.org\/{rel}","templated":true}]}}