{"id":474,"date":"2026-05-12T12:40:42","date_gmt":"2026-05-12T10:40:42","guid":{"rendered":"https:\/\/actionmall.act.at\/shop\/679\/?post_type=product&#038;p=474"},"modified":"2026-05-12T12:41:40","modified_gmt":"2026-05-12T10:41:40","slug":"persoenlicher-wandercoach-fuer-single-frauen-in-praesenz","status":"publish","type":"product","link":"https:\/\/actionmall.act.at\/shop\/679\/en\/produkt\/persoenlicher-wandercoach-fuer-single-frauen-in-praesenz\/","title":{"rendered":"Pers\u00f6nlicher Wandercoach f\u00fcr Single Frauen in Pr\u00e4senz &#8211; Taida Balic"},"content":{"rendered":"<p data-start=\"201\" data-end=\"432\">Der <strong data-start=\"205\" data-end=\"250\">pers\u00f6nliche Wandercoach f\u00fcr Single Frauen<\/strong> ist ein exklusives Outdoor-Erlebnis in den K\u00e4rntner Bergen. Dieses Tagesangebot kombiniert Bewegung, Naturerlebnis und pers\u00f6nliche Begleitung zu einem einzigartigen Coaching-Format.<\/p>\n<p data-start=\"434\" data-end=\"822\">Im Rahmen einer 6-st\u00fcndigen gef\u00fchrten Wanderung auf der Gerlitze werden Teilnehmerinnen von einem professionellen Wandercoach betreut. Neben der k\u00f6rperlichen Aktivit\u00e4t stehen auch mentale Erholung, Achtsamkeit und soziale Begegnung im Mittelpunkt. Das Angebot richtet sich speziell an Single Frauen, die neue Energie tanken, Kontakte kn\u00fcpfen und sich selbst bewusst Zeit schenken m\u00f6chten.<\/p>\n<p data-start=\"824\" data-end=\"990\">Die Wanderung wird in einer kleinen, pers\u00f6nlichen Gruppe durchgef\u00fchrt und erm\u00f6glicht dadurch eine individuelle Betreuung sowie ein angenehmes, unterst\u00fctzendes Umfeld.<\/p>\n<hr data-start=\"992\" data-end=\"995\" \/>\n<h3 data-section-id=\"1gzi1d0\" data-start=\"997\" data-end=\"1019\">\ud83d\udca1 Leistungsumfang<\/h3>\n<ul data-start=\"1020\" data-end=\"1225\">\n<li data-section-id=\"f7807m\" data-start=\"1020\" data-end=\"1070\">6-st\u00fcndige gef\u00fchrte Wanderung auf der Gerlitze<\/li>\n<li data-section-id=\"14zzi26\" data-start=\"1071\" data-end=\"1120\">Pers\u00f6nliche Betreuung durch einen Wandercoach<\/li>\n<li data-section-id=\"p0gt79\" data-start=\"1121\" data-end=\"1173\">Bewegungs- und Achtsamkeitselemente in der Natur<\/li>\n<li data-section-id=\"a49aeq\" data-start=\"1174\" data-end=\"1225\">Austausch und Gruppenerlebnis f\u00fcr Single Frauen<\/li>\n<\/ul>\n<hr data-start=\"1227\" data-end=\"1230\" \/>\n<h3 data-section-id=\"4veokw\" data-start=\"1232\" data-end=\"1244\">\ud83d\udcb6 Preis<\/h3>\n<ul data-start=\"1245\" data-end=\"1295\">\n<li data-section-id=\"u4xmkc\" data-start=\"1245\" data-end=\"1295\">\u20ac 120,00 inkl. USt. pro Person \/ Tagescoaching<\/li>\n<\/ul>\n<hr data-start=\"1297\" data-end=\"1300\" \/>\n<h3 data-section-id=\"rm0nv1\" data-start=\"1302\" data-end=\"1315\">\ud83c\udf81 Aktion<\/h3>\n<ul data-start=\"1316\" data-end=\"1373\">\n<li data-section-id=\"1fik9xk\" data-start=\"1316\" data-end=\"1373\">10 % Einf\u00fchrungsrabatt bei Buchung bis <strong data-start=\"1357\" data-end=\"1373\">31. Mai 2026<\/strong><\/li>\n<\/ul>\n<hr data-start=\"1375\" data-end=\"1378\" \/>\n<h3 data-section-id=\"16o3fsw\" data-start=\"1380\" data-end=\"1397\">\ud83d\udcc5 G\u00fcltigkeit<\/h3>\n<ul data-start=\"1398\" data-end=\"1431\">\n<li data-section-id=\"1kqexhy\" data-start=\"1398\" data-end=\"1431\">Buchbar bis <strong data-start=\"1412\" data-end=\"1431\">31. August 2026<\/strong><\/li>\n<\/ul>\n<hr data-start=\"1433\" data-end=\"1436\" \/>\n<h3 data-section-id=\"tth06y\" data-start=\"1438\" data-end=\"1453\">\ud83c\udfe2 Anbieter<\/h3>\n<p data-start=\"1454\" data-end=\"1493\"><span class=\"hover:entity-accent entity-underline inline cursor-pointer align-baseline\"><span class=\"whitespace-normal\">FIT Impact GmbH<\/span><\/span><\/p>\n","protected":false},"excerpt":{"rendered":"<p>Der pers\u00f6nliche Wandercoach f\u00fcr Single Frauen ist ein exklusives Outdoor-Erlebnis in den K\u00e4rntner Bergen. Dieses Tagesangebot kombiniert Bewegung, Naturerlebnis und pers\u00f6nliche Begleitung zu einem einzigartigen Coaching-Format. Im Rahmen einer 6-st\u00fcndigen gef\u00fchrten Wanderung auf der Gerlitze werden Teilnehmerinnen von einem professionellen Wandercoach betreut. Neben der k\u00f6rperlichen Aktivit\u00e4t stehen auch mentale Erholung, Achtsamkeit und soziale Begegnung im [&hellip;]<\/p>\n","protected":false},"featured_media":491,"template":"","meta":[],"product_cat":[34],"product_tag":[],"class_list":{"0":"post-474","1":"product","2":"type-product","3":"status-publish","4":"has-post-thumbnail","6":"product_cat-autos-und-fahrzeuge","8":"first","9":"instock","10":"taxable","11":"shipping-taxable","12":"product-type-simple"},"_links":{"self":[{"href":"https:\/\/actionmall.act.at\/shop\/679\/en\/wp-json\/wp\/v2\/product\/474"}],"collection":[{"href":"https:\/\/actionmall.act.at\/shop\/679\/en\/wp-json\/wp\/v2\/product"}],"about":[{"href":"https:\/\/actionmall.act.at\/shop\/679\/en\/wp-json\/wp\/v2\/types\/product"}],"wp:featuredmedia":[{"embeddable":true,"href":"https:\/\/actionmall.act.at\/shop\/679\/en\/wp-json\/wp\/v2\/media\/491"}],"wp:attachment":[{"href":"https:\/\/actionmall.act.at\/shop\/679\/en\/wp-json\/wp\/v2\/media?parent=474"}],"wp:term":[{"taxonomy":"product_cat","embeddable":true,"href":"https:\/\/actionmall.act.at\/shop\/679\/en\/wp-json\/wp\/v2\/product_cat?post=474"},{"taxonomy":"product_tag","embeddable":true,"href":"https:\/\/actionmall.act.at\/shop\/679\/en\/wp-json\/wp\/v2\/product_tag?post=474"}],"curies":[{"name":"wp","href":"https:\/\/api.w.org\/{rel}","templated":true}]}}