{"id":483,"date":"2026-05-12T12:33:44","date_gmt":"2026-05-12T10:33:44","guid":{"rendered":"https:\/\/actionmall.act.at\/shop\/679\/?post_type=product&#038;p=483"},"modified":"2026-05-12T12:36:51","modified_gmt":"2026-05-12T10:36:51","slug":"persoenlicher-wandercoach-fuer-single-maenner-jana-jessenig","status":"publish","type":"product","link":"https:\/\/actionmall.act.at\/shop\/679\/en\/produkt\/persoenlicher-wandercoach-fuer-single-maenner-jana-jessenig\/","title":{"rendered":"Pers\u00f6nlicher Wandercoach f\u00fcr Single M\u00e4nner Jana Jessenig"},"content":{"rendered":"<p data-start=\"23\" data-end=\"343\">Erlebe einen unvergesslichen Tagesausflug auf die Gerlitzen \u2013 exklusiv f\u00fcr Single M\u00e4nner. Gemeinsam mit Wandercoachin Jana Jessenig genie\u00dft du beeindruckende Natur, sportliche Bewegung und eine Auszeit vom Alltag. Die Wanderung verbindet Abenteuer, Entspannung und neue Begegnungen in einer kleinen, pers\u00f6nlichen Gruppe.<\/p>\n<h4 data-section-id=\"tb7o96\" data-start=\"350\" data-end=\"362\">Unsere USP<\/h4>\n<p data-start=\"364\" data-end=\"584\">\u2714 Exklusiv f\u00fcr Single M\u00e4nner<br data-start=\"392\" data-end=\"395\" \/>\u2714 Pers\u00f6nlich gef\u00fchrter Tagesausflug<br data-start=\"430\" data-end=\"433\" \/>\u2714 Natur, Bewegung &#038; neue Kontakte<br data-start=\"466\" data-end=\"469\" \/>\u2714 Kleine Gruppen und individuelle Betreuung<br data-start=\"512\" data-end=\"515\" \/>\u2714 Professionelle Wandercoachin mit Leidenschaft f\u00fcr Sport und Natur<\/p>\n<h4 data-section-id=\"1kxtnv0\" data-start=\"591\" data-end=\"617\">Wichtigste Informationen<\/h4>\n<p data-start=\"619\" data-end=\"819\">\u00a0Gerlitzen \u2013 K\u00e4rnten<br data-start=\"641\" data-end=\"644\" \/>\u00a0Preis: 120 \u20ac inkl. 20 % Umsatzsteuer<br data-start=\"683\" data-end=\"686\" \/>\u00a0Buchung: <a class=\"decorated-link cursor-pointer\" rel=\"noopener\" data-start=\"698\" data-end=\"721\">Fit679@uebungsfirmen.at<\/a><br data-start=\"721\" data-end=\"724\" \/>Termin nach individueller Vereinbarung<br data-start=\"765\" data-end=\"768\" \/>\u00a0Fit Impact GmbH \u2013 \u00dcbungsfirma der BHAK Villach<\/p>\n<hr data-start=\"821\" data-end=\"824\" \/>\n<h4 data-section-id=\"hcv5dq\" data-start=\"826\" data-end=\"834\">Slogan<\/h4>\n<p data-section-id=\"hcv5dq\" data-start=\"826\" data-end=\"834\">\u201eRaus aus dem Alltag. Rein ins Abenteuer.\u201c<\/p>\n<p data-start=\"882\" data-end=\"887\">\n","protected":false},"excerpt":{"rendered":"<p>Erlebe einen unvergesslichen Tagesausflug auf die Gerlitzen \u2013 exklusiv f\u00fcr Single M\u00e4nner. Gemeinsam mit Wandercoachin Jana Jessenig genie\u00dft du beeindruckende Natur, sportliche Bewegung und eine Auszeit vom Alltag. Die Wanderung verbindet Abenteuer, Entspannung und neue Begegnungen in einer kleinen, pers\u00f6nlichen Gruppe. Unsere USP \u2714 Exklusiv f\u00fcr Single M\u00e4nner\u2714 Pers\u00f6nlich gef\u00fchrter Tagesausflug\u2714 Natur, Bewegung &#038; neue [&hellip;]<\/p>\n","protected":false},"featured_media":480,"template":"","meta":[],"product_cat":[45,61],"product_tag":[],"class_list":{"0":"post-483","1":"product","2":"type-product","3":"status-publish","4":"has-post-thumbnail","6":"product_cat-sport-veranstaltungen-hobbies","7":"product_cat-dienstleistungen-und-oeffentliche-versorgung","9":"first","10":"instock","11":"sale","12":"taxable","13":"shipping-taxable","14":"purchasable","15":"product-type-simple"},"_links":{"self":[{"href":"https:\/\/actionmall.act.at\/shop\/679\/en\/wp-json\/wp\/v2\/product\/483"}],"collection":[{"href":"https:\/\/actionmall.act.at\/shop\/679\/en\/wp-json\/wp\/v2\/product"}],"about":[{"href":"https:\/\/actionmall.act.at\/shop\/679\/en\/wp-json\/wp\/v2\/types\/product"}],"wp:featuredmedia":[{"embeddable":true,"href":"https:\/\/actionmall.act.at\/shop\/679\/en\/wp-json\/wp\/v2\/media\/480"}],"wp:attachment":[{"href":"https:\/\/actionmall.act.at\/shop\/679\/en\/wp-json\/wp\/v2\/media?parent=483"}],"wp:term":[{"taxonomy":"product_cat","embeddable":true,"href":"https:\/\/actionmall.act.at\/shop\/679\/en\/wp-json\/wp\/v2\/product_cat?post=483"},{"taxonomy":"product_tag","embeddable":true,"href":"https:\/\/actionmall.act.at\/shop\/679\/en\/wp-json\/wp\/v2\/product_tag?post=483"}],"curies":[{"name":"wp","href":"https:\/\/api.w.org\/{rel}","templated":true}]}}