{"id":489,"date":"2026-05-12T12:44:56","date_gmt":"2026-05-12T10:44:56","guid":{"rendered":"https:\/\/actionmall.act.at\/shop\/679\/?post_type=product&#038;p=489"},"modified":"2026-05-12T12:44:56","modified_gmt":"2026-05-12T10:44:56","slug":"wandercoach-fuer-familien-in-praesenz","status":"publish","type":"product","link":"https:\/\/actionmall.act.at\/shop\/679\/en\/produkt\/wandercoach-fuer-familien-in-praesenz\/","title":{"rendered":"Wandercoach f\u00fcr familien in Pr\u00e4senz"},"content":{"rendered":"<p>Der pers\u00f6nliche Wandercoach f\u00fcr Familien bietet gemeinsame Wandererlebnisse in der Natur mit individueller Betreuung und Motivation. Familien st\u00e4rken dabei ihren Zusammenhalt, genie\u00dfen gemeinsame Zeit und tanken neue Energie abseits des Alltags.<a href=\"https:\/\/actionmall.act.at\/shop\/679\/wp-content\/uploads\/2026\/05\/Plakat.pdf\">Plakat<\/a> <a href=\"https:\/\/actionmall.act.at\/shop\/679\/wp-content\/uploads\/2026\/05\/Plakat-1.pdf\">Plakat<\/a><\/p>\n<p>Die Wanderungen werden an die Bed\u00fcrfnisse der Familie angepasst und f\u00f6rdern Bewegung, Entspannung sowie mentale St\u00e4rke.<\/p>\n<p>USP: Individuelle Familienwanderungen mit pers\u00f6nlicher Betreuung statt Standardtouren.<\/p>\n<p>Preise<\/p>\n<p>320 \u20ac pro Woche<\/p>\n<p>45 \u20ac pro Tag<\/p>\n<p>Zahlungsbedingungen<\/p>\n<p>Zahlung sofort nach Abschluss<\/p>\n<p>\u00dcberweisung auf das Bankkonto<\/p>\n<p>Kontakt<\/p>\n<p>E-Mail: Fit676@uebungsfirmen.at<\/p>\n<p>Adresse: Franz-Xaver-Wirth-Stra\u00dfe 3<\/p>\n","protected":false},"excerpt":{"rendered":"<p>Der pers\u00f6nliche Wandercoach f\u00fcr Familien bietet gemeinsame Wandererlebnisse in der Natur mit individueller Betreuung und Motivation. Familien st\u00e4rken dabei ihren Zusammenhalt, genie\u00dfen gemeinsame Zeit und tanken neue Energie abseits des Alltags.Plakat Plakat Die Wanderungen werden an die Bed\u00fcrfnisse der Familie angepasst und f\u00f6rdern Bewegung, Entspannung sowie mentale St\u00e4rke. USP: Individuelle Familienwanderungen mit pers\u00f6nlicher Betreuung statt [&hellip;]<\/p>\n","protected":false},"featured_media":502,"template":"","meta":[],"product_cat":[34],"product_tag":[],"class_list":{"0":"post-489","1":"product","2":"type-product","3":"status-publish","4":"has-post-thumbnail","6":"product_cat-autos-und-fahrzeuge","8":"first","9":"instock","10":"taxable","11":"shipping-taxable","12":"purchasable","13":"product-type-simple"},"_links":{"self":[{"href":"https:\/\/actionmall.act.at\/shop\/679\/en\/wp-json\/wp\/v2\/product\/489"}],"collection":[{"href":"https:\/\/actionmall.act.at\/shop\/679\/en\/wp-json\/wp\/v2\/product"}],"about":[{"href":"https:\/\/actionmall.act.at\/shop\/679\/en\/wp-json\/wp\/v2\/types\/product"}],"wp:featuredmedia":[{"embeddable":true,"href":"https:\/\/actionmall.act.at\/shop\/679\/en\/wp-json\/wp\/v2\/media\/502"}],"wp:attachment":[{"href":"https:\/\/actionmall.act.at\/shop\/679\/en\/wp-json\/wp\/v2\/media?parent=489"}],"wp:term":[{"taxonomy":"product_cat","embeddable":true,"href":"https:\/\/actionmall.act.at\/shop\/679\/en\/wp-json\/wp\/v2\/product_cat?post=489"},{"taxonomy":"product_tag","embeddable":true,"href":"https:\/\/actionmall.act.at\/shop\/679\/en\/wp-json\/wp\/v2\/product_tag?post=489"}],"curies":[{"name":"wp","href":"https:\/\/api.w.org\/{rel}","templated":true}]}}