{"id":492,"date":"2026-05-12T12:47:15","date_gmt":"2026-05-12T10:47:15","guid":{"rendered":"https:\/\/actionmall.act.at\/shop\/679\/?post_type=product&#038;p=492"},"modified":"2026-05-12T12:47:15","modified_gmt":"2026-05-12T10:47:15","slug":"wandercoach-fuer-pensionisten","status":"publish","type":"product","link":"https:\/\/actionmall.act.at\/shop\/679\/en\/produkt\/wandercoach-fuer-pensionisten\/","title":{"rendered":"Wandercoach f\u00fcr Pensionisten"},"content":{"rendered":"<p><a href=\"https:\/\/actionmall.act.at\/shop\/679\/wp-content\/uploads\/2026\/05\/Dok1.pdf\">Dok1\u00a0\u00a0<\/a><\/p>\n<p><span class=\"font-semibold\" data-streamdown=\"strong\">Beschreibung f\u00fcr einen Wandercoach f\u00fcr Pensionisten<\/span><\/p>\n<p>Ein <span class=\"font-semibold\" data-streamdown=\"strong\">Wandercoach f\u00fcr Pensionisten<\/span>\u00a0begleitet \u00e4ltere Menschen dabei, die Freude an Bewegung in der Natur zu entdecken und ihre k\u00f6rperliche und mentale Gesundheit zu st\u00e4rken. Dabei steht nicht sportliche Leistung, sondern Wohlbefinden, Gemeinschaft und Sicherheit im Vordergrund.<\/p>\n<p>Der Wandercoach plant und f\u00fchrt altersgerechte Wandertouren durch \u2013 angepasst an Kondition, Mobilit\u00e4t und individuelle Bed\u00fcrfnisse der Teilnehmer. Er oder sie achtet auf Pausen, angenehmes Tempo, Trittsicherheit und gute Wegwahl. Neben der Organisation der Touren vermittelt der Coach Wissen \u00fcber richtiges Gehen, geeignete Ausr\u00fcstung, Bewegungstechniken und gesundes Wandern im Alter.<\/p>\n","protected":false},"excerpt":{"rendered":"<p>Dok1\u00a0\u00a0 Beschreibung f\u00fcr einen Wandercoach f\u00fcr Pensionisten Ein Wandercoach f\u00fcr Pensionisten\u00a0begleitet \u00e4ltere Menschen dabei, die Freude an Bewegung in der Natur zu entdecken und ihre k\u00f6rperliche und mentale Gesundheit zu st\u00e4rken. Dabei steht nicht sportliche Leistung, sondern Wohlbefinden, Gemeinschaft und Sicherheit im Vordergrund. Der Wandercoach plant und f\u00fchrt altersgerechte Wandertouren durch \u2013 angepasst an Kondition, [&hellip;]<\/p>\n","protected":false},"featured_media":0,"template":"","meta":[],"product_cat":[34],"product_tag":[],"class_list":{"0":"post-492","1":"product","2":"type-product","3":"status-publish","5":"product_cat-autos-und-fahrzeuge","7":"first","8":"instock","9":"taxable","10":"shipping-taxable","11":"purchasable","12":"product-type-simple"},"_links":{"self":[{"href":"https:\/\/actionmall.act.at\/shop\/679\/en\/wp-json\/wp\/v2\/product\/492"}],"collection":[{"href":"https:\/\/actionmall.act.at\/shop\/679\/en\/wp-json\/wp\/v2\/product"}],"about":[{"href":"https:\/\/actionmall.act.at\/shop\/679\/en\/wp-json\/wp\/v2\/types\/product"}],"wp:attachment":[{"href":"https:\/\/actionmall.act.at\/shop\/679\/en\/wp-json\/wp\/v2\/media?parent=492"}],"wp:term":[{"taxonomy":"product_cat","embeddable":true,"href":"https:\/\/actionmall.act.at\/shop\/679\/en\/wp-json\/wp\/v2\/product_cat?post=492"},{"taxonomy":"product_tag","embeddable":true,"href":"https:\/\/actionmall.act.at\/shop\/679\/en\/wp-json\/wp\/v2\/product_tag?post=492"}],"curies":[{"name":"wp","href":"https:\/\/api.w.org\/{rel}","templated":true}]}}