{"id":509,"date":"2026-05-12T12:53:28","date_gmt":"2026-05-12T10:53:28","guid":{"rendered":"https:\/\/actionmall.act.at\/shop\/679\/?post_type=product&#038;p=509"},"modified":"2026-05-12T12:53:28","modified_gmt":"2026-05-12T10:53:28","slug":"persoenlicher-wandercoach-fuer-familien-alina-medija","status":"publish","type":"product","link":"https:\/\/actionmall.act.at\/shop\/679\/en\/produkt\/persoenlicher-wandercoach-fuer-familien-alina-medija\/","title":{"rendered":"Pers\u00f6nlicher Wandercoach f\u00fcr Familien &#8211; Alina Medija"},"content":{"rendered":"<h3 data-section-id=\"id64xj\" data-start=\"24\" data-end=\"97\">Pers\u00f6nlicher Wandercoach f\u00fcr Familien \u2013 Tagesausflug auf die Gerlitze<\/h3>\n<p data-start=\"99\" data-end=\"382\">Erleben Sie gemeinsam mit Ihrer Familie einen unvergesslichen Wandertag in der K\u00e4rntner Bergwelt. Unser pers\u00f6nlicher Wandercoach begleitet Sie individuell durch einen abwechslungsreichen Tagesausflug auf die Gerlitze und sorgt f\u00fcr Bewegung, Naturerlebnis und gemeinsame Familienzeit.<\/p>\n<p data-start=\"384\" data-end=\"681\">Das Angebot richtet sich speziell an Familien mit Kindern und wird an das Alter, die Kondition und die W\u00fcnsche der Teilnehmer angepasst. Neben einer familienfreundlichen Wanderroute erwarten Sie spannende Naturerlebnisse, spielerische Aktivit\u00e4ten sowie hilfreiche Tipps zu Bewegung und Motivation.<\/p>\n<p data-start=\"683\" data-end=\"814\">Der Tagesausflug dauert insgesamt 6 Stunden und bietet eine sichere sowie pers\u00f6nliche Betreuung durch einen erfahrenen Wandercoach.<\/p>\n<h3 data-section-id=\"3ki1h2\" data-start=\"816\" data-end=\"830\">Leistungen<\/h3>\n<ul data-start=\"831\" data-end=\"1039\">\n<li data-section-id=\"cg0vbk\" data-start=\"831\" data-end=\"857\">Pers\u00f6nlicher Wandercoach<\/li>\n<li data-section-id=\"9bpsy4\" data-start=\"858\" data-end=\"890\">Individuelle Familienbetreuung<\/li>\n<li data-section-id=\"1gmxp59\" data-start=\"891\" data-end=\"941\">Familienfreundliche Wanderroute auf der Gerlitze<\/li>\n<li data-section-id=\"1crt876\" data-start=\"942\" data-end=\"977\">Bewegung, Spiel und Naturerlebnis<\/li>\n<li data-section-id=\"10ldxoh\" data-start=\"978\" data-end=\"1020\">Tipps zu Wandern und Outdoor-Aktivit\u00e4ten<\/li>\n<li data-section-id=\"bb9gs0\" data-start=\"1021\" data-end=\"1039\">Dauer: 6 Stunden<\/li>\n<\/ul>\n<h3 data-section-id=\"7c4fuj\" data-start=\"1041\" data-end=\"1050\">Preis<\/h3>\n<p data-start=\"1051\" data-end=\"1090\">120,00 \u20ac inkl. Umsatzsteuer pro Familie<\/p>\n<h3 data-section-id=\"1f0m38x\" data-start=\"1092\" data-end=\"1108\">Sonderaktion<\/h3>\n<p data-start=\"1109\" data-end=\"1160\">10 % Einf\u00fchrungsrabatt bei Buchungen bis 31.05.2026<\/p>\n<h3 data-section-id=\"1ozrvzz\" data-start=\"1162\" data-end=\"1184\">Angebotsg\u00fcltigkeit<\/h3>\n<p data-start=\"1185\" data-end=\"1206\">Bis 31.08.2026 g\u00fcltig<\/p>\n<h3 data-section-id=\"13i2m9u\" data-start=\"1208\" data-end=\"1231\">Zahlungsbedingungen<\/h3>\n<p data-start=\"1232\" data-end=\"1288\">Die Zahlung erfolgt nach Erhalt der Auftragsbest\u00e4tigung.<\/p>\n<h3 data-section-id=\"1ollqbo\" data-start=\"1290\" data-end=\"1302\">Anbieter<\/h3>\n<p data-start=\"1303\" data-end=\"1446\" data-is-last-node=\"\" data-is-only-node=\"\"><span class=\"hover:entity-accent entity-underline inline cursor-pointer align-baseline\"><span class=\"whitespace-normal\">FIT Impact GmbH<\/span><\/span><br data-start=\"1340\" data-end=\"1343\" \/>Franz-Xaver-Wirth-Stra\u00dfe 3, 9500 Villach<br data-start=\"1383\" data-end=\"1386\" \/>E-Mail: <a class=\"decorated-link cursor-pointer\" rel=\"noopener\" data-start=\"1394\" data-end=\"1417\">fit679@uebungsfirmen.at<\/a><br data-start=\"1417\" data-end=\"1420\" \/>Telefon: 04242 28540 DW 10<\/p>\n","protected":false},"excerpt":{"rendered":"<p>Pers\u00f6nlicher Wandercoach f\u00fcr Familien \u2013 Tagesausflug auf die Gerlitze Erleben Sie gemeinsam mit Ihrer Familie einen unvergesslichen Wandertag in der K\u00e4rntner Bergwelt. Unser pers\u00f6nlicher Wandercoach begleitet Sie individuell durch einen abwechslungsreichen Tagesausflug auf die Gerlitze und sorgt f\u00fcr Bewegung, Naturerlebnis und gemeinsame Familienzeit. Das Angebot richtet sich speziell an Familien mit Kindern und wird an [&hellip;]<\/p>\n","protected":false},"featured_media":490,"template":"","meta":[],"product_cat":[34],"product_tag":[],"class_list":{"0":"post-509","1":"product","2":"type-product","3":"status-publish","4":"has-post-thumbnail","6":"product_cat-autos-und-fahrzeuge","8":"first","9":"instock","10":"sale","11":"taxable","12":"shipping-taxable","13":"purchasable","14":"product-type-simple"},"_links":{"self":[{"href":"https:\/\/actionmall.act.at\/shop\/679\/en\/wp-json\/wp\/v2\/product\/509"}],"collection":[{"href":"https:\/\/actionmall.act.at\/shop\/679\/en\/wp-json\/wp\/v2\/product"}],"about":[{"href":"https:\/\/actionmall.act.at\/shop\/679\/en\/wp-json\/wp\/v2\/types\/product"}],"wp:featuredmedia":[{"embeddable":true,"href":"https:\/\/actionmall.act.at\/shop\/679\/en\/wp-json\/wp\/v2\/media\/490"}],"wp:attachment":[{"href":"https:\/\/actionmall.act.at\/shop\/679\/en\/wp-json\/wp\/v2\/media?parent=509"}],"wp:term":[{"taxonomy":"product_cat","embeddable":true,"href":"https:\/\/actionmall.act.at\/shop\/679\/en\/wp-json\/wp\/v2\/product_cat?post=509"},{"taxonomy":"product_tag","embeddable":true,"href":"https:\/\/actionmall.act.at\/shop\/679\/en\/wp-json\/wp\/v2\/product_tag?post=509"}],"curies":[{"name":"wp","href":"https:\/\/api.w.org\/{rel}","templated":true}]}}