{"id":253,"date":"2024-11-07T11:10:59","date_gmt":"2024-11-07T10:10:59","guid":{"rendered":"https:\/\/actionmall.act.at\/shop\/679\/?post_type=product&#038;p=253"},"modified":"2024-11-07T11:50:19","modified_gmt":"2024-11-07T10:50:19","slug":"hanteln-set","status":"publish","type":"product","link":"https:\/\/actionmall.act.at\/shop\/679\/produkt\/hanteln-set\/","title":{"rendered":"Hanteln-Set"},"content":{"rendered":"<p>Das Hantel-Set ist das perfekte Trainingsaccessoire f\u00fcr Anf\u00e4nger und Fortgeschrittene, die ihre Fitnessziele erreichen m\u00f6chten. Mit einer Vielzahl von \u00dcbungen wie Bizepscurls, Schulterdr\u00fccken und Kniebeugen k\u00f6nnen Sie gezielt Ihre Muskeln aufbauen und die Kraft steigern. Das Set besteht aus zwei Hanteln, die mit hochwertigem, rutschfestem Material f\u00fcr einen sicheren Griff und komfortables Training ausgestattet sind. 1X5kg, 1X10kg, 1X15kg<\/p>\n","protected":false},"excerpt":{"rendered":"<p>Das Hantel-Set ist das perfekte Trainingsaccessoire f\u00fcr Anf\u00e4nger und Fortgeschrittene, die ihre Fitnessziele erreichen m\u00f6chten. Mit einer Vielzahl von \u00dcbungen wie Bizepscurls, Schulterdr\u00fccken und Kniebeugen k\u00f6nnen Sie gezielt Ihre Muskeln aufbauen und die Kraft steigern. Das Set besteht aus zwei Hanteln, die mit hochwertigem, rutschfestem Material f\u00fcr einen sicheren Griff und komfortables Training ausgestattet sind. [&hellip;]<\/p>\n","protected":false},"featured_media":261,"template":"","meta":[],"product_cat":[],"product_tag":[],"class_list":{"0":"post-253","1":"product","2":"type-product","3":"status-publish","4":"has-post-thumbnail","7":"first","8":"instock","9":"taxable","10":"shipping-taxable","11":"purchasable","12":"product-type-simple"},"_links":{"self":[{"href":"https:\/\/actionmall.act.at\/shop\/679\/wp-json\/wp\/v2\/product\/253"}],"collection":[{"href":"https:\/\/actionmall.act.at\/shop\/679\/wp-json\/wp\/v2\/product"}],"about":[{"href":"https:\/\/actionmall.act.at\/shop\/679\/wp-json\/wp\/v2\/types\/product"}],"wp:featuredmedia":[{"embeddable":true,"href":"https:\/\/actionmall.act.at\/shop\/679\/wp-json\/wp\/v2\/media\/261"}],"wp:attachment":[{"href":"https:\/\/actionmall.act.at\/shop\/679\/wp-json\/wp\/v2\/media?parent=253"}],"wp:term":[{"taxonomy":"product_cat","embeddable":true,"href":"https:\/\/actionmall.act.at\/shop\/679\/wp-json\/wp\/v2\/product_cat?post=253"},{"taxonomy":"product_tag","embeddable":true,"href":"https:\/\/actionmall.act.at\/shop\/679\/wp-json\/wp\/v2\/product_tag?post=253"}],"curies":[{"name":"wp","href":"https:\/\/api.w.org\/{rel}","templated":true}]}}