{"id":289,"date":"2026-03-24T12:53:22","date_gmt":"2026-03-24T11:53:22","guid":{"rendered":"https:\/\/actionmall.act.at\/shop\/679\/?post_type=product&#038;p=289"},"modified":"2026-04-01T00:25:01","modified_gmt":"2026-03-31T22:25:01","slug":"online-mental-health-coaching","status":"publish","type":"product","link":"https:\/\/actionmall.act.at\/shop\/679\/produkt\/online-mental-health-coaching\/","title":{"rendered":"Online Mental Health Coaching"},"content":{"rendered":"<p><em>Unterst\u00fctzung f\u00fcr junge Menschen, die Stress, Sorgen oder mentale Herausforderungen haben.<\/em><\/p>\n<p><em>Das Angebot beinhaltet Einzelcoaching via Video Call, mit 30h\/Monat. Die erste Probestunde ist kostenlos.<\/em><\/p>\n<p><em>Zusammen st\u00e4rken wir dein Selbstvertrauen, deine Motivation und \u00fcberw\u00e4ltigen deine \u00c4ngste. Zusammen werden wir stark.<\/em><\/p>\n<p><em>Strong Life. Strong mind.<\/em><img loading=\"lazy\" decoding=\"async\" class=\"alignnone size-medium wp-image-301\" src=\"https:\/\/actionmall.act.at\/shop\/679\/wp-content\/uploads\/2026\/03\/MentalHealth-flyer-200x300.jpg\" alt=\"\" width=\"200\" height=\"300\" srcset=\"https:\/\/actionmall.act.at\/shop\/679\/wp-content\/uploads\/2026\/03\/MentalHealth-flyer-200x300.jpg 200w, https:\/\/actionmall.act.at\/shop\/679\/wp-content\/uploads\/2026\/03\/MentalHealth-flyer-416x624.jpg 416w, https:\/\/actionmall.act.at\/shop\/679\/wp-content\/uploads\/2026\/03\/MentalHealth-flyer.jpg 533w\" sizes=\"(max-width: 200px) 100vw, 200px\" \/><\/p>\n","protected":false},"excerpt":{"rendered":"<p>Unterst\u00fctzung f\u00fcr junge Menschen, die Stress, Sorgen oder mentale Herausforderungen haben. Das Angebot beinhaltet Einzelcoaching via Video Call, mit 30h\/Monat. Die erste Probestunde ist kostenlos. Zusammen st\u00e4rken wir dein Selbstvertrauen, deine Motivation und \u00fcberw\u00e4ltigen deine \u00c4ngste. Zusammen werden wir stark. Strong Life. Strong mind.<\/p>\n","protected":false},"featured_media":304,"template":"","meta":[],"product_cat":[43,46,58,61],"product_tag":[],"class_list":{"0":"post-289","1":"product","2":"type-product","3":"status-publish","4":"has-post-thumbnail","6":"product_cat-unterhaltung-freizeit-und-kultur","7":"product_cat-gesundheit-und-wellness","8":"product_cat-it-und-elektronik","9":"product_cat-dienstleistungen-und-oeffentliche-versorgung","11":"first","12":"instock","13":"taxable","14":"shipping-taxable","15":"purchasable","16":"product-type-simple"},"_links":{"self":[{"href":"https:\/\/actionmall.act.at\/shop\/679\/wp-json\/wp\/v2\/product\/289"}],"collection":[{"href":"https:\/\/actionmall.act.at\/shop\/679\/wp-json\/wp\/v2\/product"}],"about":[{"href":"https:\/\/actionmall.act.at\/shop\/679\/wp-json\/wp\/v2\/types\/product"}],"wp:featuredmedia":[{"embeddable":true,"href":"https:\/\/actionmall.act.at\/shop\/679\/wp-json\/wp\/v2\/media\/304"}],"wp:attachment":[{"href":"https:\/\/actionmall.act.at\/shop\/679\/wp-json\/wp\/v2\/media?parent=289"}],"wp:term":[{"taxonomy":"product_cat","embeddable":true,"href":"https:\/\/actionmall.act.at\/shop\/679\/wp-json\/wp\/v2\/product_cat?post=289"},{"taxonomy":"product_tag","embeddable":true,"href":"https:\/\/actionmall.act.at\/shop\/679\/wp-json\/wp\/v2\/product_tag?post=289"}],"curies":[{"name":"wp","href":"https:\/\/api.w.org\/{rel}","templated":true}]}}