{"id":312,"date":"2026-03-24T13:09:00","date_gmt":"2026-03-24T12:09:00","guid":{"rendered":"https:\/\/actionmall.act.at\/shop\/679\/?post_type=product&#038;p=312"},"modified":"2026-04-07T12:31:49","modified_gmt":"2026-04-07T10:31:49","slug":"online-coaching-zur-ueberwindung-von-fahrangst","status":"publish","type":"product","link":"https:\/\/actionmall.act.at\/shop\/679\/produkt\/online-coaching-zur-ueberwindung-von-fahrangst\/","title":{"rendered":"Online Coaching zur \u00dcberwindung von Fahrangst"},"content":{"rendered":"<p data-start=\"356\" data-end=\"604\"><strong>Online Coaching zur \u00dcberwindung von Fahrangst<\/strong><\/p>\n<p data-start=\"356\" data-end=\"604\">F\u00fchlen Sie sich unsicher beim Autofahren oder vermeiden Sie bestimmte Situationen im Stra\u00dfenverkehr? Mit meinem Online-Coaching unterst\u00fctze ich Sie dabei, Ihre Fahrangst Schritt f\u00fcr Schritt zu \u00fcberwinden und wieder sicher sowie entspannt zu fahren.<\/p>\n<p data-start=\"606\" data-end=\"724\">In individuell abgestimmten Einheiten \u00fcber Zoom begleite ich Sie pers\u00f6nlich und gehe gezielt auf Ihre Bed\u00fcrfnisse ein.<\/p>\n<p data-start=\"726\" data-end=\"925\"><strong>\u2714<\/strong> Ideal f\u00fcr Personen mit F\u00fchrerschein (18\u201370 Jahre)<br data-start=\"777\" data-end=\"780\" \/><strong>\u2714<\/strong> Individuelle Betreuung &#038; flexible Termine<br data-start=\"823\" data-end=\"826\" \/><strong>\u2714<\/strong> Psychologisch-p\u00e4dagogischer Ansatz<br data-start=\"862\" data-end=\"865\" \/><strong>\u2714<\/strong> Schritt-f\u00fcr-Schritt zu mehr Sicherheit im Stra\u00dfenverkehr<\/p>\n<p data-start=\"927\" data-end=\"1078\"><strong data-start=\"927\" data-end=\"942\">Leistungen:<\/strong><br \/>\n\u2022 10 Coaching-Einheiten<br data-start=\"966\" data-end=\"969\" \/>\u2022 Dauer: jeweils 60 Minuten<br data-start=\"996\" data-end=\"999\" \/>\u2022 Durchf\u00fchrung: online \u00fcber Zoom<br data-start=\"1031\" data-end=\"1034\" \/>\u2022 Terminvereinbarung individuell nach Kauf<\/p>\n<p data-start=\"1080\" data-end=\"1123\"><strong data-start=\"1080\" data-end=\"1090\">Preis:<\/strong><br \/>\n75,00 \u20ac pro Paket (10 Einheiten)<\/p>\n<p data-start=\"1125\" data-end=\"1165\"><strong data-start=\"1125\" data-end=\"1133\">Ort:<\/strong><br \/>\nOnline \u2013 bequem von zuhause aus<\/p>\n<p data-start=\"1167\" data-end=\"1222\"><strong data-start=\"1167\" data-end=\"1178\">Slogan:<\/strong><br \/>\n\u201eMehr Sicherheit. Mehr Vertrauen. Mehr du.\u201c<\/p>\n<p data-start=\"1224\" data-end=\"1300\">Starten Sie jetzt und gewinnen Sie Ihre Sicherheit im Stra\u00dfenverkehr zur\u00fcck!<\/p>\n<p data-start=\"1224\" data-end=\"1300\">Fit Impact GmbH<br data-start=\"1399\" data-end=\"1402\" \/>Franz-Xaver-Wirth Stra\u00dfe 3<br data-start=\"1428\" data-end=\"1431\" \/>9500 Villach<br data-start=\"1443\" data-end=\"1446\" \/>E-Mail: f<a class=\"decorated-link cursor-pointer\" rel=\"noopener\" data-start=\"1454\" data-end=\"1477\">it679@uebungsfirmen.at<\/a><\/p>\n<p data-start=\"1224\" data-end=\"1300\">\n","protected":false},"excerpt":{"rendered":"<p>Online Coaching zur \u00dcberwindung von Fahrangst F\u00fchlen Sie sich unsicher beim Autofahren oder vermeiden Sie bestimmte Situationen im Stra\u00dfenverkehr? Mit meinem Online-Coaching unterst\u00fctze ich Sie dabei, Ihre Fahrangst Schritt f\u00fcr Schritt zu \u00fcberwinden und wieder sicher sowie entspannt zu fahren. In individuell abgestimmten Einheiten \u00fcber Zoom begleite ich Sie pers\u00f6nlich und gehe gezielt auf Ihre [&hellip;]<\/p>\n","protected":false},"featured_media":401,"template":"","meta":[],"product_cat":[34],"product_tag":[],"class_list":{"0":"post-312","1":"product","2":"type-product","3":"status-publish","4":"has-post-thumbnail","6":"product_cat-autos-und-fahrzeuge","8":"first","9":"instock","10":"taxable","11":"shipping-taxable","12":"purchasable","13":"product-type-simple"},"_links":{"self":[{"href":"https:\/\/actionmall.act.at\/shop\/679\/wp-json\/wp\/v2\/product\/312"}],"collection":[{"href":"https:\/\/actionmall.act.at\/shop\/679\/wp-json\/wp\/v2\/product"}],"about":[{"href":"https:\/\/actionmall.act.at\/shop\/679\/wp-json\/wp\/v2\/types\/product"}],"wp:featuredmedia":[{"embeddable":true,"href":"https:\/\/actionmall.act.at\/shop\/679\/wp-json\/wp\/v2\/media\/401"}],"wp:attachment":[{"href":"https:\/\/actionmall.act.at\/shop\/679\/wp-json\/wp\/v2\/media?parent=312"}],"wp:term":[{"taxonomy":"product_cat","embeddable":true,"href":"https:\/\/actionmall.act.at\/shop\/679\/wp-json\/wp\/v2\/product_cat?post=312"},{"taxonomy":"product_tag","embeddable":true,"href":"https:\/\/actionmall.act.at\/shop\/679\/wp-json\/wp\/v2\/product_tag?post=312"}],"curies":[{"name":"wp","href":"https:\/\/api.w.org\/{rel}","templated":true}]}}