{"id":335,"date":"2026-04-07T11:49:21","date_gmt":"2026-04-07T09:49:21","guid":{"rendered":"https:\/\/actionmall.act.at\/shop\/679\/?post_type=product&#038;p=335"},"modified":"2026-04-07T12:03:06","modified_gmt":"2026-04-07T10:03:06","slug":"yoga-online-coach","status":"publish","type":"product","link":"https:\/\/actionmall.act.at\/shop\/679\/produkt\/yoga-online-coach\/","title":{"rendered":"Yoga online Coach"},"content":{"rendered":"<p>Mehr Balance im Alltag \u2013 Online Yoga &#038; Entspannungstraining<\/p>\n<p>Sehr geehrte Damen und Herren,<\/p>\n<p>in einer Zeit, in der Schule, Arbeit und Alltag immer stressiger werden, ist es besonders wichtig, K\u00f6rper und Geist regelm\u00e4\u00dfig zu entspannen. Genau hier setzt unser neues Angebot der Fit Impact GmbH an.<\/p>\n<p>Ich, Darian Nindler, Online-Coach mit Ausbildung in Psychologie und P\u00e4dagogik sowie gro\u00dfer Leidenschaft f\u00fcr Sport und Bewegung, unterst\u00fctze Jugendliche und Erwachsene dabei, mehr Ruhe, Konzentration und Ausgeglichenheit in ihren Alltag zu bringen.<\/p>\n<p>Unser **Online-Yoga- und Entspannungsprogramm bietet Ihnen:<\/p>\n<p>* 10 Online-Coaching Einheiten<\/p>\n<p>* jeweils 45 Minuten pro Einheit<\/p>\n<p>* pers\u00f6nliche Betreuung \u00fcber Zoom<\/p>\n<p>* flexible Terminvereinbarung nach Vertragsabschluss<\/p>\n<p>* geeignet f\u00fcr Jugendliche (15\u201320 Jahre) und Erwachsene<\/p>\n<p>Preis:<\/p>\n<p>Nur 67 \u20ac pro Einheit (inkl. 20 % USt.)<\/p>\n<p>W\u00e4hrend der Einheiten lernen Sie einfache Yoga- und Entspannungstechniken, die Sie auch im Alltag anwenden k\u00f6nnen. Ziel ist es, Stress abzubauen, die Konzentration zu verbessern und das allgemeine Wohlbefinden zu steigern.<\/p>\n<p>Sc: nindler07<\/p>\n<p>\u201eEntspann dich \u2013 finde deine Balance.\u201c<\/p>\n<p>Online Coach \u2013 Yoga &#038; Entspannung<\/p>\n<p>Fit Impact GmbH<\/p>\n","protected":false},"excerpt":{"rendered":"<p>Mehr Balance im Alltag \u2013 Online Yoga &#038; Entspannungstraining Sehr geehrte Damen und Herren, in einer Zeit, in der Schule, Arbeit und Alltag immer stressiger werden, ist es besonders wichtig, K\u00f6rper und Geist regelm\u00e4\u00dfig zu entspannen. Genau hier setzt unser neues Angebot der Fit Impact GmbH an. Ich, Darian Nindler, Online-Coach mit Ausbildung in Psychologie [&hellip;]<\/p>\n","protected":false},"featured_media":341,"template":"","meta":[],"product_cat":[34],"product_tag":[],"class_list":{"0":"post-335","1":"product","2":"type-product","3":"status-publish","4":"has-post-thumbnail","6":"product_cat-autos-und-fahrzeuge","8":"first","9":"instock","10":"taxable","11":"shipping-taxable","12":"purchasable","13":"product-type-simple"},"_links":{"self":[{"href":"https:\/\/actionmall.act.at\/shop\/679\/wp-json\/wp\/v2\/product\/335"}],"collection":[{"href":"https:\/\/actionmall.act.at\/shop\/679\/wp-json\/wp\/v2\/product"}],"about":[{"href":"https:\/\/actionmall.act.at\/shop\/679\/wp-json\/wp\/v2\/types\/product"}],"wp:featuredmedia":[{"embeddable":true,"href":"https:\/\/actionmall.act.at\/shop\/679\/wp-json\/wp\/v2\/media\/341"}],"wp:attachment":[{"href":"https:\/\/actionmall.act.at\/shop\/679\/wp-json\/wp\/v2\/media?parent=335"}],"wp:term":[{"taxonomy":"product_cat","embeddable":true,"href":"https:\/\/actionmall.act.at\/shop\/679\/wp-json\/wp\/v2\/product_cat?post=335"},{"taxonomy":"product_tag","embeddable":true,"href":"https:\/\/actionmall.act.at\/shop\/679\/wp-json\/wp\/v2\/product_tag?post=335"}],"curies":[{"name":"wp","href":"https:\/\/api.w.org\/{rel}","templated":true}]}}