{"id":337,"date":"2026-04-07T12:01:01","date_gmt":"2026-04-07T10:01:01","guid":{"rendered":"https:\/\/actionmall.act.at\/shop\/679\/?post_type=product&#038;p=337"},"modified":"2026-04-07T12:18:02","modified_gmt":"2026-04-07T10:18:02","slug":"nagelkurs","status":"publish","type":"product","link":"https:\/\/actionmall.act.at\/shop\/679\/produkt\/nagelkurs\/","title":{"rendered":"Nagelkurs"},"content":{"rendered":"<p data-start=\"162\" data-end=\"438\">Du m\u00f6chtest wundersch\u00f6ne N\u00e4gel selbst gestalten und deine Leidenschaft f\u00fcr Naildesign entdecken? Mit unserem <strong data-start=\"271\" data-end=\"309\">Online Nagelkurs f\u00fcr Anf\u00e4ngerinnen<\/strong> lernst du Schritt f\u00fcr Schritt alles, was du f\u00fcr den Einstieg in die Welt der Nagelkunst brauchst \u2013 ganz bequem von zu Hause aus.<\/p>\n<p data-start=\"440\" data-end=\"610\">Egal, ob du komplette Anf\u00e4ngerin bist oder erste Erfahrungen hast: Dieser Kurs f\u00fchrt dich verst\u00e4ndlich und praxisnah vom Basiswissen bis hin zu professionellen Techniken.<\/p>\n<p data-start=\"612\" data-end=\"634\"><strong data-start=\"612\" data-end=\"634\">Das erwartet dich:<\/strong><\/p>\n<ul data-start=\"635\" data-end=\"863\">\n<li data-section-id=\"18nulfp\" data-start=\"635\" data-end=\"687\">Grundlagen des Nageldesigns verst\u00e4ndlich erkl\u00e4rt<\/li>\n<li data-section-id=\"1ld717w\" data-start=\"688\" data-end=\"722\">Richtige Nagelpflege &#038; Hygiene<\/li>\n<li data-section-id=\"gqs7s8\" data-start=\"723\" data-end=\"770\">Schritt-f\u00fcr-Schritt Anleitung f\u00fcr Gel-N\u00e4gel<\/li>\n<li data-section-id=\"9qbdwa\" data-start=\"771\" data-end=\"814\">Trendige Designs und kreative Techniken<\/li>\n<li data-section-id=\"mh9yk8\" data-start=\"815\" data-end=\"863\">Profi-Tipps &#038; Tricks f\u00fcr perfekte Ergebnisse<\/li>\n<\/ul>\n<p data-start=\"865\" data-end=\"884\"><strong data-start=\"865\" data-end=\"884\">Deine Vorteile:<\/strong><\/p>\n<ul data-start=\"885\" data-end=\"1076\">\n<li data-section-id=\"1kp6o4k\" data-start=\"885\" data-end=\"942\">100 % online \u2013 lerne flexibel in deinem eigenen Tempo<\/li>\n<li data-section-id=\"1ai1bu9\" data-start=\"943\" data-end=\"998\">Einfache Videoanleitungen \u2013 ideal f\u00fcr Anf\u00e4ngerinnen<\/li>\n<li data-section-id=\"1wryqgc\" data-start=\"999\" data-end=\"1042\">Pers\u00f6nliche Tipps von Coach Taida Balic<\/li>\n<li data-section-id=\"1j5pr8b\" data-start=\"1043\" data-end=\"1076\">Perfekt geeignet ab 16 Jahren<\/li>\n<\/ul>\n<p data-start=\"1078\" data-end=\"1173\"><strong data-start=\"1078\" data-end=\"1088\">Bonus:<\/strong><br data-start=\"1088\" data-end=\"1091\" \/>Zus\u00e4tzlich erh\u00e4ltst du exklusive Nail Design Tipps als PDF zum Nachlesen und \u00dcben.<\/p>\n<p data-start=\"1175\" data-end=\"1232\"><strong data-start=\"1175\" data-end=\"1185\">Preis:<\/strong><br data-start=\"1185\" data-end=\"1188\" \/>Einmalig nur <strong data-start=\"1201\" data-end=\"1209\">49 \u20ac<\/strong> f\u00fcr den gesamten Kurs.<\/p>\n<p data-start=\"1234\" data-end=\"1367\">Starte jetzt deine Reise in die Welt des Nageldesigns und verwandle deine Leidenschaft in dein K\u00f6nnen \u2013 ganz einfach von zuhause aus!<\/p>\n<p data-start=\"1234\" data-end=\"1367\">\n","protected":false},"excerpt":{"rendered":"<p>Du m\u00f6chtest wundersch\u00f6ne N\u00e4gel selbst gestalten und deine Leidenschaft f\u00fcr Naildesign entdecken? Mit unserem Online Nagelkurs f\u00fcr Anf\u00e4ngerinnen lernst du Schritt f\u00fcr Schritt alles, was du f\u00fcr den Einstieg in die Welt der Nagelkunst brauchst \u2013 ganz bequem von zu Hause aus. Egal, ob du komplette Anf\u00e4ngerin bist oder erste Erfahrungen hast: Dieser Kurs f\u00fchrt [&hellip;]<\/p>\n","protected":false},"featured_media":364,"template":"","meta":[],"product_cat":[61],"product_tag":[],"class_list":{"0":"post-337","1":"product","2":"type-product","3":"status-publish","4":"has-post-thumbnail","6":"product_cat-dienstleistungen-und-oeffentliche-versorgung","8":"first","9":"instock","10":"taxable","11":"shipping-taxable","12":"purchasable","13":"product-type-simple"},"_links":{"self":[{"href":"https:\/\/actionmall.act.at\/shop\/679\/wp-json\/wp\/v2\/product\/337"}],"collection":[{"href":"https:\/\/actionmall.act.at\/shop\/679\/wp-json\/wp\/v2\/product"}],"about":[{"href":"https:\/\/actionmall.act.at\/shop\/679\/wp-json\/wp\/v2\/types\/product"}],"wp:featuredmedia":[{"embeddable":true,"href":"https:\/\/actionmall.act.at\/shop\/679\/wp-json\/wp\/v2\/media\/364"}],"wp:attachment":[{"href":"https:\/\/actionmall.act.at\/shop\/679\/wp-json\/wp\/v2\/media?parent=337"}],"wp:term":[{"taxonomy":"product_cat","embeddable":true,"href":"https:\/\/actionmall.act.at\/shop\/679\/wp-json\/wp\/v2\/product_cat?post=337"},{"taxonomy":"product_tag","embeddable":true,"href":"https:\/\/actionmall.act.at\/shop\/679\/wp-json\/wp\/v2\/product_tag?post=337"}],"curies":[{"name":"wp","href":"https:\/\/api.w.org\/{rel}","templated":true}]}}