{"id":343,"date":"2026-04-07T12:12:47","date_gmt":"2026-04-07T10:12:47","guid":{"rendered":"https:\/\/actionmall.act.at\/shop\/679\/?post_type=product&#038;p=343"},"modified":"2026-04-07T12:12:47","modified_gmt":"2026-04-07T10:12:47","slug":"online-kochkurs","status":"publish","type":"product","link":"https:\/\/actionmall.act.at\/shop\/679\/produkt\/online-kochkurs\/","title":{"rendered":"Online-Kochkurs"},"content":{"rendered":"<p data-start=\"0\" data-end=\"393\">Interaktiver Online-Kochkurs mit mir als pers\u00f6nlicher Koch- und Konditoren-Coachin \u2013 ideal f\u00fcr alle, die gesund, einfach und mit Freude kochen lernen oder ihre F\u00e4higkeiten verbessern m\u00f6chten. In 10 Einheiten \u00e0 2 Stunden begleite ich dich Schritt f\u00fcr Schritt durch abwechslungsreiche, alltagstaugliche Rezepte und zeige dir praktische Tipps rund um Zubereitung, Zutaten und gesunde Ern\u00e4hrung.<\/p>\n<p data-start=\"395\" data-end=\"695\">Der Kurs ist live und interaktiv gestaltet, sodass du jederzeit Fragen stellen, direkt mitkochen und individuelles Feedback von mir erhalten kannst. Egal ob Anf\u00e4nger oder Hobbykoch \u2013 ich helfe dir dabei, mehr Sicherheit in der K\u00fcche zu gewinnen und neue Inspiration f\u00fcr deine Gerichte zu entdecken.<\/p>\n<p data-start=\"697\" data-end=\"775\" data-is-last-node=\"\" data-is-only-node=\"\">Gemeinsam kochen wir lecker, bewusst und mit Spa\u00df \u2013 f\u00fcr mehr Genuss im Alltag.<\/p>\n","protected":false},"excerpt":{"rendered":"<p>Interaktiver Online-Kochkurs mit mir als pers\u00f6nlicher Koch- und Konditoren-Coachin \u2013 ideal f\u00fcr alle, die gesund, einfach und mit Freude kochen lernen oder ihre F\u00e4higkeiten verbessern m\u00f6chten. In 10 Einheiten \u00e0 2 Stunden begleite ich dich Schritt f\u00fcr Schritt durch abwechslungsreiche, alltagstaugliche Rezepte und zeige dir praktische Tipps rund um Zubereitung, Zutaten und gesunde Ern\u00e4hrung. Der [&hellip;]<\/p>\n","protected":false},"featured_media":384,"template":"","meta":[],"product_cat":[34],"product_tag":[],"class_list":{"0":"post-343","1":"product","2":"type-product","3":"status-publish","4":"has-post-thumbnail","6":"product_cat-autos-und-fahrzeuge","8":"first","9":"instock","10":"taxable","11":"shipping-taxable","12":"purchasable","13":"product-type-simple"},"_links":{"self":[{"href":"https:\/\/actionmall.act.at\/shop\/679\/wp-json\/wp\/v2\/product\/343"}],"collection":[{"href":"https:\/\/actionmall.act.at\/shop\/679\/wp-json\/wp\/v2\/product"}],"about":[{"href":"https:\/\/actionmall.act.at\/shop\/679\/wp-json\/wp\/v2\/types\/product"}],"wp:featuredmedia":[{"embeddable":true,"href":"https:\/\/actionmall.act.at\/shop\/679\/wp-json\/wp\/v2\/media\/384"}],"wp:attachment":[{"href":"https:\/\/actionmall.act.at\/shop\/679\/wp-json\/wp\/v2\/media?parent=343"}],"wp:term":[{"taxonomy":"product_cat","embeddable":true,"href":"https:\/\/actionmall.act.at\/shop\/679\/wp-json\/wp\/v2\/product_cat?post=343"},{"taxonomy":"product_tag","embeddable":true,"href":"https:\/\/actionmall.act.at\/shop\/679\/wp-json\/wp\/v2\/product_tag?post=343"}],"curies":[{"name":"wp","href":"https:\/\/api.w.org\/{rel}","templated":true}]}}