{"id":344,"date":"2026-04-07T12:12:58","date_gmt":"2026-04-07T10:12:58","guid":{"rendered":"https:\/\/actionmall.act.at\/shop\/679\/?post_type=product&#038;p=344"},"modified":"2026-04-07T12:12:58","modified_gmt":"2026-04-07T10:12:58","slug":"online-schmink-coach","status":"publish","type":"product","link":"https:\/\/actionmall.act.at\/shop\/679\/produkt\/online-schmink-coach\/","title":{"rendered":"Online Schmink-Coach"},"content":{"rendered":"<p>Mit meinem exklusiven Online-Schminkkurs lernst du, wie du deinen perfekten Look selbst kreierst &#8211; ganz bequem von zu Hause aus<\/p>\n<p data-start=\"289\" data-end=\"574\">In 10 individuellen Zoom-Einheiten \u00e0 60 Minuten zeige ich dir Schritt f\u00fcr Schritt professionelle Techniken, Tipps &#038; Tricks aus der Praxis. Egal ob Anf\u00e4ngerin oder Fortgeschrittene \u2013 ich gehe gezielt auf deine W\u00fcnsche ein und helfe dir, deinen pers\u00f6nlichen Stil zu perfektionieren.<\/p>\n<p data-start=\"289\" data-end=\"574\">Das erwartet dich:<\/p>\n<ul data-start=\"600\" data-end=\"769\">\n<li data-start=\"600\" data-end=\"629\">Pers\u00f6nliches 1:1 Coaching<\/li>\n<li data-start=\"630\" data-end=\"681\">Individuelle Beratung f\u00fcr deinen perfekten Look<\/li>\n<li data-start=\"682\" data-end=\"728\">Profi-Tipps f\u00fcr Alltag &#038; besondere Anl\u00e4sse<\/li>\n<li data-start=\"729\" data-end=\"769\">Spa\u00df, Selbstbewusstsein und Glamour!<\/li>\n<\/ul>\n<p data-start=\"771\" data-end=\"830\">Gesamtpaket: 10 Einheiten f\u00fcr nur 1000 \u20ac (inkl. MwSt.)<br \/>\nStarte jetzt deine Beauty-Reise und bring dein Make-up auf das n\u00e4chste Level!<\/p>\n","protected":false},"excerpt":{"rendered":"<p>Mit meinem exklusiven Online-Schminkkurs lernst du, wie du deinen perfekten Look selbst kreierst &#8211; ganz bequem von zu Hause aus In 10 individuellen Zoom-Einheiten \u00e0 60 Minuten zeige ich dir Schritt f\u00fcr Schritt professionelle Techniken, Tipps &#038; Tricks aus der Praxis. Egal ob Anf\u00e4ngerin oder Fortgeschrittene \u2013 ich gehe gezielt auf deine W\u00fcnsche ein und [&hellip;]<\/p>\n","protected":false},"featured_media":385,"template":"","meta":[],"product_cat":[34],"product_tag":[],"class_list":{"0":"post-344","1":"product","2":"type-product","3":"status-publish","4":"has-post-thumbnail","6":"product_cat-autos-und-fahrzeuge","8":"first","9":"instock","10":"taxable","11":"shipping-taxable","12":"purchasable","13":"product-type-simple"},"_links":{"self":[{"href":"https:\/\/actionmall.act.at\/shop\/679\/wp-json\/wp\/v2\/product\/344"}],"collection":[{"href":"https:\/\/actionmall.act.at\/shop\/679\/wp-json\/wp\/v2\/product"}],"about":[{"href":"https:\/\/actionmall.act.at\/shop\/679\/wp-json\/wp\/v2\/types\/product"}],"wp:featuredmedia":[{"embeddable":true,"href":"https:\/\/actionmall.act.at\/shop\/679\/wp-json\/wp\/v2\/media\/385"}],"wp:attachment":[{"href":"https:\/\/actionmall.act.at\/shop\/679\/wp-json\/wp\/v2\/media?parent=344"}],"wp:term":[{"taxonomy":"product_cat","embeddable":true,"href":"https:\/\/actionmall.act.at\/shop\/679\/wp-json\/wp\/v2\/product_cat?post=344"},{"taxonomy":"product_tag","embeddable":true,"href":"https:\/\/actionmall.act.at\/shop\/679\/wp-json\/wp\/v2\/product_tag?post=344"}],"curies":[{"name":"wp","href":"https:\/\/api.w.org\/{rel}","templated":true}]}}