{"id":347,"date":"2026-04-07T11:56:33","date_gmt":"2026-04-07T09:56:33","guid":{"rendered":"https:\/\/actionmall.act.at\/shop\/679\/?post_type=product&#038;p=347"},"modified":"2026-04-07T12:03:31","modified_gmt":"2026-04-07T10:03:31","slug":"online-ski-couch","status":"publish","type":"product","link":"https:\/\/actionmall.act.at\/shop\/679\/produkt\/online-ski-couch\/","title":{"rendered":"Online Ski-Couch"},"content":{"rendered":"<p data-start=\"122\" data-end=\"330\">Du willst besser Ski fahren, dich sicherer f\u00fchlen oder endlich den n\u00e4chsten Schritt machen? Ich begleite dich mit individuellem Coaching, verst\u00e4ndlichen Tipps und ehrlichem Feedback \u2013 ganz entspannt online.<\/p>\n<p data-start=\"332\" data-end=\"596\"><strong data-start=\"332\" data-end=\"351\">Deine Vorteile:<\/strong><br data-start=\"351\" data-end=\"354\" \/>\u2022 Individuelles Training \u2013 genau auf dein Level abgestimmt<br data-start=\"412\" data-end=\"415\" \/>\u2022 Pers\u00f6nliches Feedback &#038; Videoanalyse<br data-start=\"453\" data-end=\"456\" \/>\u2022 Flexibel \u2013 trainiere wann und wo du willst<br data-start=\"500\" data-end=\"503\" \/>\u2022 Schnelle Fortschritte durch gezielte Tipps<br data-start=\"547\" data-end=\"550\" \/>\u2022 F\u00fcr Anf\u00e4nger und Fortgeschrittene geeignet<\/p>\n<p data-start=\"598\" data-end=\"638\"><strong data-start=\"598\" data-end=\"608\">Preis:<\/strong><br data-start=\"608\" data-end=\"611\" \/>75 \u20ac pro Stunde (inkl. USt)<\/p>\n","protected":false},"excerpt":{"rendered":"<p>Du willst besser Ski fahren, dich sicherer f\u00fchlen oder endlich den n\u00e4chsten Schritt machen? Ich begleite dich mit individuellem Coaching, verst\u00e4ndlichen Tipps und ehrlichem Feedback \u2013 ganz entspannt online. Deine Vorteile:\u2022 Individuelles Training \u2013 genau auf dein Level abgestimmt\u2022 Pers\u00f6nliches Feedback &#038; Videoanalyse\u2022 Flexibel \u2013 trainiere wann und wo du willst\u2022 Schnelle Fortschritte durch gezielte [&hellip;]<\/p>\n","protected":false},"featured_media":355,"template":"","meta":[],"product_cat":[45,58],"product_tag":[],"class_list":{"0":"post-347","1":"product","2":"type-product","3":"status-publish","4":"has-post-thumbnail","6":"product_cat-sport-veranstaltungen-hobbies","7":"product_cat-it-und-elektronik","9":"first","10":"instock","11":"taxable","12":"shipping-taxable","13":"purchasable","14":"product-type-simple"},"_links":{"self":[{"href":"https:\/\/actionmall.act.at\/shop\/679\/wp-json\/wp\/v2\/product\/347"}],"collection":[{"href":"https:\/\/actionmall.act.at\/shop\/679\/wp-json\/wp\/v2\/product"}],"about":[{"href":"https:\/\/actionmall.act.at\/shop\/679\/wp-json\/wp\/v2\/types\/product"}],"wp:featuredmedia":[{"embeddable":true,"href":"https:\/\/actionmall.act.at\/shop\/679\/wp-json\/wp\/v2\/media\/355"}],"wp:attachment":[{"href":"https:\/\/actionmall.act.at\/shop\/679\/wp-json\/wp\/v2\/media?parent=347"}],"wp:term":[{"taxonomy":"product_cat","embeddable":true,"href":"https:\/\/actionmall.act.at\/shop\/679\/wp-json\/wp\/v2\/product_cat?post=347"},{"taxonomy":"product_tag","embeddable":true,"href":"https:\/\/actionmall.act.at\/shop\/679\/wp-json\/wp\/v2\/product_tag?post=347"}],"curies":[{"name":"wp","href":"https:\/\/api.w.org\/{rel}","templated":true}]}}