{"id":363,"date":"2026-04-07T12:04:06","date_gmt":"2026-04-07T10:04:06","guid":{"rendered":"https:\/\/actionmall.act.at\/shop\/679\/?post_type=product&#038;p=363"},"modified":"2026-04-07T12:07:46","modified_gmt":"2026-04-07T10:07:46","slug":"onlinecoach-fuer-die-vorbereitung-der-jagdpruefung-2","status":"publish","type":"product","link":"https:\/\/actionmall.act.at\/shop\/679\/produkt\/onlinecoach-fuer-die-vorbereitung-der-jagdpruefung-2\/","title":{"rendered":"Onlinecoach f\u00fcr die Vorbereitung der Jagdpr\u00fcfung"},"content":{"rendered":"<p data-start=\"121\" data-end=\"476\">Professionelles Online-Jagdcoaching zur optimalen Vorbereitung auf die Jagdpr\u00fcfung. In individuellen Zoom-Einheiten vermittle ich praxisnahes Wissen \u00fcber Wildtiere, Jagdrecht und den sicheren Umgang mit Waffen. Die Einheiten werden pers\u00f6nlich auf Ihre Bed\u00fcrfnisse abgestimmt und helfen Ihnen, sich strukturiert und effizient auf die Pr\u00fcfung vorzubereiten.<\/p>\n<p data-start=\"478\" data-end=\"575\"><strong data-start=\"478\" data-end=\"488\">Preis:<\/strong> 90 \u20ac pro Stunde<br data-start=\"504\" data-end=\"507\" \/><strong data-start=\"507\" data-end=\"515\">Ort:<\/strong> Online (Zoom)<br data-start=\"529\" data-end=\"532\" \/><strong data-start=\"532\" data-end=\"575\" data-is-only-node=\"\">Individuelle Terminvereinbarung m\u00f6glich<\/strong><\/p>\n<p data-start=\"577\" data-end=\"694\" data-is-last-node=\"\" data-is-only-node=\"\">Wenn Sie sicher und gut vorbereitet zur Jagdpr\u00fcfung antreten m\u00f6chten, ist dieses Coaching genau das Richtige f\u00fcr Sie.<\/p>\n","protected":false},"excerpt":{"rendered":"<p>Professionelles Online-Jagdcoaching zur optimalen Vorbereitung auf die Jagdpr\u00fcfung. In individuellen Zoom-Einheiten vermittle ich praxisnahes Wissen \u00fcber Wildtiere, Jagdrecht und den sicheren Umgang mit Waffen. Die Einheiten werden pers\u00f6nlich auf Ihre Bed\u00fcrfnisse abgestimmt und helfen Ihnen, sich strukturiert und effizient auf die Pr\u00fcfung vorzubereiten. Preis: 90 \u20ac pro StundeOrt: Online (Zoom)Individuelle Terminvereinbarung m\u00f6glich Wenn Sie sicher [&hellip;]<\/p>\n","protected":false},"featured_media":378,"template":"","meta":[],"product_cat":[34],"product_tag":[],"class_list":{"0":"post-363","1":"product","2":"type-product","3":"status-publish","4":"has-post-thumbnail","6":"product_cat-autos-und-fahrzeuge","8":"first","9":"instock","10":"taxable","11":"shipping-taxable","12":"purchasable","13":"product-type-simple"},"_links":{"self":[{"href":"https:\/\/actionmall.act.at\/shop\/679\/wp-json\/wp\/v2\/product\/363"}],"collection":[{"href":"https:\/\/actionmall.act.at\/shop\/679\/wp-json\/wp\/v2\/product"}],"about":[{"href":"https:\/\/actionmall.act.at\/shop\/679\/wp-json\/wp\/v2\/types\/product"}],"wp:featuredmedia":[{"embeddable":true,"href":"https:\/\/actionmall.act.at\/shop\/679\/wp-json\/wp\/v2\/media\/378"}],"wp:attachment":[{"href":"https:\/\/actionmall.act.at\/shop\/679\/wp-json\/wp\/v2\/media?parent=363"}],"wp:term":[{"taxonomy":"product_cat","embeddable":true,"href":"https:\/\/actionmall.act.at\/shop\/679\/wp-json\/wp\/v2\/product_cat?post=363"},{"taxonomy":"product_tag","embeddable":true,"href":"https:\/\/actionmall.act.at\/shop\/679\/wp-json\/wp\/v2\/product_tag?post=363"}],"curies":[{"name":"wp","href":"https:\/\/api.w.org\/{rel}","templated":true}]}}