{"id":445,"date":"2026-04-28T14:52:23","date_gmt":"2026-04-28T12:52:23","guid":{"rendered":"https:\/\/actionmall.act.at\/shop\/679\/?post_type=product&#038;p=445"},"modified":"2026-04-28T14:53:59","modified_gmt":"2026-04-28T12:53:59","slug":"kabelzugstation","status":"publish","type":"product","link":"https:\/\/actionmall.act.at\/shop\/679\/produkt\/kabelzugstation\/","title":{"rendered":"Kabelzugstation"},"content":{"rendered":"<p data-start=\"0\" data-end=\"28\"><strong data-start=\"0\" data-end=\"26\">Taurus Kabelzugstation<\/strong><\/p>\n<p data-start=\"30\" data-end=\"119\">Effektives, vielseitiges Ganzk\u00f6rpertraining f\u00fcr Kraftaufbau und funktionelles Training.<\/p>\n<p data-start=\"132\" data-end=\"146\"><strong data-start=\"132\" data-end=\"144\">Einsatz:<\/strong><\/p>\n<ul data-start=\"147\" data-end=\"210\">\n<li data-section-id=\"1q5bw0i\" data-start=\"147\" data-end=\"169\">Ganzk\u00f6rpertraining<\/li>\n<li data-section-id=\"16sxqnt\" data-start=\"170\" data-end=\"210\">Kraftaufbau &#038; funktionelles Training<\/li>\n<\/ul>\n<p data-start=\"212\" data-end=\"227\"><strong data-start=\"212\" data-end=\"225\">Vorteile:<\/strong><\/p>\n<ul data-start=\"228\" data-end=\"344\">\n<li data-section-id=\"wo8p9s\" data-start=\"228\" data-end=\"253\">Vielseitig einsetzbar<\/li>\n<li data-section-id=\"16hhj8k\" data-start=\"254\" data-end=\"287\">Robuste, hochwertige Bauweise<\/li>\n<li data-section-id=\"oo3vic\" data-start=\"288\" data-end=\"307\">Moderne Technik<\/li>\n<li data-section-id=\"40j5hc\" data-start=\"308\" data-end=\"344\">Ideal f\u00fcr ambitionierte Sportler<\/li>\n<\/ul>\n<p data-start=\"346\" data-end=\"358\"><strong data-start=\"346\" data-end=\"356\">Preis:<\/strong><\/p>\n<ul data-start=\"359\" data-end=\"370\">\n<li data-section-id=\"lfpn3c\" data-start=\"359\" data-end=\"370\">1.399 \u20ac<\/li>\n<\/ul>\n<p data-start=\"372\" data-end=\"389\"><strong data-start=\"372\" data-end=\"387\">Zielgruppe:<\/strong><\/p>\n<ul data-start=\"390\" data-end=\"472\">\n<li data-section-id=\"1buwi64\" data-start=\"390\" data-end=\"472\">Sportliche, regelm\u00e4\u00dfige Trainierende mit Anspruch an Qualit\u00e4t und Effektivit\u00e4t<\/li>\n<\/ul>\n<p data-start=\"474\" data-end=\"492\"><strong data-start=\"474\" data-end=\"490\">Zusatzinfos:<\/strong><\/p>\n<ul data-start=\"493\" data-end=\"549\">\n<li data-section-id=\"1646awi\" data-start=\"493\" data-end=\"516\">Lieferung frei Haus<\/li>\n<li data-section-id=\"8d23ro\" data-start=\"517\" data-end=\"549\">Zahlung nach Rechnungserhalt<\/li>\n<\/ul>\n<p data-start=\"551\" data-end=\"590\" data-is-last-node=\"\" data-is-only-node=\"\"><strong data-start=\"551\" data-end=\"564\">Anbieter:<\/strong><br data-start=\"564\" data-end=\"567\" \/>FitImpact GmbH, Villach<\/p>\n<p data-start=\"325\" data-end=\"375\" data-is-last-node=\"\" data-is-only-node=\"\"><br data-start=\"336\" data-end=\"339\" \/>Maximale Power f\u00fcr dein Training! \ud83d\udcaa<\/p>\n","protected":false},"excerpt":{"rendered":"<p>Taurus Kabelzugstation Effektives, vielseitiges Ganzk\u00f6rpertraining f\u00fcr Kraftaufbau und funktionelles Training. Einsatz: Ganzk\u00f6rpertraining Kraftaufbau &#038; funktionelles Training Vorteile: Vielseitig einsetzbar Robuste, hochwertige Bauweise Moderne Technik Ideal f\u00fcr ambitionierte Sportler Preis: 1.399 \u20ac Zielgruppe: Sportliche, regelm\u00e4\u00dfige Trainierende mit Anspruch an Qualit\u00e4t und Effektivit\u00e4t Zusatzinfos: Lieferung frei Haus Zahlung nach Rechnungserhalt Anbieter:FitImpact GmbH, Villach Maximale Power f\u00fcr dein [&hellip;]<\/p>\n","protected":false},"featured_media":449,"template":"","meta":[],"product_cat":[45,46],"product_tag":[],"class_list":{"0":"post-445","1":"product","2":"type-product","3":"status-publish","4":"has-post-thumbnail","6":"product_cat-sport-veranstaltungen-hobbies","7":"product_cat-gesundheit-und-wellness","9":"first","10":"instock","11":"taxable","12":"shipping-taxable","13":"purchasable","14":"product-type-simple"},"_links":{"self":[{"href":"https:\/\/actionmall.act.at\/shop\/679\/wp-json\/wp\/v2\/product\/445"}],"collection":[{"href":"https:\/\/actionmall.act.at\/shop\/679\/wp-json\/wp\/v2\/product"}],"about":[{"href":"https:\/\/actionmall.act.at\/shop\/679\/wp-json\/wp\/v2\/types\/product"}],"wp:featuredmedia":[{"embeddable":true,"href":"https:\/\/actionmall.act.at\/shop\/679\/wp-json\/wp\/v2\/media\/449"}],"wp:attachment":[{"href":"https:\/\/actionmall.act.at\/shop\/679\/wp-json\/wp\/v2\/media?parent=445"}],"wp:term":[{"taxonomy":"product_cat","embeddable":true,"href":"https:\/\/actionmall.act.at\/shop\/679\/wp-json\/wp\/v2\/product_cat?post=445"},{"taxonomy":"product_tag","embeddable":true,"href":"https:\/\/actionmall.act.at\/shop\/679\/wp-json\/wp\/v2\/product_tag?post=445"}],"curies":[{"name":"wp","href":"https:\/\/api.w.org\/{rel}","templated":true}]}}