{"id":463,"date":"2026-05-12T12:28:17","date_gmt":"2026-05-12T10:28:17","guid":{"rendered":"https:\/\/actionmall.act.at\/shop\/679\/?post_type=product&#038;p=463"},"modified":"2026-05-12T12:28:18","modified_gmt":"2026-05-12T10:28:18","slug":"wandercoach-fuer-single-frauen-in-praesenz","status":"publish","type":"product","link":"https:\/\/actionmall.act.at\/shop\/679\/produkt\/wandercoach-fuer-single-frauen-in-praesenz\/","title":{"rendered":"Wandercoach F\u00fcr Single Frauen in Pr\u00e4senz"},"content":{"rendered":"<p>Erlebe mit dem <span class=\"font-semibold\" data-streamdown=\"strong\">Pers\u00f6nlichen Wandercoach<\/span> deine St\u00e4rke neu!<br \/>\nF\u00fcr <span class=\"font-semibold\" data-streamdown=\"strong\">Single-Frauen zwischen 18 und 40<\/span> biete ich individuelles Coaching in der Natur \u2013 ganz ohne Gruppendruck. Gemeinsam wandern wir, st\u00e4rken K\u00f6rper und Geist und finden Balance in Bewegung.<\/p>\n<p>Pers\u00f6nliche Betreuung &#038; Motivation<br \/>\nMehr Selbstvertrauen, Energie &#038; mentale St\u00e4rke<br \/>\nFitness trifft Naturerlebnis<\/p>\n<p><span class=\"font-semibold\" data-streamdown=\"strong\">Preise:<\/span><br \/>\n45\u202f\u20ac pro Tag \u2022 320\u202f\u20ac pro Woche<\/p>\n<p>Starte deinen Weg: <em>Allein los gehen. Stark ankommen.<\/em><\/p>\n<p>\ud83d\udce9 <span class=\"font-semibold\" data-streamdown=\"strong\"><a href=\"mailto:Fit676@uebungsfirmen.at\">Fit676@uebungsfirmen.at<\/a><\/span><br \/>\n\ud83d\udccd Franz-Xaver-Wirth-Stra\u00dfe\u202f3<\/p>\n","protected":false},"excerpt":{"rendered":"<p>Erlebe mit dem Pers\u00f6nlichen Wandercoach deine St\u00e4rke neu! F\u00fcr Single-Frauen zwischen 18 und 40 biete ich individuelles Coaching in der Natur \u2013 ganz ohne Gruppendruck. Gemeinsam wandern wir, st\u00e4rken K\u00f6rper und Geist und finden Balance in Bewegung. Pers\u00f6nliche Betreuung &#038; Motivation Mehr Selbstvertrauen, Energie &#038; mentale St\u00e4rke Fitness trifft Naturerlebnis Preise: 45\u202f\u20ac pro Tag \u2022 [&hellip;]<\/p>\n","protected":false},"featured_media":479,"template":"","meta":[],"product_cat":[34],"product_tag":[],"class_list":{"0":"post-463","1":"product","2":"type-product","3":"status-publish","4":"has-post-thumbnail","6":"product_cat-autos-und-fahrzeuge","8":"first","9":"instock","10":"sale","11":"taxable","12":"shipping-taxable","13":"purchasable","14":"product-type-simple"},"_links":{"self":[{"href":"https:\/\/actionmall.act.at\/shop\/679\/wp-json\/wp\/v2\/product\/463"}],"collection":[{"href":"https:\/\/actionmall.act.at\/shop\/679\/wp-json\/wp\/v2\/product"}],"about":[{"href":"https:\/\/actionmall.act.at\/shop\/679\/wp-json\/wp\/v2\/types\/product"}],"wp:featuredmedia":[{"embeddable":true,"href":"https:\/\/actionmall.act.at\/shop\/679\/wp-json\/wp\/v2\/media\/479"}],"wp:attachment":[{"href":"https:\/\/actionmall.act.at\/shop\/679\/wp-json\/wp\/v2\/media?parent=463"}],"wp:term":[{"taxonomy":"product_cat","embeddable":true,"href":"https:\/\/actionmall.act.at\/shop\/679\/wp-json\/wp\/v2\/product_cat?post=463"},{"taxonomy":"product_tag","embeddable":true,"href":"https:\/\/actionmall.act.at\/shop\/679\/wp-json\/wp\/v2\/product_tag?post=463"}],"curies":[{"name":"wp","href":"https:\/\/api.w.org\/{rel}","templated":true}]}}