{"id":466,"date":"2026-05-12T12:28:59","date_gmt":"2026-05-12T10:28:59","guid":{"rendered":"https:\/\/actionmall.act.at\/shop\/679\/?post_type=product&#038;p=466"},"modified":"2026-05-12T12:30:21","modified_gmt":"2026-05-12T10:30:21","slug":"persoenlicher-wandercouch-fuer-single-frauen-ella-eisses","status":"publish","type":"product","link":"https:\/\/actionmall.act.at\/shop\/679\/produkt\/persoenlicher-wandercouch-fuer-single-frauen-ella-eisses\/","title":{"rendered":"Pers\u00f6nlicher Wandercouch f\u00fcr Single Frauen-Ella Eisses"},"content":{"rendered":"<h4><strong>Tagesausflug auf die wundervolle Gerlitze\u00a0<\/strong><\/h4>\n<p>Zeit f\u00fcr dich, Natur die verbindet, Wege die St\u00e4rken<\/p>\n<ul>\n<li>6 Stunden einen Pers\u00f6nlichen Wandercouch f\u00fcr nur 120\u20ac mit 20% Ust.<\/li>\n<li>Angebot ist bis Ende August 2026 g\u00fcltig<\/li>\n<li>Sie bekommen einen 10% Einf\u00fchrungsrabatt wenn Sie bis Ende Mai 2026 buchen<\/li>\n<li>Zahlung erfolgt nach Erhalt der Auftragsbest\u00e4tigung<\/li>\n<\/ul>\n","protected":false},"excerpt":{"rendered":"<p>Tagesausflug auf die wundervolle Gerlitze\u00a0 Zeit f\u00fcr dich, Natur die verbindet, Wege die St\u00e4rken 6 Stunden einen Pers\u00f6nlichen Wandercouch f\u00fcr nur 120\u20ac mit 20% Ust. Angebot ist bis Ende August 2026 g\u00fcltig Sie bekommen einen 10% Einf\u00fchrungsrabatt wenn Sie bis Ende Mai 2026 buchen Zahlung erfolgt nach Erhalt der Auftragsbest\u00e4tigung<\/p>\n","protected":false},"featured_media":477,"template":"","meta":[],"product_cat":[34],"product_tag":[],"class_list":{"0":"post-466","1":"product","2":"type-product","3":"status-publish","4":"has-post-thumbnail","6":"product_cat-autos-und-fahrzeuge","8":"first","9":"instock","10":"taxable","11":"shipping-taxable","12":"purchasable","13":"product-type-simple"},"_links":{"self":[{"href":"https:\/\/actionmall.act.at\/shop\/679\/wp-json\/wp\/v2\/product\/466"}],"collection":[{"href":"https:\/\/actionmall.act.at\/shop\/679\/wp-json\/wp\/v2\/product"}],"about":[{"href":"https:\/\/actionmall.act.at\/shop\/679\/wp-json\/wp\/v2\/types\/product"}],"wp:featuredmedia":[{"embeddable":true,"href":"https:\/\/actionmall.act.at\/shop\/679\/wp-json\/wp\/v2\/media\/477"}],"wp:attachment":[{"href":"https:\/\/actionmall.act.at\/shop\/679\/wp-json\/wp\/v2\/media?parent=466"}],"wp:term":[{"taxonomy":"product_cat","embeddable":true,"href":"https:\/\/actionmall.act.at\/shop\/679\/wp-json\/wp\/v2\/product_cat?post=466"},{"taxonomy":"product_tag","embeddable":true,"href":"https:\/\/actionmall.act.at\/shop\/679\/wp-json\/wp\/v2\/product_tag?post=466"}],"curies":[{"name":"wp","href":"https:\/\/api.w.org\/{rel}","templated":true}]}}