{"id":396,"date":"2025-05-06T08:55:34","date_gmt":"2025-05-06T06:55:34","guid":{"rendered":"https:\/\/actionmall.act.at\/shop\/685\/?post_type=product&#038;p=396"},"modified":"2025-06-17T09:45:55","modified_gmt":"2025-06-17T07:45:55","slug":"specialized-allez","status":"publish","type":"product","link":"https:\/\/actionmall.act.at\/shop\/685\/en\/produkt\/specialized-allez\/","title":{"rendered":"Specialized &#8211; Allez"},"content":{"rendered":"<ul>\n<li style=\"list-style-type: none\">\n<ul>\n<li class=\"\" data-start=\"216\" data-end=\"275\">\n<p class=\"\" data-start=\"218\" data-end=\"275\"><strong data-start=\"218\" data-end=\"236\">Rahmenmaterial<\/strong>: <span class=\"relative -mx-px my-[-0.2rem] rounded px-px py-[0.2rem] transition-colors duration-100 ease-in-out\">E5 Premium Aluminium \u2013 leicht, steif und langlebig<\/span><\/p>\n<\/li>\n<li class=\"\" data-start=\"276\" data-end=\"326\">\n<p class=\"\" data-start=\"278\" data-end=\"326\"><strong data-start=\"278\" data-end=\"287\">Gabel<\/strong>: <span class=\"relative -mx-px my-[-0.2rem] rounded px-px py-[0.2rem] transition-colors duration-100 ease-in-out\">Carbongabel f\u00fcr pr\u00e4zises Handling und Vibrationsd\u00e4mpfung<\/span><\/p>\n<\/li>\n<li class=\"\" data-start=\"327\" data-end=\"379\">\n<p class=\"\" data-start=\"329\" data-end=\"379\"><strong data-start=\"329\" data-end=\"340\">Bremsen<\/strong>: <span class=\"relative -mx-px my-[-0.2rem] rounded px-px py-[0.2rem] transition-colors duration-100 ease-in-out\">Mechanische Scheibenbremsen<\/span><\/p>\n<\/li>\n<li class=\"\" data-start=\"380\" data-end=\"441\">\n<p class=\"\" data-start=\"382\" data-end=\"441\"><strong data-start=\"382\" data-end=\"400\">Reifenfreiheit<\/strong>: <span class=\"relative -mx-px my-[-0.2rem] rounded px-px py-[0.2rem] transition-colors duration-100 ease-in-out\">Kompatibel mit Reifen bis 35 mm Breite<\/span><\/p>\n<\/li>\n<li class=\"\" data-start=\"442\" data-end=\"500\">\n<p class=\"\" data-start=\"444\" data-end=\"500\"><strong data-start=\"444\" data-end=\"459\">Komponenten<\/strong>: <span class=\"relative -mx-px my-[-0.2rem] rounded px-px py-[0.2rem] transition-colors duration-100 ease-in-out\">Shimano Claris Schaltgruppe<\/span><\/p>\n<\/li>\n<li class=\"\" data-start=\"501\" data-end=\"560\">\n<p class=\"\" data-start=\"503\" data-end=\"560\"><strong data-start=\"503\" data-end=\"519\">Sattelst\u00fctze<\/strong>: <span class=\"relative -mx-px my-[-0.2rem] rounded px-px py-[0.2rem] transition-colors duration-100 ease-in-out\">Alloy, 2-Bolt Clamp, 12 mm Offset, 27.2 mm Durchmesser<\/span><\/p>\n<p><strong data-start=\"382\" data-end=\"400\"><img loading=\"lazy\" decoding=\"async\" class=\"alignnone size-full wp-image-398\" src=\"https:\/\/actionmall.act.at\/shop\/685\/wp-content\/uploads\/2025\/05\/road-bike-5934773.jpg\" alt=\"\" width=\"1724\" height=\"1085\" srcset=\"https:\/\/actionmall.act.at\/shop\/685\/wp-content\/uploads\/2025\/05\/road-bike-5934773.jpg 1724w, https:\/\/actionmall.act.at\/shop\/685\/wp-content\/uploads\/2025\/05\/road-bike-5934773-300x189.jpg 300w, https:\/\/actionmall.act.at\/shop\/685\/wp-content\/uploads\/2025\/05\/road-bike-5934773-1024x644.jpg 1024w, https:\/\/actionmall.act.at\/shop\/685\/wp-content\/uploads\/2025\/05\/road-bike-5934773-768x483.jpg 768w, https:\/\/actionmall.act.at\/shop\/685\/wp-content\/uploads\/2025\/05\/road-bike-5934773-1536x967.jpg 1536w, https:\/\/actionmall.act.at\/shop\/685\/wp-content\/uploads\/2025\/05\/road-bike-5934773-416x262.jpg 416w\" sizes=\"(max-width: 1724px) 100vw, 1724px\" \/><\/strong><\/li>\n<\/ul>\n<\/li>\n<\/ul>\n<p><strong data-start=\"382\" data-end=\"400\">\u00a0<\/strong><\/p>\n","protected":false},"excerpt":{"rendered":"<p>Einstiegsrennrad, Aluminiumrahmen, Carbongabel, Shimano, sportlich, zuverl\u00e4ssig, Training, Freizeit<\/p>\n","protected":false},"featured_media":421,"template":"","meta":[],"product_cat":[],"product_tag":[],"class_list":{"0":"post-396","1":"product","2":"type-product","3":"status-publish","4":"has-post-thumbnail","7":"first","8":"instock","9":"taxable","10":"shipping-taxable","11":"purchasable","12":"product-type-simple"},"_links":{"self":[{"href":"https:\/\/actionmall.act.at\/shop\/685\/en\/wp-json\/wp\/v2\/product\/396"}],"collection":[{"href":"https:\/\/actionmall.act.at\/shop\/685\/en\/wp-json\/wp\/v2\/product"}],"about":[{"href":"https:\/\/actionmall.act.at\/shop\/685\/en\/wp-json\/wp\/v2\/types\/product"}],"wp:featuredmedia":[{"embeddable":true,"href":"https:\/\/actionmall.act.at\/shop\/685\/en\/wp-json\/wp\/v2\/media\/421"}],"wp:attachment":[{"href":"https:\/\/actionmall.act.at\/shop\/685\/en\/wp-json\/wp\/v2\/media?parent=396"}],"wp:term":[{"taxonomy":"product_cat","embeddable":true,"href":"https:\/\/actionmall.act.at\/shop\/685\/en\/wp-json\/wp\/v2\/product_cat?post=396"},{"taxonomy":"product_tag","embeddable":true,"href":"https:\/\/actionmall.act.at\/shop\/685\/en\/wp-json\/wp\/v2\/product_tag?post=396"}],"curies":[{"name":"wp","href":"https:\/\/api.w.org\/{rel}","templated":true}]}}