{"id":413,"date":"2025-06-03T08:58:15","date_gmt":"2025-06-03T06:58:15","guid":{"rendered":"https:\/\/actionmall.act.at\/shop\/685\/?post_type=product&#038;p=413"},"modified":"2025-06-10T08:40:08","modified_gmt":"2025-06-10T06:40:08","slug":"garmin-fahrradcomputer-edge-1050","status":"publish","type":"product","link":"https:\/\/actionmall.act.at\/shop\/685\/en\/produkt\/garmin-fahrradcomputer-edge-1050\/","title":{"rendered":"Garmin Fahrradcomputer Edge 1050"},"content":{"rendered":"<p><img loading=\"lazy\" decoding=\"async\" class=\"alignnone size-full wp-image-414\" src=\"https:\/\/actionmall.act.at\/shop\/685\/wp-content\/uploads\/2025\/06\/Unbenannt.png\" alt=\"\" width=\"605\" height=\"601\" srcset=\"https:\/\/actionmall.act.at\/shop\/685\/wp-content\/uploads\/2025\/06\/Unbenannt.png 605w, https:\/\/actionmall.act.at\/shop\/685\/wp-content\/uploads\/2025\/06\/Unbenannt-300x298.png 300w, https:\/\/actionmall.act.at\/shop\/685\/wp-content\/uploads\/2025\/06\/Unbenannt-150x150.png 150w, https:\/\/actionmall.act.at\/shop\/685\/wp-content\/uploads\/2025\/06\/Unbenannt-416x413.png 416w, https:\/\/actionmall.act.at\/shop\/685\/wp-content\/uploads\/2025\/06\/Unbenannt-100x100.png 100w\" sizes=\"(max-width: 605px) 100vw, 605px\" \/><\/p>\n<article class=\"text-token-text-primary w-full\" dir=\"auto\" data-testid=\"conversation-turn-2\" data-scroll-anchor=\"true\">\n<div class=\"text-base my-auto mx-auto py-5 [--thread-content-margin:--spacing(4)] @[37rem]:[--thread-content-margin:--spacing(6)] @[72rem]:[--thread-content-margin:--spacing(16)] px-(--thread-content-margin)\">\n<div class=\"[--thread-content-max-width:32rem] @[34rem]:[--thread-content-max-width:40rem] @[64rem]:[--thread-content-max-width:48rem] mx-auto flex max-w-(--thread-content-max-width) flex-1 text-base gap-4 md:gap-5 lg:gap-6 group\/turn-messages focus-visible:outline-hidden\">\n<div class=\"group\/conversation-turn relative flex w-full min-w-0 flex-col agent-turn\">\n<div class=\"relative flex-col gap-1 md:gap-3\">\n<div class=\"flex max-w-full flex-col grow\">\n<div class=\"min-h-8 text-message relative flex w-full flex-col items-end gap-2 text-start break-words whitespace-normal [.text-message+&#038;]:mt-5\" dir=\"auto\" data-message-author-role=\"assistant\" data-message-id=\"98a73de9-9dd9-49f8-972b-62d2c21f810c\" data-message-model-slug=\"gpt-4o\">\n<div class=\"flex w-full flex-col gap-1 empty:hidden first:pt-[3px]\">\n<div class=\"markdown prose dark:prose-invert w-full break-words light\">\n<p data-start=\"0\" data-end=\"91\"><strong data-start=\"0\" data-end=\"91\">Garmin Edge 1050 \u2013 Der ultimative GPS-Fahrradcomputer f\u00fcr Performance und Konnektivit\u00e4t<\/strong><\/p>\n<p data-start=\"93\" data-end=\"688\" data-is-last-node=\"\" data-is-only-node=\"\">Der Garmin Edge 1050 ist der leistungsst\u00e4rkste Fahrradcomputer der Edge-Serie \u2013 entwickelt f\u00fcr ambitionierte Radfahrer und Profis. Mit einem hochaufl\u00f6senden Farb-Touchdisplay, umfassender Navigation, detaillierten Leistungsanalysen und intelligenten Trainingsfunktionen setzt er neue Ma\u00dfst\u00e4be. Dank integriertem WLAN, Bluetooth und ANT+ ist die Verbindung zu Sensoren, Smartphones und Garmin Connect nahtlos. Sicherheitsfeatures wie Unfallbenachrichtigung und Livetracking sorgen f\u00fcr ein sicheres Fahrgef\u00fchl. Ob Stra\u00dfe, Gravel oder MTB \u2013 der Edge 1050 ist dein perfekter Begleiter f\u00fcr jede Tour.<\/p>\n<\/div>\n<\/div>\n<\/div>\n<\/div>\n<div class=\"flex min-h-[46px] justify-start\">\n<div class=\"touch:-me-2 touch:-ms-3.5 -ms-2.5 -me-1 flex w-full items-center p-1 select-none -mt-1 duration-[1.5s] focus-within:transition-none hover:transition-none pointer-events-none [mask-image:linear-gradient(to_right,black_33%,transparent_66%)] [mask-size:300%_100%] [mask-position:100%_0%] motion-safe:transition-[mask-position] group-hover\/turn-messages:pointer-events-auto group-hover\/turn-messages:[mask-position:0_0] group-focus-within\/turn-messages:pointer-events-auto group-focus-within\/turn-messages:[mask-position:0_0] has-data-[state=open]:pointer-events-auto has-data-[state=open]:[mask-position:0_0]\"><\/div>\n<\/div>\n<\/div>\n<div class=\"absolute\">\n<div class=\"flex items-center justify-center\"><\/div>\n<\/div>\n<\/div>\n<\/div>\n<\/div>\n<\/article>\n<div class=\"pointer-events-none h-px w-px\" aria-hidden=\"true\" data-edge=\"true\"><\/div>\n","protected":false},"excerpt":{"rendered":"<p><img loading=\"lazy\" decoding=\"async\" class=\"alignnone size-full wp-image-414\" src=\"https:\/\/actionmall.act.at\/shop\/685\/wp-content\/uploads\/2025\/06\/Unbenannt.png\" alt=\"\" width=\"605\" height=\"601\" srcset=\"https:\/\/actionmall.act.at\/shop\/685\/wp-content\/uploads\/2025\/06\/Unbenannt.png 605w, https:\/\/actionmall.act.at\/shop\/685\/wp-content\/uploads\/2025\/06\/Unbenannt-300x298.png 300w, https:\/\/actionmall.act.at\/shop\/685\/wp-content\/uploads\/2025\/06\/Unbenannt-150x150.png 150w, https:\/\/actionmall.act.at\/shop\/685\/wp-content\/uploads\/2025\/06\/Unbenannt-416x413.png 416w, https:\/\/actionmall.act.at\/shop\/685\/wp-content\/uploads\/2025\/06\/Unbenannt-100x100.png 100w\" sizes=\"(max-width: 605px) 100vw, 605px\" \/><\/p>\n","protected":false},"featured_media":414,"template":"","meta":[],"product_cat":[],"product_tag":[],"class_list":{"0":"post-413","1":"product","2":"type-product","3":"status-publish","4":"has-post-thumbnail","7":"first","8":"instock","9":"taxable","10":"shipping-taxable","11":"purchasable","12":"product-type-simple"},"_links":{"self":[{"href":"https:\/\/actionmall.act.at\/shop\/685\/en\/wp-json\/wp\/v2\/product\/413"}],"collection":[{"href":"https:\/\/actionmall.act.at\/shop\/685\/en\/wp-json\/wp\/v2\/product"}],"about":[{"href":"https:\/\/actionmall.act.at\/shop\/685\/en\/wp-json\/wp\/v2\/types\/product"}],"wp:featuredmedia":[{"embeddable":true,"href":"https:\/\/actionmall.act.at\/shop\/685\/en\/wp-json\/wp\/v2\/media\/414"}],"wp:attachment":[{"href":"https:\/\/actionmall.act.at\/shop\/685\/en\/wp-json\/wp\/v2\/media?parent=413"}],"wp:term":[{"taxonomy":"product_cat","embeddable":true,"href":"https:\/\/actionmall.act.at\/shop\/685\/en\/wp-json\/wp\/v2\/product_cat?post=413"},{"taxonomy":"product_tag","embeddable":true,"href":"https:\/\/actionmall.act.at\/shop\/685\/en\/wp-json\/wp\/v2\/product_tag?post=413"}],"curies":[{"name":"wp","href":"https:\/\/api.w.org\/{rel}","templated":true}]}}