{"id":404,"date":"2025-05-20T09:27:41","date_gmt":"2025-05-20T07:27:41","guid":{"rendered":"https:\/\/actionmall.act.at\/shop\/685\/?post_type=product&#038;p=404"},"modified":"2025-06-10T09:45:25","modified_gmt":"2025-06-10T07:45:25","slug":"acid-lenkerband-rc-30","status":"publish","type":"product","link":"https:\/\/actionmall.act.at\/shop\/685\/produkt\/acid-lenkerband-rc-30\/","title":{"rendered":"ACID Lenkerband RC 3,0"},"content":{"rendered":"<p>Das ACID Lenkerband RC 3.0 \u00fcberzeugt mit ergonomischem Design, rutschfestem Material und einem beeindruckenden Farbverlauf von Lila zu Pink. Die perforierte Oberfl\u00e4che sorgt f\u00fcr perfekten Grip, w\u00e4hrend die flexible Struktur eine einfache Montage erm\u00f6glicht. Robust, komfortabel und stilvoll \u2013 ideal f\u00fcr anspruchsvolle Radfahrer. <strong data-start=\"359\" data-end=\"378\" data-is-last-node=\"\">Breite: 3,0 mm.<\/strong><\/p>\n<p><img loading=\"lazy\" decoding=\"async\" class=\"alignnone size-full wp-image-405\" src=\"https:\/\/actionmall.act.at\/shop\/685\/wp-content\/uploads\/2025\/05\/ChatGPT-Image-20.-Mai-2025-09_03_25.png\" alt=\"\" width=\"1024\" height=\"1024\" srcset=\"https:\/\/actionmall.act.at\/shop\/685\/wp-content\/uploads\/2025\/05\/ChatGPT-Image-20.-Mai-2025-09_03_25.png 1024w, https:\/\/actionmall.act.at\/shop\/685\/wp-content\/uploads\/2025\/05\/ChatGPT-Image-20.-Mai-2025-09_03_25-300x300.png 300w, https:\/\/actionmall.act.at\/shop\/685\/wp-content\/uploads\/2025\/05\/ChatGPT-Image-20.-Mai-2025-09_03_25-150x150.png 150w, https:\/\/actionmall.act.at\/shop\/685\/wp-content\/uploads\/2025\/05\/ChatGPT-Image-20.-Mai-2025-09_03_25-768x768.png 768w, https:\/\/actionmall.act.at\/shop\/685\/wp-content\/uploads\/2025\/05\/ChatGPT-Image-20.-Mai-2025-09_03_25-324x324.png 324w, https:\/\/actionmall.act.at\/shop\/685\/wp-content\/uploads\/2025\/05\/ChatGPT-Image-20.-Mai-2025-09_03_25-416x416.png 416w, https:\/\/actionmall.act.at\/shop\/685\/wp-content\/uploads\/2025\/05\/ChatGPT-Image-20.-Mai-2025-09_03_25-100x100.png 100w\" sizes=\"(max-width: 1024px) 100vw, 1024px\" \/><\/p>\n","protected":false},"excerpt":{"rendered":"<p>Stilvoll, griffig und bequem: Das ACID Lenkerband RC 3.0 mit Farbverlauf von Lila zu Pink bietet perfekten Halt und einfache Montage. <strong data-start=\"164\" data-end=\"183\" data-is-last-node=\"\">Breite: 3,0 mm.<\/strong><img loading=\"lazy\" decoding=\"async\" class=\"alignnone size-full wp-image-405\" src=\"https:\/\/actionmall.act.at\/shop\/685\/wp-content\/uploads\/2025\/05\/ChatGPT-Image-20.-Mai-2025-09_03_25.png\" alt=\"\" width=\"1024\" height=\"1024\" srcset=\"https:\/\/actionmall.act.at\/shop\/685\/wp-content\/uploads\/2025\/05\/ChatGPT-Image-20.-Mai-2025-09_03_25.png 1024w, https:\/\/actionmall.act.at\/shop\/685\/wp-content\/uploads\/2025\/05\/ChatGPT-Image-20.-Mai-2025-09_03_25-300x300.png 300w, https:\/\/actionmall.act.at\/shop\/685\/wp-content\/uploads\/2025\/05\/ChatGPT-Image-20.-Mai-2025-09_03_25-150x150.png 150w, https:\/\/actionmall.act.at\/shop\/685\/wp-content\/uploads\/2025\/05\/ChatGPT-Image-20.-Mai-2025-09_03_25-768x768.png 768w, https:\/\/actionmall.act.at\/shop\/685\/wp-content\/uploads\/2025\/05\/ChatGPT-Image-20.-Mai-2025-09_03_25-324x324.png 324w, https:\/\/actionmall.act.at\/shop\/685\/wp-content\/uploads\/2025\/05\/ChatGPT-Image-20.-Mai-2025-09_03_25-416x416.png 416w, https:\/\/actionmall.act.at\/shop\/685\/wp-content\/uploads\/2025\/05\/ChatGPT-Image-20.-Mai-2025-09_03_25-100x100.png 100w\" sizes=\"(max-width: 1024px) 100vw, 1024px\" \/><\/p>\n","protected":false},"featured_media":405,"template":"","meta":[],"product_cat":[],"product_tag":[],"class_list":{"0":"post-404","1":"product","2":"type-product","3":"status-publish","4":"has-post-thumbnail","7":"first","8":"instock","9":"taxable","10":"shipping-taxable","11":"purchasable","12":"product-type-simple"},"_links":{"self":[{"href":"https:\/\/actionmall.act.at\/shop\/685\/wp-json\/wp\/v2\/product\/404"}],"collection":[{"href":"https:\/\/actionmall.act.at\/shop\/685\/wp-json\/wp\/v2\/product"}],"about":[{"href":"https:\/\/actionmall.act.at\/shop\/685\/wp-json\/wp\/v2\/types\/product"}],"wp:featuredmedia":[{"embeddable":true,"href":"https:\/\/actionmall.act.at\/shop\/685\/wp-json\/wp\/v2\/media\/405"}],"wp:attachment":[{"href":"https:\/\/actionmall.act.at\/shop\/685\/wp-json\/wp\/v2\/media?parent=404"}],"wp:term":[{"taxonomy":"product_cat","embeddable":true,"href":"https:\/\/actionmall.act.at\/shop\/685\/wp-json\/wp\/v2\/product_cat?post=404"},{"taxonomy":"product_tag","embeddable":true,"href":"https:\/\/actionmall.act.at\/shop\/685\/wp-json\/wp\/v2\/product_tag?post=404"}],"curies":[{"name":"wp","href":"https:\/\/api.w.org\/{rel}","templated":true}]}}