{"id":425,"date":"2025-06-17T09:59:58","date_gmt":"2025-06-17T07:59:58","guid":{"rendered":"https:\/\/actionmall.act.at\/shop\/685\/?post_type=product&#038;p=425"},"modified":"2026-02-20T08:33:07","modified_gmt":"2026-02-20T07:33:07","slug":"arsuxeo-herren-mountainbike-shorts","status":"publish","type":"product","link":"https:\/\/actionmall.act.at\/shop\/685\/produkt\/arsuxeo-herren-mountainbike-shorts\/","title":{"rendered":"Arsuxeo Herren Mountainbike Shorts\u202f"},"content":{"rendered":"<p>Die <strong data-start=\"212\" data-end=\"250\">Arsuxeo Herren Mountainbike Shorts<\/strong> sind die perfekte Wahl f\u00fcr aktive Biker, die Wert auf Bewegungsfreiheit, Strapazierf\u00e4higkeit und Komfort legen. Ob auf anspruchsvollen Trails, bei Touren im Gel\u00e4nde oder beim t\u00e4glichen Pendeln \u2013 diese Shorts bieten alles, was du brauchst, um komfortabel und leistungsf\u00e4hig unterwegs zu sein.<\/p>\n","protected":false},"excerpt":{"rendered":"<p>Die Arsuxeo Herren Mountainbike Shorts sind die perfekte Wahl f\u00fcr aktive Biker, die Wert auf Bewegungsfreiheit, Strapazierf\u00e4higkeit und Komfort legen. Ob auf anspruchsvollen Trails, bei Touren im Gel\u00e4nde oder beim t\u00e4glichen Pendeln \u2013 diese Shorts bieten alles, was du brauchst, um komfortabel und leistungsf\u00e4hig unterwegs zu sein.<\/p>\n","protected":false},"featured_media":426,"template":"","meta":[],"product_cat":[],"product_tag":[],"class_list":{"0":"post-425","1":"product","2":"type-product","3":"status-publish","4":"has-post-thumbnail","7":"first","8":"instock","9":"taxable","10":"shipping-taxable","11":"purchasable","12":"product-type-simple"},"_links":{"self":[{"href":"https:\/\/actionmall.act.at\/shop\/685\/wp-json\/wp\/v2\/product\/425"}],"collection":[{"href":"https:\/\/actionmall.act.at\/shop\/685\/wp-json\/wp\/v2\/product"}],"about":[{"href":"https:\/\/actionmall.act.at\/shop\/685\/wp-json\/wp\/v2\/types\/product"}],"wp:featuredmedia":[{"embeddable":true,"href":"https:\/\/actionmall.act.at\/shop\/685\/wp-json\/wp\/v2\/media\/426"}],"wp:attachment":[{"href":"https:\/\/actionmall.act.at\/shop\/685\/wp-json\/wp\/v2\/media?parent=425"}],"wp:term":[{"taxonomy":"product_cat","embeddable":true,"href":"https:\/\/actionmall.act.at\/shop\/685\/wp-json\/wp\/v2\/product_cat?post=425"},{"taxonomy":"product_tag","embeddable":true,"href":"https:\/\/actionmall.act.at\/shop\/685\/wp-json\/wp\/v2\/product_tag?post=425"}],"curies":[{"name":"wp","href":"https:\/\/api.w.org\/{rel}","templated":true}]}}