{"id":258,"date":"2026-05-12T15:29:40","date_gmt":"2026-05-12T13:29:40","guid":{"rendered":"https:\/\/actionmall.act.at\/shop\/69\/?post_type=product&#038;p=258"},"modified":"2026-05-12T15:29:40","modified_gmt":"2026-05-12T13:29:40","slug":"iphone-17-pro-max-256-gb-silber","status":"publish","type":"product","link":"https:\/\/actionmall.act.at\/shop\/69\/produkt\/iphone-17-pro-max-256-gb-silber\/","title":{"rendered":"IPhone 17 Pro Max, 256 GB, silber"},"content":{"rendered":"<h3 class=\"sc-59b6826e-0 ixvBRV\">Unibody Geh\u00e4use. Performance bis aufs \u00c4u\u00dferste.<\/h3>\n<p>Das neue iPhone 17 Pro Max in Silber wurden von Grund auf entwickelt, um die leistungsst\u00e4rksten iPhone Modelle aller Zeiten zu sein. Zentrales Element des neuen Designs ist das hei\u00df\u00adgeschmiedete Aluminium Unibody Geh\u00e4use, das eine maximale Robustheit, Performance und Batterielaufzeit erm\u00f6glicht.<\/p>\n<h3 class=\"sc-59b6826e-0 ixvBRV\">Zoom in die Zukunft.<\/h3>\n<p>Das Kamera-System des iPhone 17 Pro Max steckt voller Innovationen, die dir ganz neue M\u00f6glichkeiten geben. Der Tele-Zoom kommt mit der n\u00e4chsten Generation des Tetraprisma Designs und einem 56 % gr\u00f6\u00dferen Sensor. Mit einer Brennweite von 200 mm entspricht der 8x Zoom in optischer Qualit\u00e4t dem bisher l\u00e4ngsten iPhone Tele-Zoom \u2013 f\u00fcr einen insgesamt 16x optischen Zoombereich. So hast du noch mehr kreative M\u00f6glichkeiten und kannst deinen Motiven noch n\u00e4her kommen.<\/p>\n<h3 class=\"sc-59b6826e-0 ixvBRV\">18MP Center Stage Frontkamera. Ver\u00e4ndert alles. Sogar den Bildausschnitt.<\/h3>\n<p>Die neue Frontkamera gibt dir neben vielem anderen mehr Flexibilit\u00e4t f\u00fcr Bildausschnitte bei deinen Fotos und Videos. Tippe, um das Sichtfeld zu erweitern, und wechsle vom Hoch- ins Querformat, ohne dein iPhone zu bewegen. Und wenn du ein Gruppenselfie machst, erweitert sich das Sichtfeld, sodass du mehr Freund:innen aufs Bild bekommst.<\/p>\n<h3 class=\"sc-59b6826e-0 ixvBRV\">Hollywood hat angerufen. Sie wollen ihre Kamera zur\u00fcck.<\/h3>\n<p>Von Urlaubsvideo bis Blockbuster \u2013 das iPhone 17 Pro Max ist bereit f\u00fcr jede Produktion. Es hat mehr Pro Video Features als je zuvor \u2013 wie verbesserte Videostabilisierung, technische Spezifikationen f\u00fcr Kinoqualit\u00e4t und Kompatibilit\u00e4t mit branchen\u00fcblichen Workflows. So hast du unglaublich performante Tools f\u00fcrs Filmemachen zur Hand, wo immer du sie gerade brauchst.<\/p>\n<h3 class=\"sc-59b6826e-0 ixvBRV\">Power wie nie.<\/h3>\n<p>Egal, ob du intensive Games mit anspruchsvollen Grafiken spielst oder riesige Mediendateien bearbeitest, das iPhone 17 Pro Max liefert ultraschnelle Performance dank innovativer K\u00fchltechnologie. Die von Apple entwickelte lasergeschwei\u00dfte Dampfkammer arbeitet mit der Aluminium Unibody Struktur zusammen, um Hitze effizient vom A19 Pro Chip wegzuleiten \u2013 das erm\u00f6glicht die noch h\u00f6here gleichbleibende Performance.<\/p>\n<h3 class=\"sc-59b6826e-0 ixvBRV\">Batterie in Rekordlaufzeit.<\/h3>\n<p>Das neue interne Design schafft erheblich mehr Raum f\u00fcr die Batterie und erm\u00f6glicht dem iPhone 17 Pro Max die bisher l\u00e4ngste Batterielaufzeit bei einem iPhone und verglichen mit dem iPhone 15 Pro Max bis zu 3 Stunden mehr pro voller Ladung. Damit ist es immer bereit f\u00fcr \u00dcberstunden \u2013 egal, ob du l\u00e4nger arbeiten oder Filme schauen willst.<\/p>\n","protected":false},"excerpt":{"rendered":"<p>Das Produkt hat eine gute Akkulaufzeit und auch einen Speicherplatz von 256 GB<\/p>\n<p>Sim: Dual-SIM (2x eSIM, Nano-SIM)<\/p>\n","protected":false},"featured_media":259,"template":"","meta":[],"product_cat":[58],"product_tag":[],"class_list":{"0":"post-258","1":"product","2":"type-product","3":"status-publish","4":"has-post-thumbnail","6":"product_cat-it-und-elektronik","8":"first","9":"instock","10":"sale","11":"taxable","12":"shipping-taxable","13":"purchasable","14":"product-type-simple"},"_links":{"self":[{"href":"https:\/\/actionmall.act.at\/shop\/69\/wp-json\/wp\/v2\/product\/258"}],"collection":[{"href":"https:\/\/actionmall.act.at\/shop\/69\/wp-json\/wp\/v2\/product"}],"about":[{"href":"https:\/\/actionmall.act.at\/shop\/69\/wp-json\/wp\/v2\/types\/product"}],"wp:featuredmedia":[{"embeddable":true,"href":"https:\/\/actionmall.act.at\/shop\/69\/wp-json\/wp\/v2\/media\/259"}],"wp:attachment":[{"href":"https:\/\/actionmall.act.at\/shop\/69\/wp-json\/wp\/v2\/media?parent=258"}],"wp:term":[{"taxonomy":"product_cat","embeddable":true,"href":"https:\/\/actionmall.act.at\/shop\/69\/wp-json\/wp\/v2\/product_cat?post=258"},{"taxonomy":"product_tag","embeddable":true,"href":"https:\/\/actionmall.act.at\/shop\/69\/wp-json\/wp\/v2\/product_tag?post=258"}],"curies":[{"name":"wp","href":"https:\/\/api.w.org\/{rel}","templated":true}]}}