{"id":260,"date":"2026-05-12T15:42:05","date_gmt":"2026-05-12T13:42:05","guid":{"rendered":"https:\/\/actionmall.act.at\/shop\/69\/?post_type=product&#038;p=260"},"modified":"2026-05-12T15:48:36","modified_gmt":"2026-05-12T13:48:36","slug":"apple-ipad-pro-11-128-gb-silber","status":"publish","type":"product","link":"https:\/\/actionmall.act.at\/shop\/69\/produkt\/apple-ipad-pro-11-128-gb-silber\/","title":{"rendered":"Apple iPad Pro 11, 128 GB, Silber"},"content":{"rendered":"<div class=\"sc-59b6826e-0 gEpSDU mms-ui-bOdeAZ! mms-ui-dzRWkL! mms-ui-hchZxf! mms-ui-fwawmU mms-ui-krqUyI! mms-ui-hidXty! mms-ui-fboolS! mms-ui-gOJnBm! mms-ui-dpCMnI! mms-ui-fnFPHJ! mms-ui-dUCGsx! mms-ui-fMgpes\" data-test=\"pdp-description-pim-fallback\">\n<h3 class=\"sc-59b6826e-0 ixvBRV\">M5 &#8211; Schneller. Macher.<\/h3>\n<p>Mit Leistung und Effizienz wie nie zuvor verschiebt der M5 Chip die Grenzen des Machbaren auf dem iPad Pro. Eine 10\u2011Core GPU der n\u00e4chsten Gene\u00adra\u00adtion mit neuen Neural Accelerators sorgt f\u00fcr eine dramatisch be\u00adschleunigte KI Performance \u2013 von der Token-Generierung f\u00fcr gro\u00dfe Sprachmodelle (LLM) bis zu generativer Bild\u00adgebung. Und die CPU Leistung mit mehreren Threads in Kombi\u00adnation mit schnel\u00adlerem Arbeits\u00adspeicher erm\u00f6g\u00adlicht bahn\u00adbrechende Geschwindigkeiten f\u00fcr deine Work\u00adflows.<\/p>\n<h3 class=\"sc-59b6826e-0 ixvBRV\">iPadOS und Apps &#8211; Produktivit\u00e4t beginnt mit Pro.<\/h3>\n<p>iPadOS 26 bringt ein beein\u00addruckendes neues Design mit Liquid Glass und grund\u00adlegende Ver\u00adbes\u00adserungen, die die Produktivit\u00e4t des iPad Pro auf ein neues Niveau heben. Ein \u00fcber\u00adarbeitetes, intui\u00adtives Fenstersystem gibt dir mehr M\u00f6glich\u00adkeiten und Flexibilit\u00e4t als je zuvor. Du kannst Pro Apps n\u00fctzen, anspruchs\u00advolle Games spielen und kreative Pro\u00adjekte jeder Gr\u00f6\u00dfe erle\u00addigen \u2013 alles per Touch. Produktivit\u00e4t auf dem n\u00e4chsten Level. \u00d6ffne mehr Fenster auf einmal. \u00c4ndere ihre Gr\u00f6\u00dfe oder ordne sie an, wie du willst. Und teile deinen Bildschirm in Drittel oder Viertel auf.<\/p>\n<h3 class=\"sc-59b6826e-0 ixvBRV\">Apple Intelligence &#8211; Macht viel. Verr\u00e4t nichts<\/h3>\n<p>Mach ein\u00adfach mehr \u2013 mit der Hilfe von Siri und ChatGPT. Ent\u00addecke weitere visuelle Stile in Image Playground, stelle Fragen zu Fotos und Doku\u00admenten und greif auf noch mehr Wissen zu<\/p>\n<p>Beschleunige deine Work\u00adflows mit Kurzbefehlen und intelligenten Aktionen, die Text zu\u00adsam\u00admen\u00adfassen, Bilder erstellen oder direkt auf Apple Intelligence Modelle zu\u00adgreifen k\u00f6nnen.<\/p>\n<p>Mit Bereinigen kannst du ungewollte Details aus deinen Fotos ent\u00adfernen. Markiere das Objekt ein\u00adfach und entferne es mit einem Finger\u00adtipp \u2013 oder f\u00fcr noch mehr Pr\u00e4zision mit dem Apple Pencil<\/p>\n<h3 class=\"sc-59b6826e-0 ixvBRV\">Ultra Retina XDR &#8211; Das fortschritt\u00adlichste Dis\u00adplay der Welt<\/h3>\n<p>Das Ultra Retina XDR Dis\u00adplay kommt mit der alles ver\u00ad\u00e4n\u00addernden Tandem OLED Techno\u00adlo\u00adgie, die beein\u00addruckende Helligkeit, pr\u00e4zisen Kontrast und extreme Per\u00adfor\u00admance im Dynamik\u00adbereich liefert. Fortschrittliche Techno\u00adlo\u00adgien wie ProMotion und True Tone sorgen f\u00fcr ein nahezu atem\u00adberaubendes visuelles Erlebnis. Und der Referenz\u00admodus bringt Farb\u00adgenau\u00adigkeit in deine Work\u00adflows.<\/p>\n<h3 class=\"sc-59b6826e-0 ixvBRV\">Design &#8211; Ein Kraftpaket f\u00fcr \u00fcberall<\/h3>\n<p>Trotz seiner extrem d\u00fcnnen und leichten Form liefert das iPad Pro unglaub\u00adliche Leistung und Batterie\u00adlauf\u00adzeit f\u00fcr den ganzen Tag10 \u2013 es definiert Produktivit\u00e4t damit v\u00f6llig neu. Und mit Schnell\u00adladen kannst du es jetzt in etwa 30 Minuten auf bis zu 50 Prozent laden.<\/p>\n<\/div>\n<div data-test=\"pdp-richtext-description\">\n<div class=\"mms-ui-dOplmp\">\n<div id=\"ccs-inline-content\" data-test=\"pdp-richcontent-cnet-section\"><\/div>\n<div class=\"loadbeeTabContent\" data-loadbee-apikey=\"XF8k2DEJUERJRVxPxyRp5e7nGtRNyH2c\" data-loadbee-locale=\"de_AT\" data-loadbee-gtin=\"0195950395709\" data-loadbee-debug=\"false\"><\/div>\n<div id=\"icecat-content\" class=\"-icecat-wrapper\">\n<div class=\"IcecatLive -icecat-tabs_body for-productstory\">\n<div class=\"IcecatLive for-productstory\"><\/div>\n<\/div>\n<\/div>\n<\/div>\n<\/div>\n","protected":false},"excerpt":{"rendered":"<p>Multi-Touch mit LED Hintergrund Beleuchtung und IPS Technologie, Aufl\u00f6sung von 2388 x 1668 Pixeln bei 264 ppi, 4K Aufnahme<\/p>\n","protected":false},"featured_media":261,"template":"","meta":[],"product_cat":[58],"product_tag":[],"class_list":{"0":"post-260","1":"product","2":"type-product","3":"status-publish","4":"has-post-thumbnail","6":"product_cat-it-und-elektronik","8":"first","9":"instock","10":"sale","11":"taxable","12":"shipping-taxable","13":"purchasable","14":"product-type-simple"},"_links":{"self":[{"href":"https:\/\/actionmall.act.at\/shop\/69\/wp-json\/wp\/v2\/product\/260"}],"collection":[{"href":"https:\/\/actionmall.act.at\/shop\/69\/wp-json\/wp\/v2\/product"}],"about":[{"href":"https:\/\/actionmall.act.at\/shop\/69\/wp-json\/wp\/v2\/types\/product"}],"wp:featuredmedia":[{"embeddable":true,"href":"https:\/\/actionmall.act.at\/shop\/69\/wp-json\/wp\/v2\/media\/261"}],"wp:attachment":[{"href":"https:\/\/actionmall.act.at\/shop\/69\/wp-json\/wp\/v2\/media?parent=260"}],"wp:term":[{"taxonomy":"product_cat","embeddable":true,"href":"https:\/\/actionmall.act.at\/shop\/69\/wp-json\/wp\/v2\/product_cat?post=260"},{"taxonomy":"product_tag","embeddable":true,"href":"https:\/\/actionmall.act.at\/shop\/69\/wp-json\/wp\/v2\/product_tag?post=260"}],"curies":[{"name":"wp","href":"https:\/\/api.w.org\/{rel}","templated":true}]}}