{"id":269,"date":"2026-05-12T15:57:48","date_gmt":"2026-05-12T13:57:48","guid":{"rendered":"https:\/\/actionmall.act.at\/shop\/69\/?post_type=product&#038;p=269"},"modified":"2026-05-12T16:00:56","modified_gmt":"2026-05-12T14:00:56","slug":"apple-macbook-pro-2024-m4-16-silber","status":"publish","type":"product","link":"https:\/\/actionmall.act.at\/shop\/69\/produkt\/apple-macbook-pro-2024-m4-16-silber\/","title":{"rendered":"Apple Macbook Pro 2024 M4 16&#8243;, Silber"},"content":{"rendered":"<div class=\"titlepage\">\n<h2 class=\"text-h3 mb-l\">16&#8243; MacBook Pro. Unfassbare Geschwindigkeit. Unglaubliches Display. Unvergleichlich Pro.<\/h2>\n<\/div>\n<p>&nbsp;<\/p>\n<p class=\"mb-l\">D<strong>a<\/strong>s 16&#8243; MacBook Pro mit M4 P<strong>r<\/strong>o und M4 Max Chip <strong>bi<\/strong>etet noch mehr Perform<strong>an<\/strong>ce in einem Laptop <strong>Po<\/strong>werpaket. Mit bis zu 24 Stunden Batterielaufzeit1 und einem fantastischen Liquid Retina XDR Display mit bis zu 1.600 Nits Spitzenhelligkeit ist es in allem einfach <strong>P<\/strong>r<strong>o<\/strong>.<\/p>\n<p class=\"mb-l\">MIT DER POWER DES M4 PRO ODER M4 MAX \u2013 Der M4 Pro Chip erledigt anspruchsvolle Aufgaben wie das Kompilieren von Millionen von Zeilen von Code superschnell. Der M4 Max schafft die anspruchsvollsten Workflows wie das Rendern komplexer 3D Inhalte.<\/p>\n<p class=\"mb-l\">BIS ZU 24 STUNDEN BATTERIELAUFZEIT<sub>1<\/sub>\u00a0\u2013 Das 16&#8243; MacBook Pro liefert die gleiche au\u00dfergew\u00f6hnliche Performance, egal ob es mit Batterie l\u00e4uft oder am Strom angeschlossen ist.<\/p>\n<p class=\"mb-l\">SUPERSCHNELLE APPS DANK APPLE CHIPS<sub>2<\/sub>\u00a0\u2013 Alle deine wichtigsten Apps, inklusive Microsoft 365 und Adobe Creative Cloud, laufen auf macOS blitzschnell.<\/p>\n<p class=\"mb-l\">DU LIEBST DEIN IPHONE? DU WIRST DEN MAC LIEBEN. \u2013 Der Mac funktioniert einfach mit deinen anderen Apple Ger\u00e4ten. Kopiere Inhalte auf dem iPhone und setze sie auf dem Mac ein. Sende in Nachrichten Textnachrichten oder mach mit deinem Mac FaceTime Anrufe und beantworte sie.<sub>3<\/sub><\/p>\n<p class=\"mb-l\">BRILLANTES PRO DISPLAY \u2013 Das 16,2&#8243; Liquid Retina XDR Display<sub>4<\/sub> hat 1.600 Nits Spitzenhelligkeit, bis zu 1.000 Nits durchgehende Helligkeit und ein Kontrastverh\u00e4ltnis von 1.000.000:1.<\/p>\n","protected":false},"excerpt":{"rendered":"<div class=\"titlepage\">\n<p class=\"text-h3 mb-l\">Das Produkt hat einen Arbeitsspeicher von 24 GB und eine Speicherplatz von 512 GB. Das Ger\u00e4t ist in Silber verf\u00fcgbar und hat eine US Tastatur<\/p>\n<\/div>\n","protected":false},"featured_media":270,"template":"","meta":[],"product_cat":[58],"product_tag":[],"class_list":{"0":"post-269","1":"product","2":"type-product","3":"status-publish","4":"has-post-thumbnail","6":"product_cat-it-und-elektronik","8":"first","9":"instock","10":"sale","11":"taxable","12":"shipping-taxable","13":"purchasable","14":"product-type-simple"},"_links":{"self":[{"href":"https:\/\/actionmall.act.at\/shop\/69\/wp-json\/wp\/v2\/product\/269"}],"collection":[{"href":"https:\/\/actionmall.act.at\/shop\/69\/wp-json\/wp\/v2\/product"}],"about":[{"href":"https:\/\/actionmall.act.at\/shop\/69\/wp-json\/wp\/v2\/types\/product"}],"wp:featuredmedia":[{"embeddable":true,"href":"https:\/\/actionmall.act.at\/shop\/69\/wp-json\/wp\/v2\/media\/270"}],"wp:attachment":[{"href":"https:\/\/actionmall.act.at\/shop\/69\/wp-json\/wp\/v2\/media?parent=269"}],"wp:term":[{"taxonomy":"product_cat","embeddable":true,"href":"https:\/\/actionmall.act.at\/shop\/69\/wp-json\/wp\/v2\/product_cat?post=269"},{"taxonomy":"product_tag","embeddable":true,"href":"https:\/\/actionmall.act.at\/shop\/69\/wp-json\/wp\/v2\/product_tag?post=269"}],"curies":[{"name":"wp","href":"https:\/\/api.w.org\/{rel}","templated":true}]}}