{"id":273,"date":"2026-05-12T16:17:06","date_gmt":"2026-05-12T14:17:06","guid":{"rendered":"https:\/\/actionmall.act.at\/shop\/69\/?post_type=product&#038;p=273"},"modified":"2026-05-12T16:17:06","modified_gmt":"2026-05-12T14:17:06","slug":"apple-watch-series-8","status":"publish","type":"product","link":"https:\/\/actionmall.act.at\/shop\/69\/produkt\/apple-watch-series-8\/","title":{"rendered":"APPLE Watch Series 8"},"content":{"rendered":"<div class=\"transparent_2 description\">\n<div class=\"collapseTheTd2 overviewVal\">\n<p>Die Apple Watch Series 11 gibt dir wertvolle Insights zu deiner Gesundheit wie etwa Mitteilungen bei hoher oder niedriger Herzfrequenz und den Schlafindex. Bring deine Fitness in Form mit fortschrittlichen Messwerten f\u00fcr alle deine Workouts. Du bekommst bis zu 24 Stunden Batterielaufzeit.<\/p>\n<\/div>\n<\/div>\n<div class=\"transparent_2 features js-features\">\n<div class=\"metafieldLabel collapseTheTd2\">Merkmale<\/div>\n<div class=\"collapseTheTd2 overviewVal js-features-value\">\n<ul>\n<li>BLUTHOCHDRUCK MITTEILUNGEN \u2013 Die Apple Watch Series\u00a011 kann Anzeichen f\u00fcr chronischen Bluthochdruck erkennen und dich \u00fcber m\u00f6gliche Hypertonie informieren<\/li>\n<li>KENN DEINEN SCHLAFINDEX \u2013 Mit dem Schlafindex kannst du einfach deinen Schlaf tracken. Du erf\u00e4hrst mehr \u00fcber seine Qualit\u00e4t und wie du ihn erholsamer machen kannst.<\/li>\n<li>NOCH MEHR INSIGHTS ZU DEINER GESUNDHEIT \u2013 Mach jederzeit ein EKG. Erhalte Mitteilungen bei hoher oder niedriger Herzfrequenz, bei einem unregelm\u00e4\u00dfigen Herzrhythmus und bei m\u00f6glicher Schlafapnoe. Sieh dir mit der Vitalzeichen App die wichtigsten \u00fcber Nacht erfassten Gesundheitsdaten an und miss den Sauerstoff in deinem Blut.<\/li>\n<li>BEEINDRUCKENDES DESIGN \u2013 Die d\u00fcnne und leichte Series\u00a011 l\u00e4sst sich rund um die Uhr angenehm tragen \u2013 beim Trainieren und selbst wenn du schl\u00e4fst. Damit kann sie helfen, deine Vital\u00adzeichen zu tracken.<\/li>\n<li>MEHR POWER F\u00dcR DEINE FITNESS \u2013 Mit fortschrittlichen Messwerten f\u00fcr alle deine Workouts plus Features wie Pacer, Herzfrequenz-Zonen, Trainingsbelastung und mehr. Und mit der Series\u00a011 bekommst du drei Monate Apple Fitness+ kostenlos<\/li>\n<li>EIN ECHTER BOOST F\u00dcR DIE BATTERIE \u2013 Mit bis zu 24\u00a0Stunden bei normaler Nutzung. Und Schnellladen f\u00fcr bis zu 8\u00a0Stunden bei normaler Nutzung in nur 15\u00a0Minuten.<\/li>\n<li>GEBAUT, UM ZU HALTEN \u2013 Mit einem Display aus superrobustem Glas, das 2x kratzfester ist als bei der Series\u00a010. Die Series\u00a011 ist auch wassergesch\u00fctzt bis 50\u00a0Meter und staubgesch\u00fctzt nach IP6X.<\/li>\n<li>SICHERHEITSFEATURES \u2013 Die Series\u00a011 kann erkennen, ob du schwer gest\u00fcrzt bist oder einen Autounfall hattest. Sie hilft dir automatisch,\u00a0einen Notdienst zu kontaktieren und benachrichtigt deine Notfallkontakte. Wegbegleitung kann automatisch jemanden benachrichtigen, wenn du an deinem Ziel angekommen bist.<\/li>\n<li>BLEIB IN VERBINDUNG \u2013 Sende eine Textnachricht, nimm einen Anruf an, h\u00f6r Musik, verwende Siri und erhalte Mitteilungen. Die Series\u00a011 (GPS) funktioniert mit deinem iPhone und im WLAN, damit du in Verbindung bleibst.<\/li>\n<\/ul>\n<\/div>\n<\/div>\n<div class=\"transparent_2 in-the-box-p\">\n<div class=\"metafieldLabel collapseTheTd2\">Lieferumfang<\/div>\n<div class=\"collapseTheTd2 overviewVal\">Geh\u00e4use<br \/>\nBand<br \/>\nUSB-C Magnetisches Ladekabel (1 m)<\/div>\n<\/div>\n<div class=\"transparent_2\">\n<div class=\"metafieldLabel\">Garantie<\/div>\n<div class=\"collapseTheTd1\">\n<div class=\"transparent_1\">\n<div class=\"metafieldLabel2\">Herstellergarantie auf Arbeit<\/div>\n<div class=\"metafieldLabel3\">Auf ein (1) Jahr beschr\u00e4nkte Apple-Garantie<\/div>\n<\/div>\n<div class=\"transparent_1\">\n<div class=\"metafieldLabel2\">Herstellergarantie auf Hardware<\/div>\n<div class=\"metafieldLabel3\">Auf ein (1) Jahr beschr\u00e4nkte Apple-Garantie<\/div>\n<\/div>\n<\/div>\n<\/div>\n","protected":false},"excerpt":{"rendered":"<p>Aktive Ger\u00e4usch\u00adunterdr\u00fcckung, Adaptive Transparenz, Nach innen gerichtetes Mikrofon,<\/p>\n<p>Hauterkennungs\u00adsensor, Schutz vor Schwei\u00df und Wasser (IPX4):<\/p>\n","protected":false},"featured_media":274,"template":"","meta":[],"product_cat":[58],"product_tag":[],"class_list":{"0":"post-273","1":"product","2":"type-product","3":"status-publish","4":"has-post-thumbnail","6":"product_cat-it-und-elektronik","8":"first","9":"instock","10":"sale","11":"taxable","12":"shipping-taxable","13":"purchasable","14":"product-type-simple"},"_links":{"self":[{"href":"https:\/\/actionmall.act.at\/shop\/69\/wp-json\/wp\/v2\/product\/273"}],"collection":[{"href":"https:\/\/actionmall.act.at\/shop\/69\/wp-json\/wp\/v2\/product"}],"about":[{"href":"https:\/\/actionmall.act.at\/shop\/69\/wp-json\/wp\/v2\/types\/product"}],"wp:featuredmedia":[{"embeddable":true,"href":"https:\/\/actionmall.act.at\/shop\/69\/wp-json\/wp\/v2\/media\/274"}],"wp:attachment":[{"href":"https:\/\/actionmall.act.at\/shop\/69\/wp-json\/wp\/v2\/media?parent=273"}],"wp:term":[{"taxonomy":"product_cat","embeddable":true,"href":"https:\/\/actionmall.act.at\/shop\/69\/wp-json\/wp\/v2\/product_cat?post=273"},{"taxonomy":"product_tag","embeddable":true,"href":"https:\/\/actionmall.act.at\/shop\/69\/wp-json\/wp\/v2\/product_tag?post=273"}],"curies":[{"name":"wp","href":"https:\/\/api.w.org\/{rel}","templated":true}]}}