{"id":260,"date":"2025-10-13T14:55:16","date_gmt":"2025-10-13T12:55:16","guid":{"rendered":"https:\/\/actionmall.act.at\/shop\/714\/?post_type=product&#038;p=260"},"modified":"2026-03-02T15:26:39","modified_gmt":"2026-03-02T14:26:39","slug":"white-bull","status":"publish","type":"product","link":"https:\/\/actionmall.act.at\/shop\/714\/en\/produkt\/white-bull\/","title":{"rendered":"White Bull"},"content":{"rendered":"<p>White Bull ist ein kohlens\u00e4urehaltiges Erfrischungsgetr\u00e4nk auf Molkebasis. Mit nat\u00fcrlichem Kakaogeschmack!<\/p>\n","protected":false},"excerpt":{"rendered":"<p>White Bull ist ein kohlens\u00e4urehaltiges Erfrischungsgetr\u00e4nk auf Molkebasis. Mit nat\u00fcrlichem Kakaogeschmack!<\/p>\n","protected":false},"featured_media":261,"template":"","meta":[],"product_cat":[34,43,44,45,46,47],"product_tag":[],"class_list":{"0":"post-260","1":"product","2":"type-product","3":"status-publish","4":"has-post-thumbnail","6":"product_cat-autos-und-fahrzeuge","7":"product_cat-unterhaltung-freizeit-und-kultur","8":"product_cat-essen-und-trinken","9":"product_cat-sport-veranstaltungen-hobbies","10":"product_cat-gesundheit-und-wellness","11":"product_cat-buero-und-bueroeinrichtung","13":"first","14":"instock","15":"taxable","16":"shipping-taxable","17":"purchasable","18":"product-type-simple"},"_links":{"self":[{"href":"https:\/\/actionmall.act.at\/shop\/714\/en\/wp-json\/wp\/v2\/product\/260"}],"collection":[{"href":"https:\/\/actionmall.act.at\/shop\/714\/en\/wp-json\/wp\/v2\/product"}],"about":[{"href":"https:\/\/actionmall.act.at\/shop\/714\/en\/wp-json\/wp\/v2\/types\/product"}],"wp:featuredmedia":[{"embeddable":true,"href":"https:\/\/actionmall.act.at\/shop\/714\/en\/wp-json\/wp\/v2\/media\/261"}],"wp:attachment":[{"href":"https:\/\/actionmall.act.at\/shop\/714\/en\/wp-json\/wp\/v2\/media?parent=260"}],"wp:term":[{"taxonomy":"product_cat","embeddable":true,"href":"https:\/\/actionmall.act.at\/shop\/714\/en\/wp-json\/wp\/v2\/product_cat?post=260"},{"taxonomy":"product_tag","embeddable":true,"href":"https:\/\/actionmall.act.at\/shop\/714\/en\/wp-json\/wp\/v2\/product_tag?post=260"}],"curies":[{"name":"wp","href":"https:\/\/api.w.org\/{rel}","templated":true}]}}