{"id":268,"date":"2025-11-10T15:22:55","date_gmt":"2025-11-10T14:22:55","guid":{"rendered":"https:\/\/actionmall.act.at\/shop\/714\/?post_type=product&#038;p=268"},"modified":"2026-03-02T15:28:51","modified_gmt":"2026-03-02T14:28:51","slug":"mostviertler","status":"publish","type":"product","link":"https:\/\/actionmall.act.at\/shop\/714\/en\/produkt\/mostviertler\/","title":{"rendered":"Mostviertler"},"content":{"rendered":"<p>Ein geschmeidiger Schnittk\u00e4se, der in Mostlake gelegt wird. Den k\u00f6stlichen Geschmack entwickelt der K\u00e4se durch eine spezielle R\u00e4ucherung.<\/p>\n<p>This cheese is a semi-hard cheese, which is marinated in cider-brine. A specific smoking process gives the cheese its delicous flavour.<\/p>\n","protected":false},"excerpt":{"rendered":"<p>K\u00e4se<\/p>\n","protected":false},"featured_media":269,"template":"","meta":[],"product_cat":[44,45,46,47],"product_tag":[],"class_list":{"0":"post-268","1":"product","2":"type-product","3":"status-publish","4":"has-post-thumbnail","6":"product_cat-essen-und-trinken","7":"product_cat-sport-veranstaltungen-hobbies","8":"product_cat-gesundheit-und-wellness","9":"product_cat-buero-und-bueroeinrichtung","11":"first","12":"instock","13":"taxable","14":"shipping-taxable","15":"purchasable","16":"product-type-simple"},"_links":{"self":[{"href":"https:\/\/actionmall.act.at\/shop\/714\/en\/wp-json\/wp\/v2\/product\/268"}],"collection":[{"href":"https:\/\/actionmall.act.at\/shop\/714\/en\/wp-json\/wp\/v2\/product"}],"about":[{"href":"https:\/\/actionmall.act.at\/shop\/714\/en\/wp-json\/wp\/v2\/types\/product"}],"wp:featuredmedia":[{"embeddable":true,"href":"https:\/\/actionmall.act.at\/shop\/714\/en\/wp-json\/wp\/v2\/media\/269"}],"wp:attachment":[{"href":"https:\/\/actionmall.act.at\/shop\/714\/en\/wp-json\/wp\/v2\/media?parent=268"}],"wp:term":[{"taxonomy":"product_cat","embeddable":true,"href":"https:\/\/actionmall.act.at\/shop\/714\/en\/wp-json\/wp\/v2\/product_cat?post=268"},{"taxonomy":"product_tag","embeddable":true,"href":"https:\/\/actionmall.act.at\/shop\/714\/en\/wp-json\/wp\/v2\/product_tag?post=268"}],"curies":[{"name":"wp","href":"https:\/\/api.w.org\/{rel}","templated":true}]}}