{"id":270,"date":"2025-11-10T15:52:29","date_gmt":"2025-11-10T14:52:29","guid":{"rendered":"https:\/\/actionmall.act.at\/shop\/714\/?post_type=product&#038;p=270"},"modified":"2025-11-10T15:52:29","modified_gmt":"2025-11-10T14:52:29","slug":"aronia-schmankerl","status":"publish","type":"product","link":"https:\/\/actionmall.act.at\/shop\/714\/en\/produkt\/aronia-schmankerl\/","title":{"rendered":"Aronia-Schmankerl"},"content":{"rendered":"<p>Ein Bissen, und der Winter schmeckt nach purem Genuss:<\/p>\n<p>Unser handgefertigter Lebkuchen mit Aronia-Gelee vereint den aromatisch-w\u00fcrzigen Geschmack feinster Lebkuchengew\u00fcrze mit der fruchtigen Intensit\u00e4t von heimischer Aroniabeere. \u00dcberzogen mit einem kunstvollen Drizzle aus edler Zartbitterschokolade, entsteht ein harmonisches Spiel aus S\u00fc\u00dfe, W\u00fcrze und feiner Bitternote.<\/p>\n<p>Saftig, duftend und mit Liebe gebacken \u2013 ein besonderes St\u00fcck Handwerkskunst, das Tradition und Moderne in perfektem Gleichklang verbindet.<\/p>\n<p>Perfekt zum Verschenken, Genie\u00dfen oder als s\u00fc\u00dfer Moment f\u00fcr dich selbst.<\/p>\n","protected":false},"excerpt":{"rendered":"<p>Lebkuchen mit Aronia-Gele und einer d\u00fcnnen Schokoladen Glasur<\/p>\n","protected":false},"featured_media":271,"template":"","meta":[],"product_cat":[],"product_tag":[],"class_list":{"0":"post-270","1":"product","2":"type-product","3":"status-publish","4":"has-post-thumbnail","7":"first","8":"instock","9":"taxable","10":"shipping-taxable","11":"purchasable","12":"product-type-simple"},"_links":{"self":[{"href":"https:\/\/actionmall.act.at\/shop\/714\/en\/wp-json\/wp\/v2\/product\/270"}],"collection":[{"href":"https:\/\/actionmall.act.at\/shop\/714\/en\/wp-json\/wp\/v2\/product"}],"about":[{"href":"https:\/\/actionmall.act.at\/shop\/714\/en\/wp-json\/wp\/v2\/types\/product"}],"wp:featuredmedia":[{"embeddable":true,"href":"https:\/\/actionmall.act.at\/shop\/714\/en\/wp-json\/wp\/v2\/media\/271"}],"wp:attachment":[{"href":"https:\/\/actionmall.act.at\/shop\/714\/en\/wp-json\/wp\/v2\/media?parent=270"}],"wp:term":[{"taxonomy":"product_cat","embeddable":true,"href":"https:\/\/actionmall.act.at\/shop\/714\/en\/wp-json\/wp\/v2\/product_cat?post=270"},{"taxonomy":"product_tag","embeddable":true,"href":"https:\/\/actionmall.act.at\/shop\/714\/en\/wp-json\/wp\/v2\/product_tag?post=270"}],"curies":[{"name":"wp","href":"https:\/\/api.w.org\/{rel}","templated":true}]}}