{"id":251,"date":"2025-10-01T14:00:10","date_gmt":"2025-10-01T12:00:10","guid":{"rendered":"https:\/\/actionmall.act.at\/shop\/756\/?post_type=product&#038;p=251"},"modified":"2026-04-29T14:52:39","modified_gmt":"2026-04-29T12:52:39","slug":"blaufraenkischbodigraben","status":"publish","type":"product","link":"https:\/\/actionmall.act.at\/shop\/756\/produkt\/blaufraenkischbodigraben\/","title":{"rendered":"Blaufr\u00e4nkischbodigraben"},"content":{"rendered":"<p>kr\u00e4ftiges Rubin; in der Nase fruchtig w\u00fcrzige Aromen, florale Noten, Cassis und Brombeeren, zarter Edelholztouch, saftige reife Herzkirschen, extraktreich, frische S\u00e4ure, balanciert tiegfr\u00fcndiger Charakter, feiner, langer Abgang. 14,0% Alk.<\/p>\n","protected":false},"excerpt":{"rendered":"<p>kr\u00e4ftiges Rubin; in der Nase fruchtig w\u00fcrzige Aromen, florale Noten, Cassis und Brombeeren, zarter Edelholztouch, saftige reife Herzkirschen, extraktreich, frische S\u00e4ure, balanciert tiegfr\u00fcndiger Charakter, feiner, langer Abgang. 14,0% Alk.<\/p>\n","protected":false},"featured_media":302,"template":"","meta":[],"product_cat":[44],"product_tag":[],"class_list":{"0":"post-251","1":"product","2":"type-product","3":"status-publish","4":"has-post-thumbnail","6":"product_cat-essen-und-trinken","8":"first","9":"instock","10":"sale","11":"taxable","12":"shipping-taxable","13":"purchasable","14":"product-type-simple"},"_links":{"self":[{"href":"https:\/\/actionmall.act.at\/shop\/756\/wp-json\/wp\/v2\/product\/251"}],"collection":[{"href":"https:\/\/actionmall.act.at\/shop\/756\/wp-json\/wp\/v2\/product"}],"about":[{"href":"https:\/\/actionmall.act.at\/shop\/756\/wp-json\/wp\/v2\/types\/product"}],"wp:featuredmedia":[{"embeddable":true,"href":"https:\/\/actionmall.act.at\/shop\/756\/wp-json\/wp\/v2\/media\/302"}],"wp:attachment":[{"href":"https:\/\/actionmall.act.at\/shop\/756\/wp-json\/wp\/v2\/media?parent=251"}],"wp:term":[{"taxonomy":"product_cat","embeddable":true,"href":"https:\/\/actionmall.act.at\/shop\/756\/wp-json\/wp\/v2\/product_cat?post=251"},{"taxonomy":"product_tag","embeddable":true,"href":"https:\/\/actionmall.act.at\/shop\/756\/wp-json\/wp\/v2\/product_tag?post=251"}],"curies":[{"name":"wp","href":"https:\/\/api.w.org\/{rel}","templated":true}]}}