{"id":256,"date":"2025-10-01T13:11:15","date_gmt":"2025-10-01T11:11:15","guid":{"rendered":"https:\/\/actionmall.act.at\/shop\/756\/?post_type=product&#038;p=256"},"modified":"2025-10-01T14:14:10","modified_gmt":"2025-10-01T12:14:10","slug":"cuvee-morandus","status":"publish","type":"product","link":"https:\/\/actionmall.act.at\/shop\/756\/produkt\/cuvee-morandus\/","title":{"rendered":"Cuve\u00e9 Morandus"},"content":{"rendered":"<p>kr\u00e4ftiges Rubin mit violetten Reflexen; in der Nase Zwetschken, schwarze Beeren, mineralische Nuancen, Edelholzw\u00fcrze, zimtig; 14,5% Alk.<\/p>\n<p>&nbsp;<\/p>\n","protected":false},"excerpt":{"rendered":"<p>kr\u00e4ftiges Rubin mit violetten Reflexen; in der Nase Zwetschken, schwarze Beeren, mineralische Nuancen, Edelholzw\u00fcrze, zimtig; 14,5% Alk. &nbsp;<\/p>\n","protected":false},"featured_media":257,"template":"","meta":[],"product_cat":[],"product_tag":[],"class_list":{"0":"post-256","1":"product","2":"type-product","3":"status-publish","4":"has-post-thumbnail","7":"first","8":"instock","9":"taxable","10":"shipping-taxable","11":"purchasable","12":"product-type-simple"},"_links":{"self":[{"href":"https:\/\/actionmall.act.at\/shop\/756\/wp-json\/wp\/v2\/product\/256"}],"collection":[{"href":"https:\/\/actionmall.act.at\/shop\/756\/wp-json\/wp\/v2\/product"}],"about":[{"href":"https:\/\/actionmall.act.at\/shop\/756\/wp-json\/wp\/v2\/types\/product"}],"wp:featuredmedia":[{"embeddable":true,"href":"https:\/\/actionmall.act.at\/shop\/756\/wp-json\/wp\/v2\/media\/257"}],"wp:attachment":[{"href":"https:\/\/actionmall.act.at\/shop\/756\/wp-json\/wp\/v2\/media?parent=256"}],"wp:term":[{"taxonomy":"product_cat","embeddable":true,"href":"https:\/\/actionmall.act.at\/shop\/756\/wp-json\/wp\/v2\/product_cat?post=256"},{"taxonomy":"product_tag","embeddable":true,"href":"https:\/\/actionmall.act.at\/shop\/756\/wp-json\/wp\/v2\/product_tag?post=256"}],"curies":[{"name":"wp","href":"https:\/\/api.w.org\/{rel}","templated":true}]}}