{"id":266,"date":"2025-10-01T13:29:53","date_gmt":"2025-10-01T11:29:53","guid":{"rendered":"https:\/\/actionmall.act.at\/shop\/756\/?post_type=product&#038;p=266"},"modified":"2025-10-01T14:10:32","modified_gmt":"2025-10-01T12:10:32","slug":"blaufraenkisch-rose-frizzante","status":"publish","type":"product","link":"https:\/\/actionmall.act.at\/shop\/756\/produkt\/blaufraenkisch-rose-frizzante\/","title":{"rendered":"Blaufr\u00e4nkisch Ros\u00e9 Frizzante"},"content":{"rendered":"<p>Ausgangswein ist immer ein Blaufr\u00e4nkisch Ros\u00e9, der nach zwei bis drei st\u00fcndiger Maischestandzeit durch Saftentzug gewonnen wird. Der Wein wird durch zugesetzte Kohlens\u00e4ure zu Perlwein oder ist auch still als Ros\u00e9 erh\u00e4ltlich. 12% Alk.<\/p>\n","protected":false},"excerpt":{"rendered":"<p>Ausgangswein ist immer ein Blaufr\u00e4nkisch Ros\u00e9, der nach zwei bis drei st\u00fcndiger Maischestandzeit durch Saftentzug gewonnen wird. Der Wein wird durch zugesetzte Kohlens\u00e4ure zu Perlwein oder ist auch still als Ros\u00e9 erh\u00e4ltlich. 12% Alk.<\/p>\n","protected":false},"featured_media":278,"template":"","meta":[],"product_cat":[],"product_tag":[],"class_list":{"0":"post-266","1":"product","2":"type-product","3":"status-publish","4":"has-post-thumbnail","7":"first","8":"instock","9":"taxable","10":"shipping-taxable","11":"purchasable","12":"product-type-simple"},"_links":{"self":[{"href":"https:\/\/actionmall.act.at\/shop\/756\/wp-json\/wp\/v2\/product\/266"}],"collection":[{"href":"https:\/\/actionmall.act.at\/shop\/756\/wp-json\/wp\/v2\/product"}],"about":[{"href":"https:\/\/actionmall.act.at\/shop\/756\/wp-json\/wp\/v2\/types\/product"}],"wp:featuredmedia":[{"embeddable":true,"href":"https:\/\/actionmall.act.at\/shop\/756\/wp-json\/wp\/v2\/media\/278"}],"wp:attachment":[{"href":"https:\/\/actionmall.act.at\/shop\/756\/wp-json\/wp\/v2\/media?parent=266"}],"wp:term":[{"taxonomy":"product_cat","embeddable":true,"href":"https:\/\/actionmall.act.at\/shop\/756\/wp-json\/wp\/v2\/product_cat?post=266"},{"taxonomy":"product_tag","embeddable":true,"href":"https:\/\/actionmall.act.at\/shop\/756\/wp-json\/wp\/v2\/product_tag?post=266"}],"curies":[{"name":"wp","href":"https:\/\/api.w.org\/{rel}","templated":true}]}}