{"id":269,"date":"2025-10-01T13:39:53","date_gmt":"2025-10-01T11:39:53","guid":{"rendered":"https:\/\/actionmall.act.at\/shop\/756\/?post_type=product&#038;p=269"},"modified":"2025-10-01T14:15:12","modified_gmt":"2025-10-01T12:15:12","slug":"blaufraenkisch-dac-hochaecker","status":"publish","type":"product","link":"https:\/\/actionmall.act.at\/shop\/756\/produkt\/blaufraenkisch-dac-hochaecker\/","title":{"rendered":"Blaufr\u00e4nkisch DAC Hoch\u00e4cker"},"content":{"rendered":"<p>Wein aus der Toplage Hoch\u00e4cker Horitschon, dunkles Rubinrot, fein, fruchtige Nase, saftiger K\u00f6per, dicht, harmonisch am Gaumen, w\u00fcrzig, langer, gerbstoffbetonter Nachhall. 13% Alk.<\/p>\n","protected":false},"excerpt":{"rendered":"<p>Wein aus der Toplage Hoch\u00e4cker Horitschon, dunkles Rubinrot, fein, fruchtige Nase, saftiger K\u00f6per, dicht, harmonisch am Gaumen, w\u00fcrzig, langer, gerbstoffbetonter Nachhall. 13% Alk.<\/p>\n","protected":false},"featured_media":274,"template":"","meta":[],"product_cat":[],"product_tag":[],"class_list":{"0":"post-269","1":"product","2":"type-product","3":"status-publish","4":"has-post-thumbnail","7":"first","8":"instock","9":"taxable","10":"shipping-taxable","11":"purchasable","12":"product-type-simple"},"_links":{"self":[{"href":"https:\/\/actionmall.act.at\/shop\/756\/wp-json\/wp\/v2\/product\/269"}],"collection":[{"href":"https:\/\/actionmall.act.at\/shop\/756\/wp-json\/wp\/v2\/product"}],"about":[{"href":"https:\/\/actionmall.act.at\/shop\/756\/wp-json\/wp\/v2\/types\/product"}],"wp:featuredmedia":[{"embeddable":true,"href":"https:\/\/actionmall.act.at\/shop\/756\/wp-json\/wp\/v2\/media\/274"}],"wp:attachment":[{"href":"https:\/\/actionmall.act.at\/shop\/756\/wp-json\/wp\/v2\/media?parent=269"}],"wp:term":[{"taxonomy":"product_cat","embeddable":true,"href":"https:\/\/actionmall.act.at\/shop\/756\/wp-json\/wp\/v2\/product_cat?post=269"},{"taxonomy":"product_tag","embeddable":true,"href":"https:\/\/actionmall.act.at\/shop\/756\/wp-json\/wp\/v2\/product_tag?post=269"}],"curies":[{"name":"wp","href":"https:\/\/api.w.org\/{rel}","templated":true}]}}