{"id":260,"date":"2026-05-13T09:43:24","date_gmt":"2026-05-13T07:43:24","guid":{"rendered":"https:\/\/actionmall.act.at\/shop\/784\/en\/?post_type=product&#038;p=260"},"modified":"2026-05-13T10:15:54","modified_gmt":"2026-05-13T08:15:54","slug":"bio-meal-prep","status":"publish","type":"product","link":"https:\/\/actionmall.act.at\/shop\/784\/en\/produkt\/bio-meal-prep\/","title":{"rendered":"Bio Meal &#8211; Prep Quinoa"},"content":{"rendered":"<p><img loading=\"lazy\" decoding=\"async\" class=\"\" src=\"https:\/\/penapps.blob.core.windows.net\/prod\/Marketplace\/enterprises\/at010000784\/products\/cd4a0401_1e96_488a_93ab_f7131f37e754\/images\/004dcb5e_09c2_4609_8bc9_b8b6b39774cf\" width=\"97\" height=\"121\" \/><\/p>\n<p>Frisch. Bio. S\u00e4ttigend.<\/p>\n<p>Unser Mealprepglas kombiniert knackiges Gem\u00fcse, hochwertige Proteine und eine gesunde Basis f\u00fcr eine schnelle Mahlzeit f\u00fcr Uni, Arbeit oder unterwegs. Regional inspiriert, nachhaltig im Pfandglas und perfekt f\u00fcr alle, die gesund essen wollen \u2013 ohne zu viel zu zahlen.<\/p>\n","protected":false},"excerpt":{"rendered":"<p>Frisch. Bio. S\u00e4ttigend. Unser Mealprepglas kombiniert knackiges Gem\u00fcse, hochwertige Proteine und eine gesunde Basis f\u00fcr eine schnelle Mahlzeit f\u00fcr Uni, Arbeit oder unterwegs. Regional inspiriert, nachhaltig im Pfandglas und perfekt f\u00fcr alle, die gesund essen wollen \u2013 ohne zu viel zu zahlen.<\/p>\n","protected":false},"featured_media":263,"template":"","meta":[],"product_cat":[44],"product_tag":[],"class_list":{"0":"post-260","1":"product","2":"type-product","3":"status-publish","4":"has-post-thumbnail","6":"product_cat-essen-und-trinken","8":"first","9":"instock","10":"taxable","11":"shipping-taxable","12":"purchasable","13":"product-type-simple"},"_links":{"self":[{"href":"https:\/\/actionmall.act.at\/shop\/784\/en\/wp-json\/wp\/v2\/product\/260"}],"collection":[{"href":"https:\/\/actionmall.act.at\/shop\/784\/en\/wp-json\/wp\/v2\/product"}],"about":[{"href":"https:\/\/actionmall.act.at\/shop\/784\/en\/wp-json\/wp\/v2\/types\/product"}],"wp:featuredmedia":[{"embeddable":true,"href":"https:\/\/actionmall.act.at\/shop\/784\/en\/wp-json\/wp\/v2\/media\/263"}],"wp:attachment":[{"href":"https:\/\/actionmall.act.at\/shop\/784\/en\/wp-json\/wp\/v2\/media?parent=260"}],"wp:term":[{"taxonomy":"product_cat","embeddable":true,"href":"https:\/\/actionmall.act.at\/shop\/784\/en\/wp-json\/wp\/v2\/product_cat?post=260"},{"taxonomy":"product_tag","embeddable":true,"href":"https:\/\/actionmall.act.at\/shop\/784\/en\/wp-json\/wp\/v2\/product_tag?post=260"}],"curies":[{"name":"wp","href":"https:\/\/api.w.org\/{rel}","templated":true}]}}