{"id":261,"date":"2026-05-13T09:49:40","date_gmt":"2026-05-13T07:49:40","guid":{"rendered":"https:\/\/actionmall.act.at\/shop\/784\/en\/?post_type=product&#038;p=261"},"modified":"2026-05-13T10:02:47","modified_gmt":"2026-05-13T08:02:47","slug":"bio-protein-bar-matcha-kiss","status":"publish","type":"product","link":"https:\/\/actionmall.act.at\/shop\/784\/en\/produkt\/bio-protein-bar-matcha-kiss\/","title":{"rendered":"Bio Protein Bar &#8211; Matcha Kiss"},"content":{"rendered":"<p>&nbsp;<\/p>\n<p><img loading=\"lazy\" decoding=\"async\" class=\"alignnone \" src=\"https:\/\/penapps.blob.core.windows.net\/prod\/Marketplace\/enterprises\/at010000784\/products\/05a12eb6_a2ff_41bb_89c2_073fbc9a2dac\/images\/064d1e9a_9fd3_4859_8aae_98f007ee1c3b\" width=\"62\" height=\"165\" \/><\/p>\n<p>Die Bio4U Bio Protein Riegel sind der perfekte Snack f\u00fcr einen energiegeladenen Schul- oder Arbeitstag. Hergestellt aus hochwertigen Bio-Zutaten liefern sie nat\u00fcrliche Proteine, langanhaltende Energie und vollen Geschmack, ganz ohne unn\u00f6tige Zusatzstoffe. Nachhaltig produziert, modern gedacht und ideal f\u00fcr unterwegs, Lernen oder nach dem Sport. Clean, lecker und gemacht f\u00fcr jeden Tag.<\/p>\n","protected":false},"excerpt":{"rendered":"<p>&nbsp; Die Bio4U Bio Protein Riegel sind der perfekte Snack f\u00fcr einen energiegeladenen Schul- oder Arbeitstag. Hergestellt aus hochwertigen Bio-Zutaten liefern sie nat\u00fcrliche Proteine, langanhaltende Energie und vollen Geschmack, ganz ohne unn\u00f6tige Zusatzstoffe. Nachhaltig produziert, modern gedacht und ideal f\u00fcr unterwegs, Lernen oder nach dem Sport. Clean, lecker und gemacht f\u00fcr jeden Tag.<\/p>\n","protected":false},"featured_media":262,"template":"","meta":[],"product_cat":[44],"product_tag":[],"class_list":{"0":"post-261","1":"product","2":"type-product","3":"status-publish","4":"has-post-thumbnail","6":"product_cat-essen-und-trinken","8":"first","9":"instock","10":"taxable","11":"shipping-taxable","12":"purchasable","13":"product-type-simple"},"_links":{"self":[{"href":"https:\/\/actionmall.act.at\/shop\/784\/en\/wp-json\/wp\/v2\/product\/261"}],"collection":[{"href":"https:\/\/actionmall.act.at\/shop\/784\/en\/wp-json\/wp\/v2\/product"}],"about":[{"href":"https:\/\/actionmall.act.at\/shop\/784\/en\/wp-json\/wp\/v2\/types\/product"}],"wp:featuredmedia":[{"embeddable":true,"href":"https:\/\/actionmall.act.at\/shop\/784\/en\/wp-json\/wp\/v2\/media\/262"}],"wp:attachment":[{"href":"https:\/\/actionmall.act.at\/shop\/784\/en\/wp-json\/wp\/v2\/media?parent=261"}],"wp:term":[{"taxonomy":"product_cat","embeddable":true,"href":"https:\/\/actionmall.act.at\/shop\/784\/en\/wp-json\/wp\/v2\/product_cat?post=261"},{"taxonomy":"product_tag","embeddable":true,"href":"https:\/\/actionmall.act.at\/shop\/784\/en\/wp-json\/wp\/v2\/product_tag?post=261"}],"curies":[{"name":"wp","href":"https:\/\/api.w.org\/{rel}","templated":true}]}}