{"id":267,"date":"2026-05-13T10:02:35","date_gmt":"2026-05-13T08:02:35","guid":{"rendered":"https:\/\/actionmall.act.at\/shop\/784\/en\/?post_type=product&#038;p=267"},"modified":"2026-05-13T10:27:37","modified_gmt":"2026-05-13T08:27:37","slug":"bio-meal-prep-reis","status":"publish","type":"product","link":"https:\/\/actionmall.act.at\/shop\/784\/en\/produkt\/bio-meal-prep-reis\/","title":{"rendered":"Bio Meal &#8211; Prep Reis"},"content":{"rendered":"<p>Frisch. Bio. S\u00e4ttigend.\u00a0<br data-start=\"26\" data-end=\"29\" \/>Unser Mealprepglas kombiniert knackiges Gem\u00fcse, hochwertige Proteine und eine gesunde Base zu einer schnellen Mahlzeit f\u00fcr Uni, Arbeit oder unterwegs. Regional inspiriert, nachhaltig im Pfandglas und perfekt f\u00fcr alle, die gesund essen wollen \u2013 ohne zu viel zu zahlen.<\/p>\n","protected":false},"excerpt":{"rendered":"<p>Frisch. Bio. S\u00e4ttigend.\u00a0<br data-start=\"26\" data-end=\"29\" \/>Unser Mealprepglas kombiniert knackiges Gem\u00fcse, hochwertige Proteine und eine gesunde Base zu einer schnellen Mahlzeit f\u00fcr Uni, Arbeit oder unterwegs. Regional inspiriert, nachhaltig im Pfandglas und perfekt f\u00fcr alle, die gesund essen wollen \u2013 ohne zu viel zu zahlen.<\/p>\n","protected":false},"featured_media":269,"template":"","meta":[],"product_cat":[44],"product_tag":[],"class_list":{"0":"post-267","1":"product","2":"type-product","3":"status-publish","4":"has-post-thumbnail","6":"product_cat-essen-und-trinken","8":"first","9":"instock","10":"taxable","11":"shipping-taxable","12":"purchasable","13":"product-type-simple"},"_links":{"self":[{"href":"https:\/\/actionmall.act.at\/shop\/784\/en\/wp-json\/wp\/v2\/product\/267"}],"collection":[{"href":"https:\/\/actionmall.act.at\/shop\/784\/en\/wp-json\/wp\/v2\/product"}],"about":[{"href":"https:\/\/actionmall.act.at\/shop\/784\/en\/wp-json\/wp\/v2\/types\/product"}],"wp:featuredmedia":[{"embeddable":true,"href":"https:\/\/actionmall.act.at\/shop\/784\/en\/wp-json\/wp\/v2\/media\/269"}],"wp:attachment":[{"href":"https:\/\/actionmall.act.at\/shop\/784\/en\/wp-json\/wp\/v2\/media?parent=267"}],"wp:term":[{"taxonomy":"product_cat","embeddable":true,"href":"https:\/\/actionmall.act.at\/shop\/784\/en\/wp-json\/wp\/v2\/product_cat?post=267"},{"taxonomy":"product_tag","embeddable":true,"href":"https:\/\/actionmall.act.at\/shop\/784\/en\/wp-json\/wp\/v2\/product_tag?post=267"}],"curies":[{"name":"wp","href":"https:\/\/api.w.org\/{rel}","templated":true}]}}