{"id":270,"date":"2026-05-13T10:11:01","date_gmt":"2026-05-13T08:11:01","guid":{"rendered":"https:\/\/actionmall.act.at\/shop\/784\/en\/?post_type=product&#038;p=270"},"modified":"2026-05-13T10:11:01","modified_gmt":"2026-05-13T08:11:01","slug":"bio-protein-bar-berry-blush","status":"publish","type":"product","link":"https:\/\/actionmall.act.at\/shop\/784\/en\/produkt\/bio-protein-bar-berry-blush\/","title":{"rendered":"Bio Protein Bar &#8211; Berry Blush"},"content":{"rendered":"<p>Die Bio4U Riegel sind der perfekte Snack f\u00fcr einen energiegeladenen Schulalltag. Hergestellt aus hochwertigen Bio-Zutaten liefern sie nat\u00fcrliche Proteine, langanhaltende Energie und vollen Geschmack \u2013 ganz ohne unn\u00f6tige Zusatzstoffe. Nachhaltig produziert, modern gedacht und ideal f\u00fcr unterwegs, Lernen oder nach dem Sport. Clean, lecker und gemacht f\u00fcr jeden Tag.<\/p>\n","protected":false},"excerpt":{"rendered":"<p>Die Bio4U Riegel sind der perfekte Snack f\u00fcr einen energiegeladenen Schulalltag. Hergestellt aus hochwertigen Bio-Zutaten liefern sie nat\u00fcrliche Proteine, langanhaltende Energie und vollen Geschmack \u2013 ganz ohne unn\u00f6tige Zusatzstoffe. Nachhaltig produziert, modern gedacht und ideal f\u00fcr unterwegs, Lernen oder nach dem Sport. Clean, lecker und gemacht f\u00fcr jeden Tag.<\/p>\n","protected":false},"featured_media":271,"template":"","meta":[],"product_cat":[44],"product_tag":[],"class_list":{"0":"post-270","1":"product","2":"type-product","3":"status-publish","4":"has-post-thumbnail","6":"product_cat-essen-und-trinken","8":"first","9":"instock","10":"taxable","11":"shipping-taxable","12":"purchasable","13":"product-type-simple"},"_links":{"self":[{"href":"https:\/\/actionmall.act.at\/shop\/784\/en\/wp-json\/wp\/v2\/product\/270"}],"collection":[{"href":"https:\/\/actionmall.act.at\/shop\/784\/en\/wp-json\/wp\/v2\/product"}],"about":[{"href":"https:\/\/actionmall.act.at\/shop\/784\/en\/wp-json\/wp\/v2\/types\/product"}],"wp:featuredmedia":[{"embeddable":true,"href":"https:\/\/actionmall.act.at\/shop\/784\/en\/wp-json\/wp\/v2\/media\/271"}],"wp:attachment":[{"href":"https:\/\/actionmall.act.at\/shop\/784\/en\/wp-json\/wp\/v2\/media?parent=270"}],"wp:term":[{"taxonomy":"product_cat","embeddable":true,"href":"https:\/\/actionmall.act.at\/shop\/784\/en\/wp-json\/wp\/v2\/product_cat?post=270"},{"taxonomy":"product_tag","embeddable":true,"href":"https:\/\/actionmall.act.at\/shop\/784\/en\/wp-json\/wp\/v2\/product_tag?post=270"}],"curies":[{"name":"wp","href":"https:\/\/api.w.org\/{rel}","templated":true}]}}